{"id":87342,"date":"2025-07-30T19:13:40","date_gmt":"2025-07-30T19:13:40","guid":{"rendered":"https:\/\/brandss.com.py\/index\/?post_type=product&#038;p=87342"},"modified":"2026-04-22T17:23:37","modified_gmt":"2026-04-22T17:23:37","slug":"perfume-femenino-lattafa-atheeri-edp-100ml","status":"publish","type":"product","link":"https:\/\/brandss.com.py\/index\/producto\/perfume-femenino-lattafa-atheeri-edp-100ml\/","title":{"rendered":"PERFUME FEMENINO LATTAFA ATHEERI EDP 100ML"},"content":{"rendered":"<p><img loading=\"lazy\" decoding=\"async\" class=\"\" src=\"https:\/\/myscentjourney.s3.us-east-2.amazonaws.com\/2022\/02\/14\/29KIascent_j_marca_1644871114_202.png\" alt=\"MSJ::LATTAFA\" width=\"86\" height=\"102\" \/><\/p>\n<h1>ATHEERI<\/h1>\n<p>Atheeri es una oda a la feminidad y la gracia, ideal para la mujer moderna que busca una fragancia vers\u00e1til y encantadora. Su car\u00e1cter suave y radiante la convierte en la compa\u00f1era perfecta tanto para el d\u00eda como para la noche, especialmente en las estaciones de primavera y verano. Ya sea para un brunch soleado, una salida casual o una velada especial, Atheeri a\u00f1ade un toque de sofisticaci\u00f3n y dulzura a cada momento.<img loading=\"lazy\" decoding=\"async\" class=\"alignleft\" src=\"https:\/\/arabicparfums.com\/cdn\/shop\/files\/IMG-6791_jpg.webp?v=1745930014\" alt=\"Atheeri LATTAFA 100ml \u2014 Arabic Parfums\" width=\"466\" height=\"466\" \/><\/p>\n<p>Considerada por muchos como una alternativa accesible a la ic\u00f3nica Gucci Flora Gorgeous Gardenia, Atheeri comparte su esp\u00edritu floral dulce y cremoso con un sutil toque de vainilla. Disfruta de una fragancia de alta calidad a un precio excepcional, que te acompa\u00f1ar\u00e1 con una longevidad notable y una proyecci\u00f3n delicada y agradable. Descubre la magia de Lattafa Atheeri y deja que su aroma et\u00e9reo te envuelva en un aura de belleza y encanto.<\/p>\n<p>&nbsp;<\/p>\n<h3>Notas Olfativas<\/h3>\n<p>&nbsp;<\/p>\n<p>Atheeri es un Eau de Parfum que evoca la serenidad de un jard\u00edn iluminado por el sol. Esta delicada fragancia floral gourmand se abre con la frescura de la pasiflora y la gota de roc\u00edo, transport\u00e1ndote a un mundo de ensue\u00f1o y ligereza. En su coraz\u00f3n, la orqu\u00eddea, nota central de este perfume, ofrece una mezcla de dulzura cremosa, un toque especiado y una elegancia empolvada. El jazm\u00edn complementa esta nota con su aroma floral embriagador y dulcemente atractivo, intensificando el car\u00e1cter floral del coraz\u00f3n. La base de vainilla cremosa y madera de \u00e1mbar rica envuelve la piel en una calidez sensual y duradera.<\/p>\n<p><strong>Notas de salida:<\/strong> flor de pasionaria y Gota del roc\u00edo.<\/p>\n<p><strong>Notas de coraz\u00f3n:<\/strong> orqu\u00eddea y jazm\u00edn.<\/p>\n<p><strong>Notas de fondo:<\/strong> vainilla y Amberwood.<\/p>\n","protected":false},"excerpt":{"rendered":"<p>ATHEERI Atheeri es una oda a la feminidad y la gracia, ideal para la mujer moderna que busca una fragancia<\/p>\n","protected":false},"featured_media":87343,"comment_status":"open","ping_status":"closed","template":"","meta":{"nf_dc_page":""},"product_brand":[109],"product_cat":[84],"product_tag":[623],"class_list":{"0":"post-87342","1":"product","2":"type-product","3":"status-publish","4":"has-post-thumbnail","6":"product_brand-lattafa","7":"product_cat-perfumeria","8":"product_tag-623","10":"first","11":"instock","12":"sale","13":"shipping-taxable","14":"purchasable","15":"product-type-simple"},"_links":{"self":[{"href":"https:\/\/brandss.com.py\/index\/wp-json\/wp\/v2\/product\/87342","targetHints":{"allow":["GET"]}}],"collection":[{"href":"https:\/\/brandss.com.py\/index\/wp-json\/wp\/v2\/product"}],"about":[{"href":"https:\/\/brandss.com.py\/index\/wp-json\/wp\/v2\/types\/product"}],"replies":[{"embeddable":true,"href":"https:\/\/brandss.com.py\/index\/wp-json\/wp\/v2\/comments?post=87342"}],"version-history":[{"count":1,"href":"https:\/\/brandss.com.py\/index\/wp-json\/wp\/v2\/product\/87342\/revisions"}],"predecessor-version":[{"id":87349,"href":"https:\/\/brandss.com.py\/index\/wp-json\/wp\/v2\/product\/87342\/revisions\/87349"}],"wp:featuredmedia":[{"embeddable":true,"href":"https:\/\/brandss.com.py\/index\/wp-json\/wp\/v2\/media\/87343"}],"wp:attachment":[{"href":"https:\/\/brandss.com.py\/index\/wp-json\/wp\/v2\/media?parent=87342"}],"wp:term":[{"taxonomy":"product_brand","embeddable":true,"href":"https:\/\/brandss.com.py\/index\/wp-json\/wp\/v2\/product_brand?post=87342"},{"taxonomy":"product_cat","embeddable":true,"href":"https:\/\/brandss.com.py\/index\/wp-json\/wp\/v2\/product_cat?post=87342"},{"taxonomy":"product_tag","embeddable":true,"href":"https:\/\/brandss.com.py\/index\/wp-json\/wp\/v2\/product_tag?post=87342"}],"curies":[{"name":"wp","href":"https:\/\/api.w.org\/{rel}","templated":true}]}}