{"id":87364,"date":"2025-07-31T13:26:47","date_gmt":"2025-07-31T13:26:47","guid":{"rendered":"https:\/\/brandss.com.py\/index\/?post_type=product&#038;p=87364"},"modified":"2025-07-31T13:27:19","modified_gmt":"2025-07-31T13:27:19","slug":"perfume-unisex-dignite-smarty-edp-100ml","status":"publish","type":"product","link":"https:\/\/brandss.com.py\/index\/producto\/perfume-unisex-dignite-smarty-edp-100ml\/","title":{"rendered":"PERFUME UNISEX DIGNITE SMARTY EDP 100ML"},"content":{"rendered":"<h1>DIGNITE<strong><\/p>\n<p>SMARTY<\/strong><\/h1>\n<p>Es una fragancia que te sumerge en el lujoso abrazo de este elixir rojo, donde la elegancia del mundo floral se fusiona con la riqueza de la pasi\u00f3n. Deja que cada gota te recuerde que la belleza, como el aroma de una rosa, es atemporal y eterna. El Perfume Smarty Unisex es una fragancia floral que destaca por su exquisita durabilidad. Dise\u00f1ado para aquellos que aprecian la elegancia sin distinci\u00f3n de g\u00e9nero, este Eau de Parfum ofrece una experiencia arom\u00e1tica que perdura m\u00e1s de 8 horas. Su esencia evoca la atemporalidad de una rosa, con cada gota revelando una belleza cl\u00e1sica y refinada. Perfecto para quienes buscan un toque lujoso y sofisticado en su d\u00eda a d\u00eda.<\/p>\n<h3>Notas Olfativas<\/h3>\n<p>Dignite Smarty es una fragancia oriental c\u00e1lida que combina lavanda y bergamota con un coraz\u00f3n de jazm\u00edn y vainilla. La base de s\u00e1ndalo y haba tonka crea un final rico y sofisticado, ideal para quienes aprecian la profundidad y la complejidad.<\/p>\n<p><strong>Notas de salida:<\/strong> Lavanda, Bergamota.<\/p>\n<p><strong>Notas de coraz\u00f3n:<\/strong> Jazm\u00edn, Vainilla.<\/p>\n<p><strong>Notas de fondo:<\/strong> S\u00e1ndalo, Haba Tonka.<\/p>\n","protected":false},"excerpt":{"rendered":"<p>DIGNITE SMARTY Es una fragancia que te sumerge en el lujoso abrazo de este elixir rojo, donde la elegancia del<\/p>\n","protected":false},"featured_media":87365,"comment_status":"open","ping_status":"closed","template":"","meta":{"nf_dc_page":""},"product_brand":[],"product_cat":[84],"product_tag":[],"class_list":{"0":"post-87364","1":"product","2":"type-product","3":"status-publish","4":"has-post-thumbnail","6":"product_cat-perfumeria","8":"first","9":"instock","10":"shipping-taxable","11":"purchasable","12":"product-type-simple"},"_links":{"self":[{"href":"https:\/\/brandss.com.py\/index\/wp-json\/wp\/v2\/product\/87364","targetHints":{"allow":["GET"]}}],"collection":[{"href":"https:\/\/brandss.com.py\/index\/wp-json\/wp\/v2\/product"}],"about":[{"href":"https:\/\/brandss.com.py\/index\/wp-json\/wp\/v2\/types\/product"}],"replies":[{"embeddable":true,"href":"https:\/\/brandss.com.py\/index\/wp-json\/wp\/v2\/comments?post=87364"}],"version-history":[{"count":1,"href":"https:\/\/brandss.com.py\/index\/wp-json\/wp\/v2\/product\/87364\/revisions"}],"predecessor-version":[{"id":87369,"href":"https:\/\/brandss.com.py\/index\/wp-json\/wp\/v2\/product\/87364\/revisions\/87369"}],"wp:featuredmedia":[{"embeddable":true,"href":"https:\/\/brandss.com.py\/index\/wp-json\/wp\/v2\/media\/87365"}],"wp:attachment":[{"href":"https:\/\/brandss.com.py\/index\/wp-json\/wp\/v2\/media?parent=87364"}],"wp:term":[{"taxonomy":"product_brand","embeddable":true,"href":"https:\/\/brandss.com.py\/index\/wp-json\/wp\/v2\/product_brand?post=87364"},{"taxonomy":"product_cat","embeddable":true,"href":"https:\/\/brandss.com.py\/index\/wp-json\/wp\/v2\/product_cat?post=87364"},{"taxonomy":"product_tag","embeddable":true,"href":"https:\/\/brandss.com.py\/index\/wp-json\/wp\/v2\/product_tag?post=87364"}],"curies":[{"name":"wp","href":"https:\/\/api.w.org\/{rel}","templated":true}]}}