{"id":87378,"date":"2025-07-31T14:41:57","date_gmt":"2025-07-31T14:41:57","guid":{"rendered":"https:\/\/brandss.com.py\/index\/?post_type=product&#038;p=87378"},"modified":"2026-03-17T10:10:20","modified_gmt":"2026-03-17T10:10:20","slug":"perfume-femenino-rasasi-hawas-for-her-gold-edp-100ml","status":"publish","type":"product","link":"https:\/\/brandss.com.py\/index\/producto\/perfume-femenino-rasasi-hawas-for-her-gold-edp-100ml\/","title":{"rendered":"PERFUME FEMENINO RASASI HAWAS FOR HER GOLD EDP 100ML"},"content":{"rendered":"<p><img loading=\"lazy\" decoding=\"async\" class=\"\" src=\"https:\/\/cdn.salla.sa\/lGDEen\/8XjQ1KX2sf1a4gGbOZm2bMHKxbvQ7jEvGMI60l7j.png\" alt=\"About Us - \u0645\u0631\u062d\u0628\u0627 \u0628\u0643\u0645 \u0641\u064a \u0645\u062a\u062c\u0631 \u0627\u0644\u0631\u0635\u0627\u0635\u064a \u0644\u0644\u0639\u0637\u0648\u0631 \u0627\u0644\u0631\u0633\u0645\u064a\" width=\"90\" height=\"52\" \/><\/p>\n<h1>HAWAS FOR HER GOLD<\/h1>\n<p>Encapsula el esp\u00edritu aventurero y sofisticado, ideal para la mujer moderna, segura y cautivadora. La fragancia te transporta a un mundo de elegancia, donde cada momento rebosa de encanto y seducci\u00f3n. Es una fragancia que combina frescura, feminidad y sofisticaci\u00f3n. Es ideal para una mujer segura de s\u00ed misma que busca una fragancia que pueda llevar tanto durante el d\u00eda como en ocasiones especiales. Su perfil equilibrado entre frescura y calidez la hace vers\u00e1til y atractiva.<img loading=\"lazy\" decoding=\"async\" class=\"alignleft\" src=\"https:\/\/acdn-us.mitiendanube.com\/stores\/004\/928\/032\/products\/rasassi-hawas-for-her-ad-art-7965021d98f3c4cd7317219126322176-1024-1024.webp\" width=\"492\" height=\"492\" \/><\/p>\n<p>Celebra la vida con Hawas For Her Gold, una fragancia envolvente que despierta los sentidos, haciendo que cada momento sea \u00fanico e inolvidable.<\/p>\n<p>&nbsp;<\/p>\n<h3>Notas Olfativas<\/h3>\n<p>&nbsp;<\/p>\n<p><span>Esta fragancia se abre con una explosi\u00f3n de notas frescas y afrutadas, como manzana y bergamota, creando una entrada vibrante y vigorizante. El coraz\u00f3n revela una lujosa mezcla de jazm\u00edn y loto, que evoca una sensaci\u00f3n de elegancia y gracia. Finalmente, la fragancia se asienta en una c\u00e1lida y sensual base de almizcle, \u00e1mbar y madera de cedro, que aporta profundidad y una sensaci\u00f3n duradera que perdura maravillosamente en la piel.<\/span><\/p>\n<p>Hawas for Her de Rasasi es una fragancia de la familia olfativa Floral para Mujeres.<\/p>\n<p>&nbsp;<\/p>\n<ul>\n<li><strong><span>Notas de salida<\/span>: <\/strong><span><span>Manzana, pomelo, granada.<\/span><\/span><\/li>\n<li><strong><span>Notas de coraz\u00f3n<\/span>:<\/strong> <span><span>Jazm\u00edn Sambac, Iris Natural, C\u00edtricos.<\/span><\/span><\/li>\n<li><strong><span>Notas de fondo:<\/span><\/strong><span>\u00a0<\/span><span><span>Pachul\u00ed, vetiver, pralin\u00e9.<\/span><\/span><\/li>\n<\/ul>\n","protected":false},"excerpt":{"rendered":"<p>HAWAS FOR HER GOLD Encapsula el esp\u00edritu aventurero y sofisticado, ideal para la mujer moderna, segura y cautivadora. La fragancia<\/p>\n","protected":false},"featured_media":87379,"comment_status":"open","ping_status":"closed","template":"","meta":{"nf_dc_page":""},"product_brand":[116],"product_cat":[84],"product_tag":[151],"class_list":{"0":"post-87378","1":"product","2":"type-product","3":"status-publish","4":"has-post-thumbnail","6":"product_brand-rasasi","7":"product_cat-perfumeria","8":"product_tag-151","10":"first","11":"instock","12":"sale","13":"shipping-taxable","14":"purchasable","15":"product-type-simple"},"_links":{"self":[{"href":"https:\/\/brandss.com.py\/index\/wp-json\/wp\/v2\/product\/87378","targetHints":{"allow":["GET"]}}],"collection":[{"href":"https:\/\/brandss.com.py\/index\/wp-json\/wp\/v2\/product"}],"about":[{"href":"https:\/\/brandss.com.py\/index\/wp-json\/wp\/v2\/types\/product"}],"replies":[{"embeddable":true,"href":"https:\/\/brandss.com.py\/index\/wp-json\/wp\/v2\/comments?post=87378"}],"version-history":[{"count":2,"href":"https:\/\/brandss.com.py\/index\/wp-json\/wp\/v2\/product\/87378\/revisions"}],"predecessor-version":[{"id":87387,"href":"https:\/\/brandss.com.py\/index\/wp-json\/wp\/v2\/product\/87378\/revisions\/87387"}],"wp:featuredmedia":[{"embeddable":true,"href":"https:\/\/brandss.com.py\/index\/wp-json\/wp\/v2\/media\/87379"}],"wp:attachment":[{"href":"https:\/\/brandss.com.py\/index\/wp-json\/wp\/v2\/media?parent=87378"}],"wp:term":[{"taxonomy":"product_brand","embeddable":true,"href":"https:\/\/brandss.com.py\/index\/wp-json\/wp\/v2\/product_brand?post=87378"},{"taxonomy":"product_cat","embeddable":true,"href":"https:\/\/brandss.com.py\/index\/wp-json\/wp\/v2\/product_cat?post=87378"},{"taxonomy":"product_tag","embeddable":true,"href":"https:\/\/brandss.com.py\/index\/wp-json\/wp\/v2\/product_tag?post=87378"}],"curies":[{"name":"wp","href":"https:\/\/api.w.org\/{rel}","templated":true}]}}