{"id":87388,"date":"2025-07-31T16:32:48","date_gmt":"2025-07-31T16:32:48","guid":{"rendered":"https:\/\/brandss.com.py\/index\/?post_type=product&#038;p=87388"},"modified":"2026-03-02T14:47:12","modified_gmt":"2026-03-02T14:47:12","slug":"perfume-masculino-rasasi-hawas-for-him-edp-100ml","status":"publish","type":"product","link":"https:\/\/brandss.com.py\/index\/producto\/perfume-masculino-rasasi-hawas-for-him-edp-100ml\/","title":{"rendered":"PERFUME MASCULINO RASASI HAWAS FOR HIM EDP 100ML"},"content":{"rendered":"<p><img loading=\"lazy\" decoding=\"async\" class=\"\" src=\"https:\/\/cdn.salla.sa\/lGDEen\/8XjQ1KX2sf1a4gGbOZm2bMHKxbvQ7jEvGMI60l7j.png\" alt=\"About Us - \u0645\u0631\u062d\u0628\u0627 \u0628\u0643\u0645 \u0641\u064a \u0645\u062a\u062c\u0631 \u0627\u0644\u0631\u0635\u0627\u0635\u064a \u0644\u0644\u0639\u0637\u0648\u0631 \u0627\u0644\u0631\u0633\u0645\u064a\" width=\"113\" height=\"65\" \/><\/p>\n<h1>HAWAS FOR HIM<\/h1>\n<p>Una fragancia que captura el esp\u00edritu aventurero, explorador y evocador del hombre moderno. Las notas contempor\u00e1neas de esta elegante fragancia tienen una actitud a juego. La botella gris transparente tiene una pit\u00f3n envuelta alrededor del tap\u00f3n, mientras que una pit\u00f3n texturizada en el paquete captura la sensualidad de la especie con una extravagancia que recuerda a la alta costura.<\/p>\n<p>Hawas for him<span data-preserver-spaces=\"true\">\u00a0esconde la audacia del hombre contempor\u00e1neo, \u00e1vido de nuevas experiencias y decidido a hacer realidad sus aspiraciones\u00a0<\/span><span data-preserver-spaces=\"true\">m\u00e1s\u00a0<\/span><span data-preserver-spaces=\"true\">\u00edntimas. Esta fresca fragancia oriental posee vigorizantes matices c\u00edtricos y acu\u00e1ticos, ideal para el caballero din\u00e1mico y aventurero, especialmente en d\u00edas soleados y c\u00e1lidos.<\/span><\/p>\n<p><img loading=\"lazy\" decoding=\"async\" class=\"alignleft\" src=\"https:\/\/exdtvcqvfop.exactdn.com\/wp-content\/uploads\/Hawas-for-men-de-Rasasi-hombre-Edp-flyer.jpg?strip=all&amp;lossy=1&amp;ssl=1\" width=\"615\" height=\"615\" \/><\/p>\n<h3>Notas Olfativas<\/h3>\n<p>&nbsp;<\/p>\n<p>Hawas<span data-preserver-spaces=\"true\">\u00a0combina c\u00edtricos italianos de primera calidad con la frescura afrutada de la pera y la pi\u00f1a, creando una fragancia acu\u00e1tica\u00a0<\/span><span data-preserver-spaces=\"true\">dise\u00f1ada para encarnar\u00a0<\/span><span data-preserver-spaces=\"true\">la fuerza y el vigor masculinos. El coraz\u00f3n combina elementos acu\u00e1ticos con mel\u00f3n y violeta\u00a0<\/span><span data-preserver-spaces=\"true\">, mientras que\u00a0<\/span><span data-preserver-spaces=\"true\">la base presenta s\u00e1ndalo, cedro, almizcle y \u00e1mbar gris, con notas marinas frescas que se funden con maderas ambaradas.<\/span><\/p>\n<p>&nbsp;<\/p>\n<ul>\n<li><strong><span data-preserver-spaces=\"true\">Notas de salida:<\/span><\/strong><span data-preserver-spaces=\"true\">\u00a0manzana, bergamota, lim\u00f3n, canela.\n<p><\/span><\/li>\n<li><strong><span data-preserver-spaces=\"true\">Notas de coraz\u00f3n:<\/span><\/strong><span data-preserver-spaces=\"true\"> flor de naranja, cardamomo, ciruela.\n<p><\/span><\/li>\n<li><strong><span data-preserver-spaces=\"true\">Notas de fondo:<\/span><\/strong><span data-preserver-spaces=\"true\"> pachul\u00ed, \u00e1mbar gris, madera flotante, almizcle.<\/span><\/li>\n<\/ul>\n","protected":false},"excerpt":{"rendered":"<p>HAWAS FOR HIM Una fragancia que captura el esp\u00edritu aventurero, explorador y evocador del hombre moderno. Las notas contempor\u00e1neas de<\/p>\n","protected":false},"featured_media":87389,"comment_status":"open","ping_status":"closed","template":"","meta":{"nf_dc_page":""},"product_brand":[116],"product_cat":[84],"product_tag":[150],"class_list":{"0":"post-87388","1":"product","2":"type-product","3":"status-publish","4":"has-post-thumbnail","6":"product_brand-rasasi","7":"product_cat-perfumeria","8":"product_tag-150","10":"first","11":"instock","12":"sale","13":"shipping-taxable","14":"purchasable","15":"product-type-simple"},"_links":{"self":[{"href":"https:\/\/brandss.com.py\/index\/wp-json\/wp\/v2\/product\/87388","targetHints":{"allow":["GET"]}}],"collection":[{"href":"https:\/\/brandss.com.py\/index\/wp-json\/wp\/v2\/product"}],"about":[{"href":"https:\/\/brandss.com.py\/index\/wp-json\/wp\/v2\/types\/product"}],"replies":[{"embeddable":true,"href":"https:\/\/brandss.com.py\/index\/wp-json\/wp\/v2\/comments?post=87388"}],"version-history":[{"count":1,"href":"https:\/\/brandss.com.py\/index\/wp-json\/wp\/v2\/product\/87388\/revisions"}],"predecessor-version":[{"id":87395,"href":"https:\/\/brandss.com.py\/index\/wp-json\/wp\/v2\/product\/87388\/revisions\/87395"}],"wp:featuredmedia":[{"embeddable":true,"href":"https:\/\/brandss.com.py\/index\/wp-json\/wp\/v2\/media\/87389"}],"wp:attachment":[{"href":"https:\/\/brandss.com.py\/index\/wp-json\/wp\/v2\/media?parent=87388"}],"wp:term":[{"taxonomy":"product_brand","embeddable":true,"href":"https:\/\/brandss.com.py\/index\/wp-json\/wp\/v2\/product_brand?post=87388"},{"taxonomy":"product_cat","embeddable":true,"href":"https:\/\/brandss.com.py\/index\/wp-json\/wp\/v2\/product_cat?post=87388"},{"taxonomy":"product_tag","embeddable":true,"href":"https:\/\/brandss.com.py\/index\/wp-json\/wp\/v2\/product_tag?post=87388"}],"curies":[{"name":"wp","href":"https:\/\/api.w.org\/{rel}","templated":true}]}}