{"id":87396,"date":"2025-07-31T16:59:39","date_gmt":"2025-07-31T16:59:39","guid":{"rendered":"https:\/\/brandss.com.py\/index\/?post_type=product&#038;p=87396"},"modified":"2025-11-26T13:28:28","modified_gmt":"2025-11-26T13:28:28","slug":"perfume-unisex-french-avenue-paris-tobacco-dfeu-edp-100ml","status":"publish","type":"product","link":"https:\/\/brandss.com.py\/index\/producto\/perfume-unisex-french-avenue-paris-tobacco-dfeu-edp-100ml\/","title":{"rendered":"PERFUME UNISEX FRENCH AVENUE PARIS TOBACCO D&#8217;FEU EDP 100ML"},"content":{"rendered":"<p><img loading=\"lazy\" decoding=\"async\" class=\"\" src=\"https:\/\/www.french-avenue-parfum.com\/wp-content\/uploads\/2024\/11\/logo-french-avenue.webp\" alt=\"Aether | Extracto de perfume para hombre | French Avenue\" width=\"134\" height=\"50\" \/><\/p>\n<h1>TOBACCO D&#8217;FEU<\/h1>\n<p>Esta potente mezcla ha sido elaborada meticulosamente para envolverte en un abrazo cautivador de humo especiado. Tobacco D&#8217; Feu es una aut\u00e9ntica obra maestra, una sinfon\u00eda de notas arom\u00e1ticas que se fusionan armoniosamente para crear una experiencia \u00fanica e inigualable. D\u00e9jate seducir por su cautivador encanto y deja que esta fragancia te lleve a un viaje de refinamiento y lujo, como ninguna otra fragancia c\u00edtrica que hayas probado.<\/p>\n<p><img decoding=\"async\" class=\"alignleft\" src=\"https:\/\/a.allegroimg.com\/s512\/112a5f\/8812c9dc485988ca29beceba5ebf\/Perfumy-Arabskie-French-Avenue-Tobacco-D-feu-EDP-100-ml\" \/><\/p>\n<h3>Notas Olfativas<\/h3>\n<p>&nbsp;<\/p>\n<p><span>Al embarcarte en este viaje olfativo, las notas de salida de mandarina, cilantro y comino acariciar\u00e1n suavemente tus sentidos, dejando un rastro de sensaciones arom\u00e1ticas y picantes en tu piel. <\/span><span>El coraz\u00f3n de la fragancia revela un tapiz aterciopelado de tabaco, cuero y l\u00e1dano, otorgando una sensaci\u00f3n de opulencia y sofisticaci\u00f3n a la composici\u00f3n. <\/span><span>En el fondo de esta extraordinaria fragancia, el incienso, el s\u00e1ndalo y la madera de agar son los protagonistas, infundiendo a la mezcla un car\u00e1cter seductor y profundo. Estas notas de fondo irradian calidez y una dulzura relajante que perdura con gracia en la piel. <\/span><\/p>\n<p>Tobacco D&#8217;Feu\u00a0de\u00a0French Avenue\u00a0es una fragancia de la familia olfativa Amaderada Arom\u00e1tica para Hombres y Mujeres.\u00a0Tobacco D&#8217;Feu\u00a0se lanz\u00f3 en 2023.<\/p>\n<p><strong>Notas de salida:<\/strong> comino, mandarina, cilantro.<\/p>\n<p><strong>Notas de coraz\u00f3n:<\/strong> tabaco, cuer, l\u00e1dano.<\/p>\n<p><strong>Notas de fondo:<\/strong> madera de oud, Incienso, s\u00e1ndalo.<\/p>\n","protected":false},"excerpt":{"rendered":"<p>TOBACCO D&#8217;FEU Esta potente mezcla ha sido elaborada meticulosamente para envolverte en un abrazo cautivador de humo especiado. Tobacco D&#8217;<\/p>\n","protected":false},"featured_media":87397,"comment_status":"open","ping_status":"closed","template":"","meta":{"nf_dc_page":""},"product_brand":[112],"product_cat":[84],"product_tag":[1495],"class_list":{"0":"post-87396","1":"product","2":"type-product","3":"status-publish","4":"has-post-thumbnail","6":"product_brand-french-avenue","7":"product_cat-perfumeria","8":"product_tag-1495","10":"first","11":"instock","12":"shipping-taxable","13":"purchasable","14":"product-type-simple"},"_links":{"self":[{"href":"https:\/\/brandss.com.py\/index\/wp-json\/wp\/v2\/product\/87396","targetHints":{"allow":["GET"]}}],"collection":[{"href":"https:\/\/brandss.com.py\/index\/wp-json\/wp\/v2\/product"}],"about":[{"href":"https:\/\/brandss.com.py\/index\/wp-json\/wp\/v2\/types\/product"}],"replies":[{"embeddable":true,"href":"https:\/\/brandss.com.py\/index\/wp-json\/wp\/v2\/comments?post=87396"}],"version-history":[{"count":1,"href":"https:\/\/brandss.com.py\/index\/wp-json\/wp\/v2\/product\/87396\/revisions"}],"predecessor-version":[{"id":87402,"href":"https:\/\/brandss.com.py\/index\/wp-json\/wp\/v2\/product\/87396\/revisions\/87402"}],"wp:featuredmedia":[{"embeddable":true,"href":"https:\/\/brandss.com.py\/index\/wp-json\/wp\/v2\/media\/87397"}],"wp:attachment":[{"href":"https:\/\/brandss.com.py\/index\/wp-json\/wp\/v2\/media?parent=87396"}],"wp:term":[{"taxonomy":"product_brand","embeddable":true,"href":"https:\/\/brandss.com.py\/index\/wp-json\/wp\/v2\/product_brand?post=87396"},{"taxonomy":"product_cat","embeddable":true,"href":"https:\/\/brandss.com.py\/index\/wp-json\/wp\/v2\/product_cat?post=87396"},{"taxonomy":"product_tag","embeddable":true,"href":"https:\/\/brandss.com.py\/index\/wp-json\/wp\/v2\/product_tag?post=87396"}],"curies":[{"name":"wp","href":"https:\/\/api.w.org\/{rel}","templated":true}]}}