{"id":87417,"date":"2025-07-31T18:49:44","date_gmt":"2025-07-31T18:49:44","guid":{"rendered":"https:\/\/brandss.com.py\/index\/?post_type=product&#038;p=87417"},"modified":"2025-09-29T16:45:18","modified_gmt":"2025-09-29T16:45:18","slug":"perfume-unisex-french-avenue-paris-vie-sol-edp-80ml","status":"publish","type":"product","link":"https:\/\/brandss.com.py\/index\/producto\/perfume-unisex-french-avenue-paris-vie-sol-edp-80ml\/","title":{"rendered":"PERFUME UNISEX FRENCH AVENUE PARIS VIE SOL EDP 80ML"},"content":{"rendered":"<p><img loading=\"lazy\" decoding=\"async\" class=\"\" src=\"https:\/\/www.french-avenue-parfum.com\/wp-content\/uploads\/2024\/11\/logo-french-avenue.webp\" alt=\"Aether | Extracto de perfume para hombre | French Avenue\" width=\"94\" height=\"35\" \/><\/p>\n<h1>VIE SOL<\/h1>\n<p>Presentamos Vie Sol, una fragancia cautivadora que explora las profundidades de una intensa mezcla amaderada y ambarada. Esta fragancia gira en torno a la esencia sagrada del incienso blanco, ofreciendo una experiencia olfativa cautivadora. <span>Vie Sol (Elementos de Vida) es una fragancia que te invita a un viaje de introspecci\u00f3n y serenidad. <\/span><\/p>\n<p><span>Sum\u00e9rgete en el cautivador abrazo de Vie Sol, donde lo sagrado se encuentra con lo sensual, y descubre la belleza y la serenidad que ofrece esta fragancia.<\/span><\/p>\n<p><img loading=\"lazy\" decoding=\"async\" class=\"alignleft\" src=\"https:\/\/i.ebayimg.com\/images\/g\/JVcAAOSwACNmNPHY\/s-l1600.webp\" width=\"412\" height=\"350\" \/><\/p>\n<h3>Notas Olfativas<\/h3>\n<p>&nbsp;<\/p>\n<p>Una combinaci\u00f3n\u00a0resinosa y profunda de notas c\u00edtricas, florales y amaderadas que crea un aroma irresistible y cautivador. Ya sea para un evento formal o una reuni\u00f3n informal, Vie Sol complementa a la perfecci\u00f3n cualquier ocasi\u00f3n.<\/p>\n<p>A medida que la fragancia se despliega, se revelan los profundos acordes amaderados, aportando una dimensi\u00f3n rica y terrosa a la composici\u00f3n. Estas notas evocan una sensaci\u00f3n de arraigo y calidez, realzando a\u00fan m\u00e1s el encanto de Vie Sol.<\/p>\n<p>Las facetas ambaradas de la fragancia contribuyen a su intensidad y longevidad, envolviendo a quien la lleva en un aura reconfortante y relajante. Las notas de \u00e1mbar aportan un toque de calidez y sensualidad, creando un equilibrio armonioso en el aroma.<\/p>\n<p>Sum\u00e9rgete en la\u00a0sofisticaci\u00f3n\u00a0y\u00a0elegancia<span>\u00a0que solo Vie Sol puede ofrecerte. Transforma cada momento en una experiencia memorable con este perfume que es m\u00e1s que una simple fragancia; es una declaraci\u00f3n de estilo y personalidad.<\/span><\/p>\n<div id=\"col-2044443733\" class=\"col medium-4 small-12 large-4\">\n<div class=\"col-inner\">\n<p data-animate=\"fadeInLeft\" data-animate-transform=\"true\" data-animate-transition=\"true\" data-animated=\"true\"><strong>Notas de salida:<\/strong> Incienso blanco.<\/p>\n<\/div>\n<\/div>\n<div id=\"col-720577137\" class=\"col medium-4 small-12 large-4\">\n<div class=\"col-inner\">\n<p data-animate=\"fadeInLeft\" data-animate-transform=\"true\" data-animate-transition=\"true\" data-animated=\"true\"><strong>Notas de coraz\u00f3n:<\/strong> Bosque profundo.<\/p>\n<\/div>\n<\/div>\n<div id=\"col-928855554\" class=\"col medium-4 small-12 large-4\">\n<div class=\"col-inner\">\n<p data-animate=\"fadeInLeft\" data-animate-transform=\"true\" data-animate-transition=\"true\" data-animated=\"true\"><strong>Notas de fondo:<\/strong> \u00c1mbar.<\/p>\n<\/div>\n<\/div>\n","protected":false},"excerpt":{"rendered":"<p>VIE SOL Presentamos Vie Sol, una fragancia cautivadora que explora las profundidades de una intensa mezcla amaderada y ambarada. Esta<\/p>\n","protected":false},"featured_media":87418,"comment_status":"open","ping_status":"closed","template":"","meta":{"nf_dc_page":""},"product_brand":[112],"product_cat":[84],"product_tag":[772],"class_list":{"0":"post-87417","1":"product","2":"type-product","3":"status-publish","4":"has-post-thumbnail","6":"product_brand-french-avenue","7":"product_cat-perfumeria","8":"product_tag-772","10":"first","11":"instock","12":"shipping-taxable","13":"purchasable","14":"product-type-simple"},"_links":{"self":[{"href":"https:\/\/brandss.com.py\/index\/wp-json\/wp\/v2\/product\/87417","targetHints":{"allow":["GET"]}}],"collection":[{"href":"https:\/\/brandss.com.py\/index\/wp-json\/wp\/v2\/product"}],"about":[{"href":"https:\/\/brandss.com.py\/index\/wp-json\/wp\/v2\/types\/product"}],"replies":[{"embeddable":true,"href":"https:\/\/brandss.com.py\/index\/wp-json\/wp\/v2\/comments?post=87417"}],"version-history":[{"count":1,"href":"https:\/\/brandss.com.py\/index\/wp-json\/wp\/v2\/product\/87417\/revisions"}],"predecessor-version":[{"id":87423,"href":"https:\/\/brandss.com.py\/index\/wp-json\/wp\/v2\/product\/87417\/revisions\/87423"}],"wp:featuredmedia":[{"embeddable":true,"href":"https:\/\/brandss.com.py\/index\/wp-json\/wp\/v2\/media\/87418"}],"wp:attachment":[{"href":"https:\/\/brandss.com.py\/index\/wp-json\/wp\/v2\/media?parent=87417"}],"wp:term":[{"taxonomy":"product_brand","embeddable":true,"href":"https:\/\/brandss.com.py\/index\/wp-json\/wp\/v2\/product_brand?post=87417"},{"taxonomy":"product_cat","embeddable":true,"href":"https:\/\/brandss.com.py\/index\/wp-json\/wp\/v2\/product_cat?post=87417"},{"taxonomy":"product_tag","embeddable":true,"href":"https:\/\/brandss.com.py\/index\/wp-json\/wp\/v2\/product_tag?post=87417"}],"curies":[{"name":"wp","href":"https:\/\/api.w.org\/{rel}","templated":true}]}}