{"id":87424,"date":"2025-07-31T19:09:36","date_gmt":"2025-07-31T19:09:36","guid":{"rendered":"https:\/\/brandss.com.py\/index\/?post_type=product&#038;p=87424"},"modified":"2026-03-16T14:25:27","modified_gmt":"2026-03-16T14:25:27","slug":"perfume-unisex-french-avenue-paris-vie-brise-edp-80ml","status":"publish","type":"product","link":"https:\/\/brandss.com.py\/index\/producto\/perfume-unisex-french-avenue-paris-vie-brise-edp-80ml\/","title":{"rendered":"PERFUME UNISEX FRENCH AVENUE PARIS VIE BRISE EDP 80ML"},"content":{"rendered":"<p><img loading=\"lazy\" decoding=\"async\" class=\"\" src=\"https:\/\/www.french-avenue-parfum.com\/wp-content\/uploads\/2024\/11\/logo-french-avenue.webp\" alt=\"Aether | Extracto de perfume para hombre | French Avenue\" width=\"126\" height=\"47\" \/><\/p>\n<h1>VIE BRISE<\/h1>\n<p>Es una fragancia que abraza el encanto de Oriente, capturando la esencia del oud e infundi\u00e9ndola con una fascinante mezcla de l\u00e1dano, \u00e1mbar gris, incienso, especias y cuero. Su car\u00e1cter profundo y m\u00edstico dejar\u00e1 una huella imborrable, envolviendo a quien la lleve en un aura de intriga y sofisticaci\u00f3n.<img loading=\"lazy\" decoding=\"async\" class=\"alignleft\" src=\"https:\/\/i0.wp.com\/soghaat.co.uk\/wp-content\/uploads\/2023\/07\/Vie-Brise-Elements-Of-Life-Perfume-Eau-De-Parfum-80ml-by-FA-Paris-Fragrance-World.webp?fit=2048%2C2048&amp;ssl=1\" width=\"456\" height=\"456\" \/><\/p>\n<p>Energ\u00eda m\u00edstica y poderosa que combina secretos ancestrales con lujo, un aroma oriental con almizcle que se entrelaza con la pasi\u00f3n del cuero y las notas animales, y\u00a0 de la calidez del \u00e1mbar completa esta poderosa composici\u00f3n.<\/p>\n<p>&nbsp;<\/p>\n<h3>Notas Olfativas<\/h3>\n<p>&nbsp;<\/p>\n<p><span>Vie Brise revela una cautivadora mezcla de matices ahumados, especiados y amaderados, que se combinan con delicados toques dulces que crean un aura seductora y cautivadora. El oud cobra protagonismo, exudando su rico y distintivo aroma, evocando una sensaci\u00f3n de profundidad e intriga.<\/span><\/p>\n<p><span>Para realzar la complejidad de la fragancia, Vie Brise se envuelve con elegancia en las dulces notas herb\u00e1ceas y bals\u00e1micas del l\u00e1dano, que aportan un toque de riqueza y profundidad. El aroma noble y ligeramente resinoso del \u00e1mbar gris enriquece a\u00fan m\u00e1s la composici\u00f3n, contribuyendo a su car\u00e1cter lujoso y m\u00edstico.<\/span><\/p>\n<p><span>A medida que la fragancia se despliega, emergen sutiles toques de incienso y especias, que a\u00f1aden una dimensi\u00f3n ex\u00f3tica y arom\u00e1tica al aroma. Estas notas realzan el encanto general y crean una experiencia olfativa cautivadora.<\/span><\/p>\n<ul>\n<li><strong>Notas de salida:<\/strong> jengibre.<\/li>\n<li><strong>Notas de coraz\u00f3n:<\/strong>\u00a0almizcle, l\u00e1dano.<\/li>\n<li><strong>Notas de fondo:<\/strong>\u00a0cuero, notas animales, \u00e1mbar.<\/li>\n<\/ul>\n","protected":false},"excerpt":{"rendered":"<p>VIE BRISE Es una fragancia que abraza el encanto de Oriente, capturando la esencia del oud e infundi\u00e9ndola con una<\/p>\n","protected":false},"featured_media":87425,"comment_status":"open","ping_status":"closed","template":"","meta":{"nf_dc_page":""},"product_brand":[112],"product_cat":[84],"product_tag":[773],"class_list":{"0":"post-87424","1":"product","2":"type-product","3":"status-publish","4":"has-post-thumbnail","6":"product_brand-french-avenue","7":"product_cat-perfumeria","8":"product_tag-773","10":"first","11":"outofstock","12":"shipping-taxable","13":"purchasable","14":"product-type-simple"},"_links":{"self":[{"href":"https:\/\/brandss.com.py\/index\/wp-json\/wp\/v2\/product\/87424","targetHints":{"allow":["GET"]}}],"collection":[{"href":"https:\/\/brandss.com.py\/index\/wp-json\/wp\/v2\/product"}],"about":[{"href":"https:\/\/brandss.com.py\/index\/wp-json\/wp\/v2\/types\/product"}],"replies":[{"embeddable":true,"href":"https:\/\/brandss.com.py\/index\/wp-json\/wp\/v2\/comments?post=87424"}],"version-history":[{"count":1,"href":"https:\/\/brandss.com.py\/index\/wp-json\/wp\/v2\/product\/87424\/revisions"}],"predecessor-version":[{"id":87429,"href":"https:\/\/brandss.com.py\/index\/wp-json\/wp\/v2\/product\/87424\/revisions\/87429"}],"wp:featuredmedia":[{"embeddable":true,"href":"https:\/\/brandss.com.py\/index\/wp-json\/wp\/v2\/media\/87425"}],"wp:attachment":[{"href":"https:\/\/brandss.com.py\/index\/wp-json\/wp\/v2\/media?parent=87424"}],"wp:term":[{"taxonomy":"product_brand","embeddable":true,"href":"https:\/\/brandss.com.py\/index\/wp-json\/wp\/v2\/product_brand?post=87424"},{"taxonomy":"product_cat","embeddable":true,"href":"https:\/\/brandss.com.py\/index\/wp-json\/wp\/v2\/product_cat?post=87424"},{"taxonomy":"product_tag","embeddable":true,"href":"https:\/\/brandss.com.py\/index\/wp-json\/wp\/v2\/product_tag?post=87424"}],"curies":[{"name":"wp","href":"https:\/\/api.w.org\/{rel}","templated":true}]}}