{"id":87437,"date":"2025-08-01T11:47:08","date_gmt":"2025-08-01T11:47:08","guid":{"rendered":"https:\/\/brandss.com.py\/index\/?post_type=product&#038;p=87437"},"modified":"2025-11-26T13:32:41","modified_gmt":"2025-11-26T13:32:41","slug":"perfume-unisex-french-avenue-paris-vie-ciel-edp-80ml","status":"publish","type":"product","link":"https:\/\/brandss.com.py\/index\/producto\/perfume-unisex-french-avenue-paris-vie-ciel-edp-80ml\/","title":{"rendered":"PERFUME UNISEX FRENCH AVENUE PARIS VIE CIEL EDP 80ML"},"content":{"rendered":"<p><img loading=\"lazy\" decoding=\"async\" class=\"\" src=\"https:\/\/www.french-avenue-parfum.com\/wp-content\/uploads\/2024\/11\/logo-french-avenue.webp\" alt=\"Aether | Extracto de perfume para hombre | French Avenue\" width=\"110\" height=\"41\" \/><\/p>\n<h1>VIE CIEL<\/h1>\n<h4><em>Un viaje encantador por el mundo del lujo<\/em><\/h4>\n<p>Una combinaci\u00f3n exclusiva de especias, notas terrosas y \u00e1mbar rico.<\/p>\n<p>Es una fragancia que te lleva a un viaje sutil pero en\u00e9rgico, combinando las especias m\u00e1s lujosas, notas terrosas y \u00e1mbar c\u00e1lido y sensual. Es un aroma que irradia vitalidad, confianza y elegancia refinada. Una fragancia que captura la esencia de un viaje colorido y cautivador a trav\u00e9s de especias arom\u00e1ticas y elementos terrosos.<\/p>\n<p><img loading=\"lazy\" decoding=\"async\" class=\"alignleft\" src=\"https:\/\/arabianscents.net\/wp-content\/uploads\/2024\/01\/vie-ciel_upscayl_2x_realesrgan-x4plus.jpg\" width=\"424\" height=\"666\" \/><\/p>\n<h3>Notas Olfativas<\/h3>\n<p>&nbsp;<\/p>\n<p>Vie Ciel es una fragancia que te transporta a un viaje sensorial, envolvi\u00e9ndote en un tapiz de especias arom\u00e1ticas, tonos terrosos y acordes sensuales. Te invita a explorar el rico y vibrante mundo de Vie Ciel, donde cada nota se entrelaza para crear una experiencia olfativa cautivadora.<\/p>\n<p><span>En el coraz\u00f3n de Vie Ciel, una vibrante mezcla de especias preciadas cobra protagonismo. El suave toque picante de la pimienta rosa aporta un toque seco e intrigante a la composici\u00f3n, mientras que las notas orientales del azafr\u00e1n crean un aroma aterciopelado y lujoso, que evoca una sensaci\u00f3n de exotismo y profundidad.<\/span><\/p>\n<p><span>A medida que la fragancia evoluciona, las notas de fondo cobran protagonismo, dejando una estela cautivadora, entrelazada con matices amargos y ahumados y la riqueza del ol\u00edbano. Estos elementos aportan un toque de misterio y seducci\u00f3n al aroma. Los matices terrosos de la ra\u00edz de vetiver realzan a\u00fan m\u00e1s la composici\u00f3n, aportando una cualidad terrosa y arraigada que equilibra el toque especiado.<\/span><\/p>\n<p><span>Las notas de fondo se completan con la sensacional presencia del \u00e1mbar, que aporta calidez y profundidad a la fragancia. Envuelve la composici\u00f3n en un abrazo sensual, dejando una huella imborrable.<\/span><\/p>\n<ul>\n<li><strong>Notas de salida:<\/strong>\u00a0esencia de pomelo.<\/li>\n<li><strong>Notas de coraz\u00f3n:<\/strong>\u00a0pimienta rosa, ol\u00edbano, azafr\u00e1n.<\/li>\n<li><strong>Notas de fondo:<\/strong>\u00a0vetiver, \u00e1mbar.<\/li>\n<\/ul>\n","protected":false},"excerpt":{"rendered":"<p>VIE CIEL Un viaje encantador por el mundo del lujo Una combinaci\u00f3n exclusiva de especias, notas terrosas y \u00e1mbar rico.<\/p>\n","protected":false},"featured_media":87438,"comment_status":"open","ping_status":"closed","template":"","meta":{"nf_dc_page":""},"product_brand":[112],"product_cat":[84],"product_tag":[775],"class_list":{"0":"post-87437","1":"product","2":"type-product","3":"status-publish","4":"has-post-thumbnail","6":"product_brand-french-avenue","7":"product_cat-perfumeria","8":"product_tag-775","10":"first","11":"outofstock","12":"shipping-taxable","13":"purchasable","14":"product-type-simple"},"_links":{"self":[{"href":"https:\/\/brandss.com.py\/index\/wp-json\/wp\/v2\/product\/87437","targetHints":{"allow":["GET"]}}],"collection":[{"href":"https:\/\/brandss.com.py\/index\/wp-json\/wp\/v2\/product"}],"about":[{"href":"https:\/\/brandss.com.py\/index\/wp-json\/wp\/v2\/types\/product"}],"replies":[{"embeddable":true,"href":"https:\/\/brandss.com.py\/index\/wp-json\/wp\/v2\/comments?post=87437"}],"version-history":[{"count":1,"href":"https:\/\/brandss.com.py\/index\/wp-json\/wp\/v2\/product\/87437\/revisions"}],"predecessor-version":[{"id":87442,"href":"https:\/\/brandss.com.py\/index\/wp-json\/wp\/v2\/product\/87437\/revisions\/87442"}],"wp:featuredmedia":[{"embeddable":true,"href":"https:\/\/brandss.com.py\/index\/wp-json\/wp\/v2\/media\/87438"}],"wp:attachment":[{"href":"https:\/\/brandss.com.py\/index\/wp-json\/wp\/v2\/media?parent=87437"}],"wp:term":[{"taxonomy":"product_brand","embeddable":true,"href":"https:\/\/brandss.com.py\/index\/wp-json\/wp\/v2\/product_brand?post=87437"},{"taxonomy":"product_cat","embeddable":true,"href":"https:\/\/brandss.com.py\/index\/wp-json\/wp\/v2\/product_cat?post=87437"},{"taxonomy":"product_tag","embeddable":true,"href":"https:\/\/brandss.com.py\/index\/wp-json\/wp\/v2\/product_tag?post=87437"}],"curies":[{"name":"wp","href":"https:\/\/api.w.org\/{rel}","templated":true}]}}