{"id":87443,"date":"2025-08-01T12:21:29","date_gmt":"2025-08-01T12:21:29","guid":{"rendered":"https:\/\/brandss.com.py\/index\/?post_type=product&#038;p=87443"},"modified":"2026-03-16T14:25:09","modified_gmt":"2026-03-16T14:25:09","slug":"perfume-unisex-french-avenue-royal-blend-extrait-de-parfum-edp-100ml","status":"publish","type":"product","link":"https:\/\/brandss.com.py\/index\/producto\/perfume-unisex-french-avenue-royal-blend-extrait-de-parfum-edp-100ml\/","title":{"rendered":"PERFUME UNISEX FRENCH AVENUE ROYAL BLEND EXTRAIT DE PARFUM EDP 100ML"},"content":{"rendered":"<p><img loading=\"lazy\" decoding=\"async\" class=\"\" src=\"https:\/\/www.french-avenue-parfum.com\/wp-content\/uploads\/2024\/11\/logo-french-avenue.webp\" alt=\"Aether | Extracto de perfume para hombre | French Avenue\" width=\"134\" height=\"50\" \/><\/p>\n<h1>ROYAL BLEND EXTRAIT DE PARFUM<\/h1>\n<p>Una creaci\u00f3n que irradia sofisticaci\u00f3n y lujo. Creada para cautivar los sentidos y evocar un aura de elegancia majestuosa, esta fragancia es un testimonio de refinamiento y opulencia. <span>Royal Blend Extract es una\u00a0<\/span><span>fragancia unisex<\/span><span>\u00a0digna de la realeza, un aroma atemporal y cautivador que irradia sofisticaci\u00f3n y gracia. Perfecto para quienes aprecian las cosas buenas de la vida, este exquisito perfume dejar\u00e1 una huella imborrable dondequiera que vayas.<\/span><\/p>\n<p><span>Del\u00e9itese con el opulento y sofisticado aroma del Extracto Royal Blend de French Avenue. Deje que su rica mezcla de co\u00f1ac, canela, ciruela, iris, mirra, vainilla y s\u00e1ndalo envuelva sus sentidos y lo transporte a un mundo de lujo y refinamiento.<\/span><\/p>\n<p><img loading=\"lazy\" decoding=\"async\" class=\"alignleft\" src=\"https:\/\/opulensi.com\/cdn\/shop\/files\/RoyalBlendExtraitperfumescentprofile.jpg?v=1732758952&amp;width=1946\" width=\"595\" height=\"595\" \/><\/p>\n<h3>Notas Olfativas<\/h3>\n<p>&nbsp;<\/p>\n<p><span>En la salida, la fragancia se abre con una suntuosa mezcla de co\u00f1ac, canela y ciruela, creando un aroma embriagador que llama la atenci\u00f3n de inmediato. Las ricas y especiadas notas de canela se mezclan con la esencia dulce y afrutada de la ciruela, mientras que el c\u00e1lido y envolvente aroma del co\u00f1ac aporta profundidad y complejidad.<\/span><\/p>\n<p><span>En el coraz\u00f3n de la fragancia, el iris y la mirra cobran protagonismo, infundiendo a la composici\u00f3n un aire de sofisticaci\u00f3n y encanto. La delicada floralidad del iris se funde a la perfecci\u00f3n con los matices resinosos y bals\u00e1micos de la mirra, creando una experiencia olfativa cautivadora, elegante y refinada.<\/span><\/p>\n<p><span>Al asentarse, la fragancia revela una suntuosa base compuesta de haba tonka, vainilla y s\u00e1ndalo. La cremosa dulzura de la vainilla se funde con las c\u00e1lidas y reconfortantes notas del haba tonka, mientras que los acordes amaderados y arom\u00e1ticos del s\u00e1ndalo aportan un toque de sofisticaci\u00f3n terrosa.<\/span><\/p>\n<p>&nbsp;<\/p>\n<ul>\n<li><strong><span>Notas de salida:<\/span><\/strong><span> co\u00f1ac, canela, ciruela.<\/span><\/li>\n<li><strong><span>Notas de coraz\u00f3n:<\/span><\/strong><span> iris, mirra.<\/span><\/li>\n<li><strong><span>Notas de fondo:<\/span><\/strong><span> Haba tonka, vainilla, s\u00e1ndalo.<\/span><\/li>\n<\/ul>\n","protected":false},"excerpt":{"rendered":"<p>ROYAL BLEND EXTRAIT DE PARFUM Una creaci\u00f3n que irradia sofisticaci\u00f3n y lujo. Creada para cautivar los sentidos y evocar un<\/p>\n","protected":false},"featured_media":87444,"comment_status":"open","ping_status":"closed","template":"","meta":{"nf_dc_page":""},"product_brand":[112],"product_cat":[84],"product_tag":[1497],"class_list":{"0":"post-87443","1":"product","2":"type-product","3":"status-publish","4":"has-post-thumbnail","6":"product_brand-french-avenue","7":"product_cat-perfumeria","8":"product_tag-1497","10":"first","11":"outofstock","12":"shipping-taxable","13":"purchasable","14":"product-type-simple"},"_links":{"self":[{"href":"https:\/\/brandss.com.py\/index\/wp-json\/wp\/v2\/product\/87443","targetHints":{"allow":["GET"]}}],"collection":[{"href":"https:\/\/brandss.com.py\/index\/wp-json\/wp\/v2\/product"}],"about":[{"href":"https:\/\/brandss.com.py\/index\/wp-json\/wp\/v2\/types\/product"}],"replies":[{"embeddable":true,"href":"https:\/\/brandss.com.py\/index\/wp-json\/wp\/v2\/comments?post=87443"}],"version-history":[{"count":1,"href":"https:\/\/brandss.com.py\/index\/wp-json\/wp\/v2\/product\/87443\/revisions"}],"predecessor-version":[{"id":87453,"href":"https:\/\/brandss.com.py\/index\/wp-json\/wp\/v2\/product\/87443\/revisions\/87453"}],"wp:featuredmedia":[{"embeddable":true,"href":"https:\/\/brandss.com.py\/index\/wp-json\/wp\/v2\/media\/87444"}],"wp:attachment":[{"href":"https:\/\/brandss.com.py\/index\/wp-json\/wp\/v2\/media?parent=87443"}],"wp:term":[{"taxonomy":"product_brand","embeddable":true,"href":"https:\/\/brandss.com.py\/index\/wp-json\/wp\/v2\/product_brand?post=87443"},{"taxonomy":"product_cat","embeddable":true,"href":"https:\/\/brandss.com.py\/index\/wp-json\/wp\/v2\/product_cat?post=87443"},{"taxonomy":"product_tag","embeddable":true,"href":"https:\/\/brandss.com.py\/index\/wp-json\/wp\/v2\/product_tag?post=87443"}],"curies":[{"name":"wp","href":"https:\/\/api.w.org\/{rel}","templated":true}]}}