{"id":87461,"date":"2025-08-01T13:16:39","date_gmt":"2025-08-01T13:16:39","guid":{"rendered":"https:\/\/brandss.com.py\/index\/?post_type=product&#038;p=87461"},"modified":"2026-03-26T13:50:47","modified_gmt":"2026-03-26T13:50:47","slug":"perfume-unisex-mawwal-poison-asir-lqalb-edp-100ml","status":"publish","type":"product","link":"https:\/\/brandss.com.py\/index\/producto\/perfume-unisex-mawwal-poison-asir-lqalb-edp-100ml\/","title":{"rendered":"PERFUME UNISEX MAWWAL POISON ASIR L&#8217;QALB EDP 100ML"},"content":{"rendered":"<p><img loading=\"lazy\" decoding=\"async\" class=\"\" src=\"https:\/\/mawwal.com\/wp-content\/uploads\/2022\/02\/luxury-beige-3.png\" alt=\"Mawwal Arabia - Buy Premium Arabic Perfumes from Dubai\" width=\"66\" height=\"104\" \/><\/p>\n<h1>POISON ASIR L&#8217;QALB<\/h1>\n<p>Una brisa fresca proveniente de las alturas de la naturaleza m\u00e1s exquisita, donde la luz c\u00edtrica acaricia la tierra. El vibrante lim\u00f3n y el pomelo despiertan los sentidos, suavizados por los vientos de lavanda y arraigados en el alma del vetiver. En su profundidad, un susurro de \u00e1mbar, almizcle y vainilla permanece como un recuerdo que nunca querr\u00e1s borrar. Unisex. Atemporal. Intensamente refinado.<\/p>\n<p><img decoding=\"async\" class=\"alignleft\" src=\"https:\/\/nissei.com\/media\/catalog\/product\/cache\/24e3af3791642c18c52611620aeb2e21\/7\/v\/7vIP21Lo0VnKruikyV3NJQu879LsolVduR7.jpg\" \/><\/p>\n<h3>Notas Olfativas<\/h3>\n<p>&nbsp;<\/p>\n<p>El perfume\u00a0<span dir=\"ltr\" lang=\"es-PY\">Poison Asir L&#8217;Qalb EDP<\/span><span dir=\"ltr\" lang=\"es-MX\">\u00a0de\u00a0<\/span><span dir=\"ltr\" lang=\"es-PY\">Mawwal<\/span><span dir=\"ltr\" lang=\"es-MX\">\u00a0<\/span>es una fragancia de la familia olfativa\u00a0<span dir=\"ltr\" lang=\"es-MX\">c<\/span><span dir=\"ltr\" lang=\"es-MX\">\u00edtrica amaderada<\/span>\u00a0para\u00a0<span dir=\"ltr\" lang=\"es-MX\">hombres y mujeres<\/span>.\u00a0<span dir=\"ltr\" lang=\"es-PY\">Con una concentraci\u00f3n tipo Eau de Parfum, ofrece una alta intensidad y durabilidad en la piel. Sus notas arom\u00e1ticas se componen de los siguientes ingredientes.<\/span><\/p>\n<p>&nbsp;<\/p>\n<p><span class=\"elementor-icon-list-text\"><span>Familia olfativa: C\u00cdTRICO AMADERADO<\/span><\/span><\/p>\n<p>&nbsp;<\/p>\n<ul class=\"elementor-icon-list-items\">\n<li class=\"elementor-icon-list-item\"><span class=\"elementor-icon-list-text\"><span><strong>Notas de salida:<\/strong> lim\u00f3n siciliano, pomelo, bergamota y pimienta rosa.<br \/>\n<\/span><\/span><\/li>\n<li class=\"elementor-icon-list-item\"><span class=\"elementor-icon-list-text\"><span><strong>Notas de coraz\u00f3n:<\/strong> Lavanda, geranio y vetiver.\n<p><\/span><\/span><\/li>\n<li class=\"elementor-icon-list-item\"><span class=\"elementor-icon-list-text\"><span><strong>Notas de fondo:<\/strong> \u00c1mbar, almizcle y vainilla.<\/span><\/span><\/li>\n<\/ul>\n","protected":false},"excerpt":{"rendered":"<p>POISON ASIR L&#8217;QALB Una brisa fresca proveniente de las alturas de la naturaleza m\u00e1s exquisita, donde la luz c\u00edtrica acaricia<\/p>\n","protected":false},"featured_media":87462,"comment_status":"open","ping_status":"closed","template":"","meta":{"nf_dc_page":""},"product_brand":[2001],"product_cat":[84],"product_tag":[3268],"class_list":{"0":"post-87461","1":"product","2":"type-product","3":"status-publish","4":"has-post-thumbnail","6":"product_brand-mawwal","7":"product_cat-perfumeria","8":"product_tag-3268","10":"first","11":"instock","12":"sale","13":"shipping-taxable","14":"purchasable","15":"product-type-simple"},"_links":{"self":[{"href":"https:\/\/brandss.com.py\/index\/wp-json\/wp\/v2\/product\/87461","targetHints":{"allow":["GET"]}}],"collection":[{"href":"https:\/\/brandss.com.py\/index\/wp-json\/wp\/v2\/product"}],"about":[{"href":"https:\/\/brandss.com.py\/index\/wp-json\/wp\/v2\/types\/product"}],"replies":[{"embeddable":true,"href":"https:\/\/brandss.com.py\/index\/wp-json\/wp\/v2\/comments?post=87461"}],"version-history":[{"count":1,"href":"https:\/\/brandss.com.py\/index\/wp-json\/wp\/v2\/product\/87461\/revisions"}],"predecessor-version":[{"id":87468,"href":"https:\/\/brandss.com.py\/index\/wp-json\/wp\/v2\/product\/87461\/revisions\/87468"}],"wp:featuredmedia":[{"embeddable":true,"href":"https:\/\/brandss.com.py\/index\/wp-json\/wp\/v2\/media\/87462"}],"wp:attachment":[{"href":"https:\/\/brandss.com.py\/index\/wp-json\/wp\/v2\/media?parent=87461"}],"wp:term":[{"taxonomy":"product_brand","embeddable":true,"href":"https:\/\/brandss.com.py\/index\/wp-json\/wp\/v2\/product_brand?post=87461"},{"taxonomy":"product_cat","embeddable":true,"href":"https:\/\/brandss.com.py\/index\/wp-json\/wp\/v2\/product_cat?post=87461"},{"taxonomy":"product_tag","embeddable":true,"href":"https:\/\/brandss.com.py\/index\/wp-json\/wp\/v2\/product_tag?post=87461"}],"curies":[{"name":"wp","href":"https:\/\/api.w.org\/{rel}","templated":true}]}}