{"id":87469,"date":"2025-08-01T14:04:53","date_gmt":"2025-08-01T14:04:53","guid":{"rendered":"https:\/\/brandss.com.py\/index\/?post_type=product&#038;p=87469"},"modified":"2026-03-26T13:50:15","modified_gmt":"2026-03-26T13:50:15","slug":"perfume-unisex-mawwal-fantasy-malek-edp-100ml","status":"publish","type":"product","link":"https:\/\/brandss.com.py\/index\/producto\/perfume-unisex-mawwal-fantasy-malek-edp-100ml\/","title":{"rendered":"PERFUME UNISEX MAWWAL FANTASY MALEK EDP 100ML"},"content":{"rendered":"<p><img loading=\"lazy\" decoding=\"async\" class=\"\" src=\"https:\/\/mawwal.com\/wp-content\/uploads\/2022\/02\/luxury-beige-3.png\" alt=\"Mawwal Arabia - Buy Premium Arabic Perfumes from Dubai\" width=\"95\" height=\"149\" \/><\/p>\n<h1>FANTASY MALEK<\/h1>\n<p>Malik es la fragancia de los visionarios: aquellos que se atreven a so\u00f1ar y tienen el coraje de alcanzar la grandeza. Cada nota narra una historia de fuerza, prop\u00f3sito y poder silencioso, gui\u00e1ndote para transformar tus aspiraciones en logros. M\u00e1s que un aroma, Malik es un recordatorio para caminar con dignidad, liderar con el coraz\u00f3n y abrazar al rey interior.<\/p>\n<h3>Notas Olfativas<\/h3>\n<p><span><span dir=\"ltr\" lang=\"pt-BR\">Mawwal Fantasy Malek es una fragancia\u00a0<\/span>masculina\u00a0de la familia arom\u00e1tica amaderada\u00a0<\/span><span>.\u00a0<span dir=\"ltr\" lang=\"es-MX\">Con\u00a0<\/span>una concentraci\u00f3n\u00a0<span dir=\"ltr\" lang=\"es-MX\">de\u00a0<\/span>Eau de Parfum, ofrece un aroma arom\u00e1tico intenso y duradero en la piel. Sus notas se componen de los siguientes ingredientes:<\/span><\/p>\n<ul>\n<li><strong><span>Notas de salida:<\/span><\/strong><span>\u00a0Nuez moscada\u00a0<\/span><span>, canela, cardamomo y pomelo.<\/span><\/li>\n<li><strong><span>Notas de coraz\u00f3n:<\/span><\/strong><span> Lavanda.<\/span><\/li>\n<li><span><span dir=\"ltr\" lang=\"es-MX\"><strong>Notas de fondo:<\/strong><\/span><span dir=\"ltr\" lang=\"es-MX\"><strong>\u00a0<\/strong>Cazucchini, s\u00e1ndalo, \u00e1mbar, pachul\u00ed y vetiver de Hait\u00ed.<\/span><\/span><\/li>\n<\/ul>\n","protected":false},"excerpt":{"rendered":"<p>FANTASY MALEK Malik es la fragancia de los visionarios: aquellos que se atreven a so\u00f1ar y tienen el coraje de<\/p>\n","protected":false},"featured_media":87470,"comment_status":"open","ping_status":"closed","template":"","meta":{"nf_dc_page":""},"product_brand":[2001],"product_cat":[84],"product_tag":[3267],"class_list":{"0":"post-87469","1":"product","2":"type-product","3":"status-publish","4":"has-post-thumbnail","6":"product_brand-mawwal","7":"product_cat-perfumeria","8":"product_tag-3267","10":"first","11":"outofstock","12":"shipping-taxable","13":"purchasable","14":"product-type-simple"},"_links":{"self":[{"href":"https:\/\/brandss.com.py\/index\/wp-json\/wp\/v2\/product\/87469","targetHints":{"allow":["GET"]}}],"collection":[{"href":"https:\/\/brandss.com.py\/index\/wp-json\/wp\/v2\/product"}],"about":[{"href":"https:\/\/brandss.com.py\/index\/wp-json\/wp\/v2\/types\/product"}],"replies":[{"embeddable":true,"href":"https:\/\/brandss.com.py\/index\/wp-json\/wp\/v2\/comments?post=87469"}],"version-history":[{"count":1,"href":"https:\/\/brandss.com.py\/index\/wp-json\/wp\/v2\/product\/87469\/revisions"}],"predecessor-version":[{"id":87474,"href":"https:\/\/brandss.com.py\/index\/wp-json\/wp\/v2\/product\/87469\/revisions\/87474"}],"wp:featuredmedia":[{"embeddable":true,"href":"https:\/\/brandss.com.py\/index\/wp-json\/wp\/v2\/media\/87470"}],"wp:attachment":[{"href":"https:\/\/brandss.com.py\/index\/wp-json\/wp\/v2\/media?parent=87469"}],"wp:term":[{"taxonomy":"product_brand","embeddable":true,"href":"https:\/\/brandss.com.py\/index\/wp-json\/wp\/v2\/product_brand?post=87469"},{"taxonomy":"product_cat","embeddable":true,"href":"https:\/\/brandss.com.py\/index\/wp-json\/wp\/v2\/product_cat?post=87469"},{"taxonomy":"product_tag","embeddable":true,"href":"https:\/\/brandss.com.py\/index\/wp-json\/wp\/v2\/product_tag?post=87469"}],"curies":[{"name":"wp","href":"https:\/\/api.w.org\/{rel}","templated":true}]}}