{"id":87475,"date":"2025-08-01T14:18:23","date_gmt":"2025-08-01T14:18:23","guid":{"rendered":"https:\/\/brandss.com.py\/index\/?post_type=product&#038;p=87475"},"modified":"2026-03-26T13:49:51","modified_gmt":"2026-03-26T13:49:51","slug":"perfume-masculino-mawwal-fantasy-raif-edp-100ml","status":"publish","type":"product","link":"https:\/\/brandss.com.py\/index\/producto\/perfume-masculino-mawwal-fantasy-raif-edp-100ml\/","title":{"rendered":"PERFUME MASCULINO MAWWAL FANTASY RAIF EDP 100ML"},"content":{"rendered":"<p><img loading=\"lazy\" decoding=\"async\" class=\"\" src=\"https:\/\/mawwal.com\/wp-content\/uploads\/2022\/02\/luxury-beige-3.png\" alt=\"Mawwal Arabia - Buy Premium Arabic Perfumes from Dubai\" width=\"93\" height=\"146\" \/><\/p>\n<h1>FANTASY RAIF<\/h1>\n<p>Ra\u2019if es la personificaci\u00f3n de la fuerza masculina moderna: intensa, misteriosa y sofisticada, con un toque de exclusividad oriental, esta fragancia fue dise\u00f1ada para hombres decididos, que imponen presencia sin decir una palabra. Una experiencia olfativa que deja huella.<\/p>\n<h3>Notas Olfativas<\/h3>\n<p><span>El perfume\u00a0<span dir=\"ltr\" lang=\"pt-BR\">Mawwal Fantasy Ra&#8217;if\u00a0<\/span>es una fragancia de la familia olfativa oriental<\/span><span>\u00a0<span dir=\"ltr\" lang=\"es-MX\">a<\/span><\/span><span><span dir=\"ltr\" lang=\"es-MX\">maderada<\/span><\/span><span>\u00a0<\/span><span>para\u00a0<span dir=\"ltr\" lang=\"es-MX\">hombres<\/span>.\u00a0<\/span><span>Con una concentraci\u00f3n del tipo Eau de Parfum, ofrece una duradera y alta intensidad arom\u00e1tica en la piel. Sus notas est\u00e1n compuestas por los siguientes ingredientes:<\/span><\/p>\n<ul>\n<li><strong>Notas de salida:<\/strong>\u00a0Lavanda, nuez moscada y pomelo<\/li>\n<li><strong>Notas de coraz\u00f3n:<\/strong>\u00a0Canela y cardamomo<\/li>\n<li><span><span dir=\"ltr\" lang=\"es-MX\"><strong>Notas de fondo:<\/strong><\/span><span dir=\"ltr\" lang=\"es-MX\"><strong>\u00a0<\/strong>Incienso, s\u00e1ndalo, \u00e1mbar, pachul\u00ed y vetiver<\/span><\/span><\/li>\n<\/ul>\n","protected":false},"excerpt":{"rendered":"<p>FANTASY RAIF Ra\u2019if es la personificaci\u00f3n de la fuerza masculina moderna: intensa, misteriosa y sofisticada, con un toque de exclusividad<\/p>\n","protected":false},"featured_media":87476,"comment_status":"open","ping_status":"closed","template":"","meta":{"nf_dc_page":""},"product_brand":[2001],"product_cat":[84],"product_tag":[3266],"class_list":{"0":"post-87475","1":"product","2":"type-product","3":"status-publish","4":"has-post-thumbnail","6":"product_brand-mawwal","7":"product_cat-perfumeria","8":"product_tag-3266","10":"first","11":"instock","12":"sale","13":"shipping-taxable","14":"purchasable","15":"product-type-simple"},"_links":{"self":[{"href":"https:\/\/brandss.com.py\/index\/wp-json\/wp\/v2\/product\/87475","targetHints":{"allow":["GET"]}}],"collection":[{"href":"https:\/\/brandss.com.py\/index\/wp-json\/wp\/v2\/product"}],"about":[{"href":"https:\/\/brandss.com.py\/index\/wp-json\/wp\/v2\/types\/product"}],"replies":[{"embeddable":true,"href":"https:\/\/brandss.com.py\/index\/wp-json\/wp\/v2\/comments?post=87475"}],"version-history":[{"count":1,"href":"https:\/\/brandss.com.py\/index\/wp-json\/wp\/v2\/product\/87475\/revisions"}],"predecessor-version":[{"id":87480,"href":"https:\/\/brandss.com.py\/index\/wp-json\/wp\/v2\/product\/87475\/revisions\/87480"}],"wp:featuredmedia":[{"embeddable":true,"href":"https:\/\/brandss.com.py\/index\/wp-json\/wp\/v2\/media\/87476"}],"wp:attachment":[{"href":"https:\/\/brandss.com.py\/index\/wp-json\/wp\/v2\/media?parent=87475"}],"wp:term":[{"taxonomy":"product_brand","embeddable":true,"href":"https:\/\/brandss.com.py\/index\/wp-json\/wp\/v2\/product_brand?post=87475"},{"taxonomy":"product_cat","embeddable":true,"href":"https:\/\/brandss.com.py\/index\/wp-json\/wp\/v2\/product_cat?post=87475"},{"taxonomy":"product_tag","embeddable":true,"href":"https:\/\/brandss.com.py\/index\/wp-json\/wp\/v2\/product_tag?post=87475"}],"curies":[{"name":"wp","href":"https:\/\/api.w.org\/{rel}","templated":true}]}}