{"id":87481,"date":"2025-08-01T16:41:38","date_gmt":"2025-08-01T16:41:38","guid":{"rendered":"https:\/\/brandss.com.py\/index\/?post_type=product&#038;p=87481"},"modified":"2025-11-26T13:35:16","modified_gmt":"2025-11-26T13:35:16","slug":"perfume-unisex-french-avenue-royal-blend-nero-extrait-de-parfum-edp-100ml","status":"publish","type":"product","link":"https:\/\/brandss.com.py\/index\/producto\/perfume-unisex-french-avenue-royal-blend-nero-extrait-de-parfum-edp-100ml\/","title":{"rendered":"PERFUME UNISEX FRENCH AVENUE ROYAL BLEND NERO EXTRAIT DE PARFUM EDP 100ML"},"content":{"rendered":"<p><img loading=\"lazy\" decoding=\"async\" class=\"\" src=\"https:\/\/www.french-avenue-parfum.com\/wp-content\/uploads\/2024\/11\/logo-french-avenue.webp\" alt=\"Aether | Extracto de perfume para hombre | French Avenue\" width=\"118\" height=\"44\" \/><\/p>\n<h1>ROYAL BLEND NERO<\/h1>\n<p>Royal Blend Nero de French Avenue Perfume Extract es una exquisita fragancia unisex de la Colecci\u00f3n Royal de Fragrance World. Esta fragancia captura el misterio de las noches de luna y los secretos que se esconden en las cortes reales, inspirada en la opulencia de Oriente. Te envuelve en un aura enigm\u00e1tica y sofisticada, revelando fuerza, sensualidad y un toque de misterio real.<img loading=\"lazy\" decoding=\"async\" class=\"alignleft\" src=\"https:\/\/tegascents.co.za\/cdn\/shop\/files\/royal-blend-nero-extrait-de-parfum-100ml-610913.webp?v=1733831019\" width=\"604\" height=\"605\" \/><\/p>\n<p>Royal Blend Nero de French Avenue es un testimonio del arte de la perfumer\u00eda, combinando una armoniosa combinaci\u00f3n de notas especiadas, amaderadas, dulces y almizcladas para crear una fragancia cautivadora y sofisticada. Esta fragancia captura el encanto de la noche y el misterio de las cortes reales, convirti\u00e9ndola en una pieza imprescindible para quienes buscan una experiencia arom\u00e1tica \u00fanica y lujosa. Sum\u00e9rgete en el enigma y la sofisticaci\u00f3n de Royal Blend Nero y deja que su cautivador aroma eleve tu colecci\u00f3n de fragancias.<\/p>\n<p>&nbsp;<\/p>\n<h3>Notas Olfativas<\/h3>\n<p>&nbsp;<\/p>\n<p><span>Royal Blend Nero es una fragancia que irradia elegancia y refinamiento. Su explosi\u00f3n inicial de bergamota, nuez moscada, d\u00e1til y manzana crea una salida din\u00e1mica y vigorizante. Las notas de coraz\u00f3n de canela, azafr\u00e1n y madera seca aportan una complejidad rica y especiada, evocando una sensaci\u00f3n de lujo ex\u00f3tico. Las notas de fondo de vainilla, benju\u00ed, haba tonka y almizcle proporcionan una base c\u00e1lida y sensual, haciendo de esta fragancia una experiencia reconfortante y placentera.<\/span><\/p>\n<p>&nbsp;<\/p>\n<ul>\n<li><strong><span>Notas de salida:<\/span><\/strong><span>\u00a0Bergamota, nuez moscada, d\u00e1til, manzana.<\/span><\/li>\n<li><strong><span>Notas de coraz\u00f3n:<\/span><\/strong><span>\u00a0Canela, azafr\u00e1n, madera seca.<\/span><\/li>\n<li><strong><span>Notas de fondo:<\/span><\/strong><span>\u00a0vainilla, benju\u00ed, haba tonka, almizcle.<\/span><\/li>\n<\/ul>\n","protected":false},"excerpt":{"rendered":"<p>ROYAL BLEND NERO Royal Blend Nero de French Avenue Perfume Extract es una exquisita fragancia unisex de la Colecci\u00f3n Royal<\/p>\n","protected":false},"featured_media":87482,"comment_status":"open","ping_status":"closed","template":"","meta":{"nf_dc_page":""},"product_brand":[112],"product_cat":[84],"product_tag":[1498],"class_list":{"0":"post-87481","1":"product","2":"type-product","3":"status-publish","4":"has-post-thumbnail","6":"product_brand-french-avenue","7":"product_cat-perfumeria","8":"product_tag-1498","10":"first","11":"outofstock","12":"shipping-taxable","13":"purchasable","14":"product-type-simple"},"_links":{"self":[{"href":"https:\/\/brandss.com.py\/index\/wp-json\/wp\/v2\/product\/87481","targetHints":{"allow":["GET"]}}],"collection":[{"href":"https:\/\/brandss.com.py\/index\/wp-json\/wp\/v2\/product"}],"about":[{"href":"https:\/\/brandss.com.py\/index\/wp-json\/wp\/v2\/types\/product"}],"replies":[{"embeddable":true,"href":"https:\/\/brandss.com.py\/index\/wp-json\/wp\/v2\/comments?post=87481"}],"version-history":[{"count":1,"href":"https:\/\/brandss.com.py\/index\/wp-json\/wp\/v2\/product\/87481\/revisions"}],"predecessor-version":[{"id":87491,"href":"https:\/\/brandss.com.py\/index\/wp-json\/wp\/v2\/product\/87481\/revisions\/87491"}],"wp:featuredmedia":[{"embeddable":true,"href":"https:\/\/brandss.com.py\/index\/wp-json\/wp\/v2\/media\/87482"}],"wp:attachment":[{"href":"https:\/\/brandss.com.py\/index\/wp-json\/wp\/v2\/media?parent=87481"}],"wp:term":[{"taxonomy":"product_brand","embeddable":true,"href":"https:\/\/brandss.com.py\/index\/wp-json\/wp\/v2\/product_brand?post=87481"},{"taxonomy":"product_cat","embeddable":true,"href":"https:\/\/brandss.com.py\/index\/wp-json\/wp\/v2\/product_cat?post=87481"},{"taxonomy":"product_tag","embeddable":true,"href":"https:\/\/brandss.com.py\/index\/wp-json\/wp\/v2\/product_tag?post=87481"}],"curies":[{"name":"wp","href":"https:\/\/api.w.org\/{rel}","templated":true}]}}