{"id":87492,"date":"2025-08-01T17:30:19","date_gmt":"2025-08-01T17:30:19","guid":{"rendered":"https:\/\/brandss.com.py\/index\/?post_type=product&#038;p=87492"},"modified":"2025-11-26T13:36:20","modified_gmt":"2025-11-26T13:36:20","slug":"perfume-unisex-french-avenue-tropical-kiss-edp-80ml","status":"publish","type":"product","link":"https:\/\/brandss.com.py\/index\/producto\/perfume-unisex-french-avenue-tropical-kiss-edp-80ml\/","title":{"rendered":"PERFUME UNISEX FRENCH AVENUE TROPICAL KISS EDP 80ML"},"content":{"rendered":"<p><img loading=\"lazy\" decoding=\"async\" class=\"\" src=\"https:\/\/www.french-avenue-parfum.com\/wp-content\/uploads\/2024\/11\/logo-french-avenue.webp\" alt=\"Aether | Extracto de perfume para hombre | French Avenue\" width=\"120\" height=\"45\" \/><\/p>\n<h1>TROPICAL KISS<\/h1>\n<p><span>Tropical Kiss es una fragancia que irradia alegr\u00eda y relajaci\u00f3n, perfecta para quienes aprecian los vibrantes y ex\u00f3ticos aromas del tr\u00f3pico. Ya sea para una ocasi\u00f3n especial o para disfrutar a diario, este exquisito perfume promete transportarte a un para\u00edso de sol, arena y mar, dejando una huella imborrable dondequiera que vayas.<\/span><\/p>\n<p><span>Del\u00e9itate con el cautivador y refrescante aroma de Tropical Kiss. Deja que su vibrante mezcla de notas frutales, florales ex\u00f3ticas y c\u00e1lidos acordes de fondo te transporte a un para\u00edso tropical, donde cada momento se siente como una escapada de ensue\u00f1o.<\/span><\/p>\n<p><img loading=\"lazy\" decoding=\"async\" class=\"alignleft\" src=\"https:\/\/www.dubaiperfumehub.com\/cdn\/shop\/files\/tropical_kiss_french_avenue_4.webp?v=1725910797\" width=\"586\" height=\"449\" \/><\/p>\n<h3>Notas Olfativas<\/h3>\n<p>&nbsp;<\/p>\n<p><span>Tropical Kiss, una creaci\u00f3n que captura la esencia de una escapada tropical inolvidable. Esta encantadora fragancia combina vibrantes notas frutales con ex\u00f3ticas notas florales y un fondo c\u00e1lido y reconfortante, creando un aroma refrescante y cautivador.<\/span><\/p>\n<p><span>En primer plano, Tropical Kiss abre con una deliciosa mezcla de mango, manzanilla y azahar. El jugoso y dulce aroma del mango se combina con las notas calmantes y florales de la manzanilla y el delicado aroma c\u00edtrico de la azahar, creando una entrada vigorizante y estimulante.<\/span><\/p>\n<p><span>A medida que la fragancia evoluciona, el coraz\u00f3n revela un exuberante bouquet de ylang ylang, lirio y coco. El ylang ylang aporta un toque floral ex\u00f3tico, mientras que el lirio aporta una elegancia suave y polvorienta. El cremoso y tropical aroma del coco realza la composici\u00f3n, evocando la sensaci\u00f3n de una serena escapada a la isla.<\/span><\/p>\n<p><span>En la base, Tropical Kiss deja una huella imborrable con su rica y reconfortante mezcla de \u00e1mbar, benju\u00ed y vainilla. El \u00e1mbar aporta una calidez y una profundidad resinosa, mientras que el benju\u00ed a\u00f1ade una dulce riqueza bals\u00e1mica. La vainilla envuelve los sentidos con su aroma cremoso y dulce, creando un final relajante y sensual que perdura en la piel.<\/span><\/p>\n<p>&nbsp;<\/p>\n<ul>\n<li><strong><span>Notas de salida:<\/span><\/strong><span>\u00a0Mango, manzanilla, flor de naranja.<\/span><\/li>\n<li><strong><span>Notas de coraz\u00f3n:<\/span><\/strong><span> Ylang Ylang, lirio, coco.<\/span><\/li>\n<li><strong><span>Notas de fondo:<\/span><\/strong><span> \u00e1mbar, benju\u00ed, vainilla.<\/span><\/li>\n<\/ul>\n","protected":false},"excerpt":{"rendered":"<p>TROPICAL KISS Tropical Kiss es una fragancia que irradia alegr\u00eda y relajaci\u00f3n, perfecta para quienes aprecian los vibrantes y ex\u00f3ticos<\/p>\n","protected":false},"featured_media":87493,"comment_status":"open","ping_status":"closed","template":"","meta":{"nf_dc_page":""},"product_brand":[112],"product_cat":[84],"product_tag":[1499],"class_list":{"0":"post-87492","1":"product","2":"type-product","3":"status-publish","4":"has-post-thumbnail","6":"product_brand-french-avenue","7":"product_cat-perfumeria","8":"product_tag-1499","10":"first","11":"outofstock","12":"shipping-taxable","13":"purchasable","14":"product-type-simple"},"_links":{"self":[{"href":"https:\/\/brandss.com.py\/index\/wp-json\/wp\/v2\/product\/87492","targetHints":{"allow":["GET"]}}],"collection":[{"href":"https:\/\/brandss.com.py\/index\/wp-json\/wp\/v2\/product"}],"about":[{"href":"https:\/\/brandss.com.py\/index\/wp-json\/wp\/v2\/types\/product"}],"replies":[{"embeddable":true,"href":"https:\/\/brandss.com.py\/index\/wp-json\/wp\/v2\/comments?post=87492"}],"version-history":[{"count":1,"href":"https:\/\/brandss.com.py\/index\/wp-json\/wp\/v2\/product\/87492\/revisions"}],"predecessor-version":[{"id":87500,"href":"https:\/\/brandss.com.py\/index\/wp-json\/wp\/v2\/product\/87492\/revisions\/87500"}],"wp:featuredmedia":[{"embeddable":true,"href":"https:\/\/brandss.com.py\/index\/wp-json\/wp\/v2\/media\/87493"}],"wp:attachment":[{"href":"https:\/\/brandss.com.py\/index\/wp-json\/wp\/v2\/media?parent=87492"}],"wp:term":[{"taxonomy":"product_brand","embeddable":true,"href":"https:\/\/brandss.com.py\/index\/wp-json\/wp\/v2\/product_brand?post=87492"},{"taxonomy":"product_cat","embeddable":true,"href":"https:\/\/brandss.com.py\/index\/wp-json\/wp\/v2\/product_cat?post=87492"},{"taxonomy":"product_tag","embeddable":true,"href":"https:\/\/brandss.com.py\/index\/wp-json\/wp\/v2\/product_tag?post=87492"}],"curies":[{"name":"wp","href":"https:\/\/api.w.org\/{rel}","templated":true}]}}