{"id":87501,"date":"2025-08-01T18:47:37","date_gmt":"2025-08-01T18:47:37","guid":{"rendered":"https:\/\/brandss.com.py\/index\/?post_type=product&#038;p=87501"},"modified":"2025-11-26T13:41:01","modified_gmt":"2025-11-26T13:41:01","slug":"perfume-unisex-french-avenue-sultry-woods-edp-80ml","status":"publish","type":"product","link":"https:\/\/brandss.com.py\/index\/producto\/perfume-unisex-french-avenue-sultry-woods-edp-80ml\/","title":{"rendered":"PERFUME UNISEX FRENCH AVENUE SULTRY WOODS EDP 80ML"},"content":{"rendered":"<p><img loading=\"lazy\" decoding=\"async\" class=\"\" src=\"https:\/\/www.french-avenue-parfum.com\/wp-content\/uploads\/2024\/11\/logo-french-avenue.webp\" alt=\"Aether | Extracto de perfume para hombre | French Avenue\" width=\"136\" height=\"51\" \/><\/p>\n<h1>SULTRY WOODS<\/h1>\n<p>Es una fragancia que irradia sofisticaci\u00f3n y encanto, perfecta para quienes aprecian un aroma complejo y cautivador. Ya sea para una ocasi\u00f3n especial o para un capricho diario, este exquisito perfume promete envolverte en un velo de elegancia y encanto, dejando una huella imborrable dondequiera que vayas.<\/p>\n<p>Del\u00e9itese con el cautivador y elegante aroma de Sultry Woods. Deje que su sofisticada mezcla de ricas notas terrosas y c\u00e1lidas especias realce su presencia y deje una huella imborrable.<\/p>\n<p><img loading=\"lazy\" decoding=\"async\" class=\"alignleft\" src=\"https:\/\/emiratesoud.co.uk\/cdn\/shop\/files\/Sultry-Woods-Perfume-80ml-EDP-French-Avenue-by-Fragrance-World-169530299.jpg?v=1750210398&amp;width=713\" width=\"663\" height=\"663\" \/><\/p>\n<h3>Notas Olfativas<\/h3>\n<p>&nbsp;<\/p>\n<p>Sultry Woods una distinguida creaci\u00f3n, esta sofisticada fragancia combina notas terrosas y ricas con c\u00e1lidas especias y matices sensuales, creando una experiencia cautivadora y elegante.<\/p>\n<p>Al principio, Sultry Woods se abre con la vigorizante y arom\u00e1tica mezcla de bergamota, salvia esclarea y lavanda. El aroma vibrante y c\u00edtrico de la bergamota se complementa con la frescura herbal de la salvia esclarea y el aroma floral y calmante de la lavanda, creando una entrada fresca y energizante.<\/p>\n<p>A medida que la fragancia evoluciona, el coraz\u00f3n revela una lujosa mezcla de madera de cedro, pralin\u00e9 y azafr\u00e1n. La madera de cedro aporta una c\u00e1lida profundidad amaderada, mientras que el pralin\u00e9 impregna la composici\u00f3n con un aroma rico, dulce y a frutos secos. La nota ex\u00f3tica y especiada del azafr\u00e1n realza la complejidad y el encanto de la fragancia, haci\u00e9ndola verdaderamente cautivadora.<\/p>\n<p>En el fondo, Sultry Woods deja una huella imborrable con su rica y sensual mezcla de cuero, almizcle y pachul\u00ed. El cuero aporta una profundidad suave y sofisticada, mientras que el almizcle aporta una cualidad delicada y sensual. El pachul\u00ed aporta un matiz terroso, ligeramente dulce y amaderado, que enra\u00edza la fragancia y deja una estela memorable y persistente.<\/p>\n<ul>\n<li><strong>Notas de salida:<\/strong>\u00a0bergamota, salvia esclarea, lavanda<\/li>\n<li><strong>Notas de coraz\u00f3n:<\/strong>\u00a0madera de cedro, pralin\u00e9, azafr\u00e1n<\/li>\n<li><strong>Notas de fondo:<\/strong>\u00a0Cuero, almizcle, pachul\u00ed.<\/li>\n<\/ul>\n","protected":false},"excerpt":{"rendered":"<p>SULTRY WOODS Es una fragancia que irradia sofisticaci\u00f3n y encanto, perfecta para quienes aprecian un aroma complejo y cautivador. Ya<\/p>\n","protected":false},"featured_media":87502,"comment_status":"open","ping_status":"closed","template":"","meta":{"nf_dc_page":""},"product_brand":[112],"product_cat":[84],"product_tag":[1500],"class_list":{"0":"post-87501","1":"product","2":"type-product","3":"status-publish","4":"has-post-thumbnail","6":"product_brand-french-avenue","7":"product_cat-perfumeria","8":"product_tag-1500","10":"first","11":"instock","12":"shipping-taxable","13":"purchasable","14":"product-type-simple"},"_links":{"self":[{"href":"https:\/\/brandss.com.py\/index\/wp-json\/wp\/v2\/product\/87501","targetHints":{"allow":["GET"]}}],"collection":[{"href":"https:\/\/brandss.com.py\/index\/wp-json\/wp\/v2\/product"}],"about":[{"href":"https:\/\/brandss.com.py\/index\/wp-json\/wp\/v2\/types\/product"}],"replies":[{"embeddable":true,"href":"https:\/\/brandss.com.py\/index\/wp-json\/wp\/v2\/comments?post=87501"}],"version-history":[{"count":2,"href":"https:\/\/brandss.com.py\/index\/wp-json\/wp\/v2\/product\/87501\/revisions"}],"predecessor-version":[{"id":87510,"href":"https:\/\/brandss.com.py\/index\/wp-json\/wp\/v2\/product\/87501\/revisions\/87510"}],"wp:featuredmedia":[{"embeddable":true,"href":"https:\/\/brandss.com.py\/index\/wp-json\/wp\/v2\/media\/87502"}],"wp:attachment":[{"href":"https:\/\/brandss.com.py\/index\/wp-json\/wp\/v2\/media?parent=87501"}],"wp:term":[{"taxonomy":"product_brand","embeddable":true,"href":"https:\/\/brandss.com.py\/index\/wp-json\/wp\/v2\/product_brand?post=87501"},{"taxonomy":"product_cat","embeddable":true,"href":"https:\/\/brandss.com.py\/index\/wp-json\/wp\/v2\/product_cat?post=87501"},{"taxonomy":"product_tag","embeddable":true,"href":"https:\/\/brandss.com.py\/index\/wp-json\/wp\/v2\/product_tag?post=87501"}],"curies":[{"name":"wp","href":"https:\/\/api.w.org\/{rel}","templated":true}]}}