{"id":87511,"date":"2025-08-01T19:12:17","date_gmt":"2025-08-01T19:12:17","guid":{"rendered":"https:\/\/brandss.com.py\/index\/?post_type=product&#038;p=87511"},"modified":"2026-03-16T14:24:57","modified_gmt":"2026-03-16T14:24:57","slug":"perfume-masculino-french-avenue-azzure-aoud-edp-100ml","status":"publish","type":"product","link":"https:\/\/brandss.com.py\/index\/producto\/perfume-masculino-french-avenue-azzure-aoud-edp-100ml\/","title":{"rendered":"PERFUME MASCULINO FRENCH AVENUE AZZURE AOUD EDP 100ML"},"content":{"rendered":"<p><img loading=\"lazy\" decoding=\"async\" class=\"\" src=\"https:\/\/www.french-avenue-parfum.com\/wp-content\/uploads\/2024\/11\/logo-french-avenue.webp\" alt=\"Aether | Extracto de perfume para hombre | French Avenue\" width=\"96\" height=\"36\" \/><\/p>\n<h1>AZZURE AOUD<\/h1>\n<p>Es una fragancia que irradia sofisticaci\u00f3n y lujo, perfecta para quienes aprecian un aroma complejo y cautivador. Ya sea para ocasiones especiales o para el d\u00eda a d\u00eda, este exquisito perfume promete envolverte en un velo de elegancia y seducci\u00f3n, dejando una huella imborrable dondequiera que vayas. Descubre la refinada elegancia de Azzure Aoud, una lujosa creaci\u00f3n, esta sofisticada fragancia combina notas ex\u00f3ticas y opulentas, creando una experiencia olfativa cautivadora y memorable.<\/p>\n<p><img loading=\"lazy\" decoding=\"async\" class=\"alignleft\" src=\"https:\/\/http2.mlstatic.com\/D_NQ_NP_2X_902331-MLV84715015901_052025-F.webp\" width=\"437\" height=\"655\" \/><\/p>\n<h3>Notas Olfativas<\/h3>\n<p>&nbsp;<\/p>\n<p><span>En primer plano, Azzure Aoud se abre con la fascinante mezcla de absoluto de hoja de violeta de Egipto y grosella negra de Borgo\u00f1a. El aroma fresco y verde de la hoja de violeta se equilibra a la perfecci\u00f3n con el rico y afrutado aroma de la grosella negra, creando una salida vibrante y sofisticada que cautiva los sentidos.<\/span><\/p>\n<p><span>A medida que la fragancia evoluciona, el coraz\u00f3n revela una lujosa mezcla de resinoide de styrax y aceite de vetiver. El resinoide de styrax aporta una c\u00e1lida dulzura bals\u00e1mica, mientras que el aceite de vetiver aporta una profundidad terrosa y amaderada, realzando la complejidad y riqueza de la composici\u00f3n.<\/span><\/p>\n<p><span>En el fondo, Azzure Aoud deja una huella imborrable con su opulenta mezcla de resina de benju\u00ed de Siam, oud y pachul\u00ed de Indonesia. Las notas resinosas y dulces del benju\u00ed se combinan con el aroma ahumado y ex\u00f3tico del oud, mientras que el pachul\u00ed aporta un matiz terroso y ligeramente picante. Juntas, estas notas de fondo crean un final profundo y sensual que perdura en la piel.<\/span><\/p>\n<p>El\u00a0<span><span dir=\"ltr\" lang=\"es-MX\">Perfume French Avenue AzzureAoud <\/span><\/span>es una fragancia de la familia olfativa<span dir=\"ltr\" lang=\"es-MX\">\u00a0<\/span><span dir=\"ltr\" lang=\"es-MX\">oriental amaderada<\/span>\u00a0<span dir=\"ltr\" lang=\"es-MX\">que transmite sofisticaci\u00f3n y calidez con una excelente fijaci\u00f3n\u00a0<\/span><span dir=\"ltr\" lang=\"es-MX\">y de larga duraci\u00f3n<\/span>. Con una concentraci\u00f3n<span dir=\"ltr\" lang=\"es-MX\">\u00a0Eau de\u00a0<\/span>Parfum. Sus notas est\u00e1n compuestas por los siguientes ingredientes:<\/p>\n<p>&nbsp;<\/p>\n<ul>\n<li><span><strong>Notas de Salida:<\/strong><span dir=\"ltr\" lang=\"es-MX\"><strong>\u00a0<\/strong><\/span><span dir=\"ltr\" lang=\"es-MX\">Azafr\u00e1n, fruta de la pasi\u00f3n y rosas.<\/span><\/span><\/li>\n<li><span><strong>Notas de Coraz\u00f3n:<\/strong><span dir=\"ltr\" lang=\"es-MX\"><strong>\u00a0<\/strong><\/span><span dir=\"ltr\" lang=\"es-MX\">Oud, benju\u00ed y pachul\u00ed.<\/span><\/span><\/li>\n<li><span><strong>Notas de Fondo:<\/strong><span dir=\"ltr\" lang=\"es-MX\"><strong>\u00a0<\/strong>Cuero, notas amaderadas y vainilla.<\/span><\/span><\/li>\n<\/ul>\n","protected":false},"excerpt":{"rendered":"<p>AZZURE AOUD Es una fragancia que irradia sofisticaci\u00f3n y lujo, perfecta para quienes aprecian un aroma complejo y cautivador. Ya<\/p>\n","protected":false},"featured_media":87512,"comment_status":"open","ping_status":"closed","template":"","meta":{"nf_dc_page":""},"product_brand":[112],"product_cat":[84],"product_tag":[1501],"class_list":{"0":"post-87511","1":"product","2":"type-product","3":"status-publish","4":"has-post-thumbnail","6":"product_brand-french-avenue","7":"product_cat-perfumeria","8":"product_tag-1501","10":"first","11":"outofstock","12":"shipping-taxable","13":"purchasable","14":"product-type-simple"},"_links":{"self":[{"href":"https:\/\/brandss.com.py\/index\/wp-json\/wp\/v2\/product\/87511","targetHints":{"allow":["GET"]}}],"collection":[{"href":"https:\/\/brandss.com.py\/index\/wp-json\/wp\/v2\/product"}],"about":[{"href":"https:\/\/brandss.com.py\/index\/wp-json\/wp\/v2\/types\/product"}],"replies":[{"embeddable":true,"href":"https:\/\/brandss.com.py\/index\/wp-json\/wp\/v2\/comments?post=87511"}],"version-history":[{"count":1,"href":"https:\/\/brandss.com.py\/index\/wp-json\/wp\/v2\/product\/87511\/revisions"}],"predecessor-version":[{"id":87518,"href":"https:\/\/brandss.com.py\/index\/wp-json\/wp\/v2\/product\/87511\/revisions\/87518"}],"wp:featuredmedia":[{"embeddable":true,"href":"https:\/\/brandss.com.py\/index\/wp-json\/wp\/v2\/media\/87512"}],"wp:attachment":[{"href":"https:\/\/brandss.com.py\/index\/wp-json\/wp\/v2\/media?parent=87511"}],"wp:term":[{"taxonomy":"product_brand","embeddable":true,"href":"https:\/\/brandss.com.py\/index\/wp-json\/wp\/v2\/product_brand?post=87511"},{"taxonomy":"product_cat","embeddable":true,"href":"https:\/\/brandss.com.py\/index\/wp-json\/wp\/v2\/product_cat?post=87511"},{"taxonomy":"product_tag","embeddable":true,"href":"https:\/\/brandss.com.py\/index\/wp-json\/wp\/v2\/product_tag?post=87511"}],"curies":[{"name":"wp","href":"https:\/\/api.w.org\/{rel}","templated":true}]}}