{"id":87519,"date":"2025-08-02T12:19:06","date_gmt":"2025-08-02T12:19:06","guid":{"rendered":"https:\/\/brandss.com.py\/index\/?post_type=product&#038;p=87519"},"modified":"2025-11-26T13:43:32","modified_gmt":"2025-11-26T13:43:32","slug":"perfume-femenino-french-avenue-sweet-paradise-edp-100ml","status":"publish","type":"product","link":"https:\/\/brandss.com.py\/index\/producto\/perfume-femenino-french-avenue-sweet-paradise-edp-100ml\/","title":{"rendered":"PERFUME FEMENINO FRENCH AVENUE SWEET PARADISE EDP 100ML"},"content":{"rendered":"<p><img loading=\"lazy\" decoding=\"async\" class=\"\" src=\"https:\/\/www.french-avenue-parfum.com\/wp-content\/uploads\/2024\/11\/logo-french-avenue.webp\" alt=\"Aether | Extracto de perfume para hombre | French Avenue\" width=\"131\" height=\"49\" \/><\/p>\n<h1>SWEET PARADISE<\/h1>\n<p>Es m\u00e1s que una simple fragancia: es una celebraci\u00f3n de la dulce elegancia y la feminidad atemporal. Es una fragancia encantadora y cautivadora que combina notas frutales frescas con elegantes florales y un fondo c\u00e1lido y reconfortante. Este Eau de Parfum crea una experiencia arom\u00e1tica encantadora y cautivadora, perfecta para quienes aprecian una combinaci\u00f3n equilibrada de dulzura y sofisticaci\u00f3n. Perfecto para el d\u00eda a d\u00eda o para momentos especiales, este perfume irradia una sensaci\u00f3n de delicado encanto y refinamiento.<\/p>\n<p><img decoding=\"async\" class=\"alignleft\" src=\"https:\/\/flora-parfums.com\/wp-content\/uploads\/2025\/01\/2baa4f3b-720e-403f-b972-7f08891ffee1.__CR00600450_PT0_SX600_V1___.jpg\" \/><\/p>\n<h3>Notas Olfativas<\/h3>\n<p>&nbsp;<\/p>\n<p><span>La fragancia se abre con una explosi\u00f3n brillante y refrescante de mandarina y almizcle ambreta, ofreciendo una frescura c\u00edtrica y vibrante, equilibrada por la suave esencia ligeramente almizclada de la ambreta. Esta vibrante y vigorizante salida capta la atenci\u00f3n de inmediato, preparando el escenario para el elegante coraz\u00f3n de la fragancia.<\/span><\/p>\n<p><span>A medida que se despliega Sweet Paradise, las notas medias revelan un hermoso bouquet floral de lirio, peon\u00eda y rosa, complementado por la dulzura afrutada del melocot\u00f3n. La esencia polvorienta y ligeramente terrosa del lirio se funde a la perfecci\u00f3n con las rom\u00e1nticas y delicadas notas florales de la peon\u00eda y la rosa, mientras que el melocot\u00f3n aporta un matiz jugoso y dulce, realzando el encanto femenino de la fragancia.<\/span><\/p>\n<p><span>En el fondo, una rica y reconfortante combinaci\u00f3n de haba tonka, heliotropo y cebada crea un final suave y c\u00e1lido. El haba tonka aporta una calidez cremosa y dulce, mientras que el heliotropo a\u00f1ade una sutil dulzura atalcada. El acorde de cebada introduce una profundidad terrosa y granulada \u00fanica, dejando una impresi\u00f3n sofisticada y duradera.<\/span><\/p>\n<p><span>Sweet Paradise es una fragancia completa que combina notas frutales, florales y c\u00e1lidas para crear un aroma encantador y vers\u00e1til. Ya sea para el d\u00eda o para una ocasi\u00f3n especial, este perfume te envuelve en un aura de elegancia y encanto.<\/span><\/p>\n<p>Con su cautivadora mezcla de mandarina fresca, elegantes notas florales y c\u00e1lidas y reconfortantes notas de fondo, Sweet Paradise es una fragancia para quienes buscan un aroma \u00fanico que ofrezca dulzura y profundidad. Experimenta el encanto y la sofisticaci\u00f3n de Sweet Paradise, una fragancia que deja una huella imborrable de belleza y gracia.<\/p>\n<ul>\n<li><strong><span>Notas de salida:<\/span><\/strong><span> Almizcle ambreta, mandarina.<\/span><\/li>\n<li><strong><span>Notas de coraz\u00f3n:<\/span><\/strong><span> lirio, melocot\u00f3n, peon\u00eda, rosa.<\/span><\/li>\n<li><strong><span>Notas de fondo:<\/span><\/strong><span> haba tonka, heliotropo, acorde de cebada.<\/span><\/li>\n<\/ul>\n","protected":false},"excerpt":{"rendered":"<p>SWEET PARADISE Es m\u00e1s que una simple fragancia: es una celebraci\u00f3n de la dulce elegancia y la feminidad atemporal. Es<\/p>\n","protected":false},"featured_media":87520,"comment_status":"open","ping_status":"closed","template":"","meta":{"nf_dc_page":""},"product_brand":[112],"product_cat":[84],"product_tag":[1502],"class_list":{"0":"post-87519","1":"product","2":"type-product","3":"status-publish","4":"has-post-thumbnail","6":"product_brand-french-avenue","7":"product_cat-perfumeria","8":"product_tag-1502","10":"first","11":"instock","12":"shipping-taxable","13":"purchasable","14":"product-type-simple"},"_links":{"self":[{"href":"https:\/\/brandss.com.py\/index\/wp-json\/wp\/v2\/product\/87519","targetHints":{"allow":["GET"]}}],"collection":[{"href":"https:\/\/brandss.com.py\/index\/wp-json\/wp\/v2\/product"}],"about":[{"href":"https:\/\/brandss.com.py\/index\/wp-json\/wp\/v2\/types\/product"}],"replies":[{"embeddable":true,"href":"https:\/\/brandss.com.py\/index\/wp-json\/wp\/v2\/comments?post=87519"}],"version-history":[{"count":1,"href":"https:\/\/brandss.com.py\/index\/wp-json\/wp\/v2\/product\/87519\/revisions"}],"predecessor-version":[{"id":87529,"href":"https:\/\/brandss.com.py\/index\/wp-json\/wp\/v2\/product\/87519\/revisions\/87529"}],"wp:featuredmedia":[{"embeddable":true,"href":"https:\/\/brandss.com.py\/index\/wp-json\/wp\/v2\/media\/87520"}],"wp:attachment":[{"href":"https:\/\/brandss.com.py\/index\/wp-json\/wp\/v2\/media?parent=87519"}],"wp:term":[{"taxonomy":"product_brand","embeddable":true,"href":"https:\/\/brandss.com.py\/index\/wp-json\/wp\/v2\/product_brand?post=87519"},{"taxonomy":"product_cat","embeddable":true,"href":"https:\/\/brandss.com.py\/index\/wp-json\/wp\/v2\/product_cat?post=87519"},{"taxonomy":"product_tag","embeddable":true,"href":"https:\/\/brandss.com.py\/index\/wp-json\/wp\/v2\/product_tag?post=87519"}],"curies":[{"name":"wp","href":"https:\/\/api.w.org\/{rel}","templated":true}]}}