{"id":87530,"date":"2025-08-02T13:50:39","date_gmt":"2025-08-02T13:50:39","guid":{"rendered":"https:\/\/brandss.com.py\/index\/?post_type=product&#038;p=87530"},"modified":"2025-11-26T13:44:10","modified_gmt":"2025-11-26T13:44:10","slug":"perfume-femenino-french-avenue-luscious-edp-100ml","status":"publish","type":"product","link":"https:\/\/brandss.com.py\/index\/producto\/perfume-femenino-french-avenue-luscious-edp-100ml\/","title":{"rendered":"PERFUME FEMENINO FRENCH AVENUE LUSCIOUS EDP 100ML"},"content":{"rendered":"<p><img loading=\"lazy\" decoding=\"async\" class=\"\" src=\"https:\/\/www.french-avenue-parfum.com\/wp-content\/uploads\/2024\/11\/logo-french-avenue.webp\" alt=\"Aether | Extracto de perfume para hombre | French Avenue\" width=\"99\" height=\"37\" \/><\/p>\n<h1>LUSCIOUS<\/h1>\n<h4><em><strong>Dulzura gourmet y elegancia sensual: un toque \u00fanico de seducci\u00f3n.<\/strong><\/em><\/h4>\n<p><span class=\"notranslate\">Luscious<\/span>\u00a0de la colecci\u00f3n\u00a0<span class=\"notranslate\">French Avenue<\/span>\u00a0es m\u00e1s que una fragancia, es una historia de feminidad refinada encarnada en notas sutiles y lujosas. Dulce pero elegante, encanta con su extraordinaria suavidad y deja una impresi\u00f3n indeleble.\u00a0La composici\u00f3n femenina\u00a0est\u00e1 dise\u00f1ada para enfatizar el encanto excepcional y el magnetismo misterioso.<\/p>\n<p>D\u00e9jate llevar por el lujoso encanto de Luscious, con su distintiva combinaci\u00f3n de pistacho, azafr\u00e1n, cacahuete y vainilla, ofrece una experiencia arom\u00e1tica verdaderamente \u00fanica. Ya sea que est\u00e9s haciendo una entrada triunfal en un evento o disfrutando de una velada tranquila, Luscious te garantiza una impresi\u00f3n memorable con su aroma rico y sensual.<\/p>\n<p><img loading=\"lazy\" decoding=\"async\" class=\"alignleft\" src=\"https:\/\/rivenscents.com\/cdn\/shop\/files\/French_Avenue_Luscious_EDP_100ml_Creamy_6eda661f-e468-408f-bb39-3355fa1e27ac.jpg?v=1746644980\" width=\"582\" height=\"582\" \/><\/p>\n<h3>Notas Olfativas<\/h3>\n<p>&nbsp;<\/p>\n<p><span>Luscious es un perfume que combina la energ\u00eda de las notas frescas con la profundidad de las fragancias gourmand. Su brillante salida de pistacho, cardamomo y bergamota capta la atenci\u00f3n con una explosi\u00f3n de frescura especiada, perfecta para quienes buscan un comienzo vibrante e intrigante. El coraz\u00f3n del perfume revela la riqueza del cacahuete y el azafr\u00e1n, creando un fascinante contraste entre dulzor y calidez especiada. Finalmente, la base de vainilla, haba tonka, miel y almizcle ofrece una estela suave y envolvente que deja una huella imborrable. Luscious es una interpretaci\u00f3n moderna de las fragancias gourmand, un perfume que se adapta tanto a los momentos cotidianos como a las ocasiones especiales, brindando una sensaci\u00f3n de lujo y refinamiento. Perfecto para quienes aman las fragancias atrevidas pero nunca excesivas, Luscious es el compa\u00f1ero ideal para un viaje sensorial \u00fanico. <\/span><\/p>\n<p><span>Una fragancia adictiva y elegante con un toque gourmand especiado que envuelve los sentidos. Ideal para mujeres que desean destacar con un aroma c\u00e1lido, dulce y lleno de car\u00e1cter. Perfecta para citas, salidas especiales o noches acogedoras donde la feminidad brilla con sofisticaci\u00f3n.<\/span><\/p>\n<p>&nbsp;<\/p>\n<p><span><strong>Notas de salida:<\/strong> pistacho, cardamomo, bergamota.<\/span><\/p>\n<p><span><strong>Notas de coraz\u00f3n:<\/strong> man\u00ed, azafr\u00e1n.<\/span><\/p>\n<p><span><strong>Notas de fondo:<\/strong> vainilla, haba tonka, miel, almizcle.<\/span><\/p>\n<p>&nbsp;<\/p>\n","protected":false},"excerpt":{"rendered":"<p>LUSCIOUS Dulzura gourmet y elegancia sensual: un toque \u00fanico de seducci\u00f3n. Luscious\u00a0de la colecci\u00f3n\u00a0French Avenue\u00a0es m\u00e1s que una fragancia, es<\/p>\n","protected":false},"featured_media":87531,"comment_status":"open","ping_status":"closed","template":"","meta":{"nf_dc_page":""},"product_brand":[112],"product_cat":[84],"product_tag":[1503],"class_list":{"0":"post-87530","1":"product","2":"type-product","3":"status-publish","4":"has-post-thumbnail","6":"product_brand-french-avenue","7":"product_cat-perfumeria","8":"product_tag-1503","10":"first","11":"instock","12":"shipping-taxable","13":"purchasable","14":"product-type-simple"},"_links":{"self":[{"href":"https:\/\/brandss.com.py\/index\/wp-json\/wp\/v2\/product\/87530","targetHints":{"allow":["GET"]}}],"collection":[{"href":"https:\/\/brandss.com.py\/index\/wp-json\/wp\/v2\/product"}],"about":[{"href":"https:\/\/brandss.com.py\/index\/wp-json\/wp\/v2\/types\/product"}],"replies":[{"embeddable":true,"href":"https:\/\/brandss.com.py\/index\/wp-json\/wp\/v2\/comments?post=87530"}],"version-history":[{"count":1,"href":"https:\/\/brandss.com.py\/index\/wp-json\/wp\/v2\/product\/87530\/revisions"}],"predecessor-version":[{"id":87539,"href":"https:\/\/brandss.com.py\/index\/wp-json\/wp\/v2\/product\/87530\/revisions\/87539"}],"wp:featuredmedia":[{"embeddable":true,"href":"https:\/\/brandss.com.py\/index\/wp-json\/wp\/v2\/media\/87531"}],"wp:attachment":[{"href":"https:\/\/brandss.com.py\/index\/wp-json\/wp\/v2\/media?parent=87530"}],"wp:term":[{"taxonomy":"product_brand","embeddable":true,"href":"https:\/\/brandss.com.py\/index\/wp-json\/wp\/v2\/product_brand?post=87530"},{"taxonomy":"product_cat","embeddable":true,"href":"https:\/\/brandss.com.py\/index\/wp-json\/wp\/v2\/product_cat?post=87530"},{"taxonomy":"product_tag","embeddable":true,"href":"https:\/\/brandss.com.py\/index\/wp-json\/wp\/v2\/product_tag?post=87530"}],"curies":[{"name":"wp","href":"https:\/\/api.w.org\/{rel}","templated":true}]}}