{"id":87540,"date":"2025-08-02T14:32:56","date_gmt":"2025-08-02T14:32:56","guid":{"rendered":"https:\/\/brandss.com.py\/index\/?post_type=product&#038;p=87540"},"modified":"2025-11-26T13:44:42","modified_gmt":"2025-11-26T13:44:42","slug":"perfume-femenino-french-avenue-melingue-edp-100ml","status":"publish","type":"product","link":"https:\/\/brandss.com.py\/index\/producto\/perfume-femenino-french-avenue-melingue-edp-100ml\/","title":{"rendered":"PERFUME FEMENINO FRENCH AVENUE MELINGUE EDP 100ML"},"content":{"rendered":"<p><img loading=\"lazy\" decoding=\"async\" class=\"\" src=\"https:\/\/www.french-avenue-parfum.com\/wp-content\/uploads\/2024\/11\/logo-french-avenue.webp\" alt=\"Aether | Extracto de perfume para hombre | French Avenue\" width=\"123\" height=\"46\" \/><\/p>\n<h1>MELINGUE<\/h1>\n<h4><em>Una fragancia sutil y elegante, llena de suavidad cremosa y frutosidad refinada.<\/em><\/h4>\n<p><span class=\"notranslate\">Meringue <\/span>es m\u00e1s que una fragancia, es una historia sobre la elegancia francesa y la ternura femenina. Ligera pero lujosa, esta fragancia evoca una sensaci\u00f3n de calidez y lujo sutil. La composici\u00f3n femenina\u00a0es perfecta tanto para el uso diario como para ocasiones especiales, enfatizando la feminidad natural.<\/p>\n<p>Del\u00e9itate con el delicioso y lujoso aroma de Meringue, esta sofisticada fragancia es una hermosa fusi\u00f3n de c\u00edtricos vibrantes, suave gamuza y notas de fondo ricas y c\u00e1lidas, creando un aroma que derrocha elegancia y encanto.<\/p>\n<p>El Perfume Meringue es una fragancia que encarna la elegancia y la sofisticaci\u00f3n, perfecta para quienes aprecian un aroma refinado y cautivador. Ya sea para ocasiones especiales o para el d\u00eda a d\u00eda, este exquisito perfume promete envolverte en un velo de lujo y seducci\u00f3n, dejando una huella imborrable dondequiera que vayas.<\/p>\n<p><img loading=\"lazy\" decoding=\"async\" class=\"alignleft\" src=\"https:\/\/zaoud.it\/cdn\/shop\/files\/meringue-perfume-bottle-surrounded-with-amber-and-vanilla-shows-against-white-background.jpg?v=1731293682&amp;width=990\" width=\"507\" height=\"634\" \/><\/p>\n<h3>Notas Olfativas<\/h3>\n<p>&nbsp;<\/p>\n<p><span>El Perfume Merengue se abre con una vibrante y refrescante mezcla de mandarina, bergamota y pi\u00f1a. La dulce y jugosa esencia de la mandarina se complementa a la perfecci\u00f3n con las vibrantes y c\u00edtricas notas de la bergamota, mientras que la pi\u00f1a aporta un toque tropical, creando una entrada deliciosa y vigorizante que despierta los sentidos al instante.<\/span><\/p>\n<p><span>A medida que la fragancia se desarrolla, el coraz\u00f3n revela una lujosa y armoniosa mezcla de gamuza, bayas rosadas y s\u00e1ndalo. El suave y aterciopelado aroma de gamuza introduce una textura suave y elegante, mientras que las bayas rosadas aportan un sutil toque especiado. Las ricas y cremosas notas de s\u00e1ndalo realzan la composici\u00f3n, aportando profundidad y calidez al coraz\u00f3n de la fragancia.<\/span><\/p>\n<p><span>En la base, el Perfume Merengue deja una huella imborrable con su reconfortante y sofisticada mezcla de Almizcle Blanco, Abedul, Vainilla y \u00c1mbar Gris. El Almizcle Blanco aporta una cualidad suave y sensual, mientras que el Abedul a\u00f1ade un toque ahumado y terroso. La cremosa dulzura de la Vainilla se funde a la perfecci\u00f3n con los c\u00e1lidos y ligeramente salados matices del \u00c1mbar Gris, creando un final profundo y memorable que perdura en la piel.<\/span><\/p>\n<p>&nbsp;<\/p>\n<ul>\n<li><strong><span>Notas de salida:<\/span><\/strong><span> mandarina, bergamota, pi\u00f1a.<\/span><\/li>\n<li><strong><span>Notas de coraz\u00f3n:<\/span><\/strong><span> gamuza, bayas rosadas, s\u00e1ndalo.<\/span><\/li>\n<li><strong><span>Notas de fondo:<\/span><\/strong><span> almizcle blanco, abedul, vainilla, \u00e1mbar gris.<\/span><\/li>\n<\/ul>\n","protected":false},"excerpt":{"rendered":"<p>MELINGUE Una fragancia sutil y elegante, llena de suavidad cremosa y frutosidad refinada. Meringue es m\u00e1s que una fragancia, es<\/p>\n","protected":false},"featured_media":87541,"comment_status":"open","ping_status":"closed","template":"","meta":{"nf_dc_page":""},"product_brand":[112],"product_cat":[84],"product_tag":[1504],"class_list":{"0":"post-87540","1":"product","2":"type-product","3":"status-publish","4":"has-post-thumbnail","6":"product_brand-french-avenue","7":"product_cat-perfumeria","8":"product_tag-1504","10":"first","11":"instock","12":"shipping-taxable","13":"purchasable","14":"product-type-simple"},"_links":{"self":[{"href":"https:\/\/brandss.com.py\/index\/wp-json\/wp\/v2\/product\/87540","targetHints":{"allow":["GET"]}}],"collection":[{"href":"https:\/\/brandss.com.py\/index\/wp-json\/wp\/v2\/product"}],"about":[{"href":"https:\/\/brandss.com.py\/index\/wp-json\/wp\/v2\/types\/product"}],"replies":[{"embeddable":true,"href":"https:\/\/brandss.com.py\/index\/wp-json\/wp\/v2\/comments?post=87540"}],"version-history":[{"count":1,"href":"https:\/\/brandss.com.py\/index\/wp-json\/wp\/v2\/product\/87540\/revisions"}],"predecessor-version":[{"id":87548,"href":"https:\/\/brandss.com.py\/index\/wp-json\/wp\/v2\/product\/87540\/revisions\/87548"}],"wp:featuredmedia":[{"embeddable":true,"href":"https:\/\/brandss.com.py\/index\/wp-json\/wp\/v2\/media\/87541"}],"wp:attachment":[{"href":"https:\/\/brandss.com.py\/index\/wp-json\/wp\/v2\/media?parent=87540"}],"wp:term":[{"taxonomy":"product_brand","embeddable":true,"href":"https:\/\/brandss.com.py\/index\/wp-json\/wp\/v2\/product_brand?post=87540"},{"taxonomy":"product_cat","embeddable":true,"href":"https:\/\/brandss.com.py\/index\/wp-json\/wp\/v2\/product_cat?post=87540"},{"taxonomy":"product_tag","embeddable":true,"href":"https:\/\/brandss.com.py\/index\/wp-json\/wp\/v2\/product_tag?post=87540"}],"curies":[{"name":"wp","href":"https:\/\/api.w.org\/{rel}","templated":true}]}}