{"id":87549,"date":"2025-08-02T17:39:48","date_gmt":"2025-08-02T17:39:48","guid":{"rendered":"https:\/\/brandss.com.py\/index\/?post_type=product&#038;p=87549"},"modified":"2026-04-21T11:26:01","modified_gmt":"2026-04-21T11:26:01","slug":"perfume-unisex-french-avenue-el-dorado-extrait-edp-100ml","status":"publish","type":"product","link":"https:\/\/brandss.com.py\/index\/producto\/perfume-unisex-french-avenue-el-dorado-extrait-edp-100ml\/","title":{"rendered":"PERFUME UNISEX FRENCH AVENUE EL DORADO EXTRAIT EDP 100ML"},"content":{"rendered":"<p><img loading=\"lazy\" decoding=\"async\" class=\"\" src=\"https:\/\/www.french-avenue-parfum.com\/wp-content\/uploads\/2024\/11\/logo-french-avenue.webp\" alt=\"Aether | Extracto de perfume para hombre | French Avenue\" width=\"96\" height=\"36\" \/><\/p>\n<h1>EL DORADO EXTRAIT<\/h1>\n<p>Es una fragancia intensa y potente, que evoca la esencia de los tesoros ocultos. El Dorado Extrait es un Eau de Parfum equilibrado y complejo, pensado para quienes buscan euf\u00f3ricas explosiones de fragancia. Es una fragancia opulenta y ex\u00f3tica que te transporta a un lujoso viaje sensorial. Con una compleja mezcla de notas especiadas, gourmand y a cuero, este Eau de Parfum es perfecto para quienes buscan un aroma audaz y cautivador que destile sofisticaci\u00f3n y misterio.<\/p>\n<p><span>El Dorado Extrait es perfecto para la noche, ocasiones especiales o cuando quieras causar una impresi\u00f3n audaz e inolvidable con una fragancia que irradia lujo y sofisticaci\u00f3n.<\/span><\/p>\n<p><span>El Dorado Extrait es una mezcla magistral de notas especiadas, florales, a cuero y gourmand, que ofrece un aroma audaz y seductor. Es perfecto para quienes aprecian una fragancia compleja y lujosa. <\/span><span>Con su rica y opulenta composici\u00f3n, El Dorado Extrait es perfecto para destacar. Ya sea un evento formal o una velada \u00edntima, esta fragancia dejar\u00e1 una huella imborrable de elegancia y misterio.<\/span><\/p>\n<p><img loading=\"lazy\" decoding=\"async\" class=\"alignleft\" src=\"https:\/\/i0.wp.com\/soghaat.co.uk\/wp-content\/uploads\/2024\/10\/El-Dorado-Extrait-Perfume-Eau-De-Parfum-100ml-by-French-Avenue-Fragrance-World-1-1.jpg?fit=2048%2C2047&amp;ssl=1\" width=\"629\" height=\"628\" \/><\/p>\n<h3>\nNotas Olfativas<\/h3>\n<p>&nbsp;<\/p>\n<p><span>La fragancia se abre con una mezcla especiada y dulce de mandarina, nuez moscada, comino y caramelo. La mandarina aporta una frescura c\u00edtrica, mientras que la nuez moscada y el comino aportan un toque c\u00e1lido y picante. La nota de caramelo aporta una dulzura rica y gourmand al comienzo, creando una primera impresi\u00f3n lujosa y seductora.<\/span><\/p>\n<p><span>En el coraz\u00f3n, la violeta y el azafr\u00e1n cobran vida, ofreciendo una calidez floral y ex\u00f3tica. El acorde l\u00e1cteo aporta una cremosa suavidad que equilibra las notas especiadas y florales, mientras que el ambrox\u00e1n aporta una moderna cualidad ambarada que realza la riqueza de la fragancia.<\/span><\/p>\n<p><span>A medida que El Dorado Extrait se asienta, emergen las notas de fondo, aportando profundidad y longevidad a la fragancia. El acorde a cuero aporta un toque sofisticado y ligeramente ahumado, mientras que el musgo aporta un matiz terroso. El almizcle blanco y el oud crean una base sensual y lujosa, mientras que la vainilla aporta dulzura y calidez. Akigalawood, una nota con matices especiados y amaderados, aporta complejidad y riqueza al final, haciendo que la fragancia sea seductora y memorable.<\/span><\/p>\n<ul>\n<li><strong><span>Notas de salida:<\/span><\/strong><span> mandarina, nuez moscada, comino, caramelo.<\/span><\/li>\n<li><strong><span>Notas de coraz\u00f3n:<\/span><\/strong><span> violeta, azafr\u00e1n, acorde l\u00e1cteo, ambroxan.<\/span><\/li>\n<li><strong><span>Notas de fondo:<\/span><\/strong><span> acorde de cuero, musgo, almizcle blanco, oud, vainilla, akigalawood.<\/span><\/li>\n<\/ul>\n","protected":false},"excerpt":{"rendered":"<p>EL DORADO EXTRAIT Es una fragancia intensa y potente, que evoca la esencia de los tesoros ocultos. El Dorado Extrait<\/p>\n","protected":false},"featured_media":87550,"comment_status":"open","ping_status":"closed","template":"","meta":{"nf_dc_page":""},"product_brand":[112],"product_cat":[84],"product_tag":[1505],"class_list":{"0":"post-87549","1":"product","2":"type-product","3":"status-publish","4":"has-post-thumbnail","6":"product_brand-french-avenue","7":"product_cat-perfumeria","8":"product_tag-1505","10":"first","11":"outofstock","12":"shipping-taxable","13":"purchasable","14":"product-type-simple"},"_links":{"self":[{"href":"https:\/\/brandss.com.py\/index\/wp-json\/wp\/v2\/product\/87549","targetHints":{"allow":["GET"]}}],"collection":[{"href":"https:\/\/brandss.com.py\/index\/wp-json\/wp\/v2\/product"}],"about":[{"href":"https:\/\/brandss.com.py\/index\/wp-json\/wp\/v2\/types\/product"}],"replies":[{"embeddable":true,"href":"https:\/\/brandss.com.py\/index\/wp-json\/wp\/v2\/comments?post=87549"}],"version-history":[{"count":1,"href":"https:\/\/brandss.com.py\/index\/wp-json\/wp\/v2\/product\/87549\/revisions"}],"predecessor-version":[{"id":87558,"href":"https:\/\/brandss.com.py\/index\/wp-json\/wp\/v2\/product\/87549\/revisions\/87558"}],"wp:featuredmedia":[{"embeddable":true,"href":"https:\/\/brandss.com.py\/index\/wp-json\/wp\/v2\/media\/87550"}],"wp:attachment":[{"href":"https:\/\/brandss.com.py\/index\/wp-json\/wp\/v2\/media?parent=87549"}],"wp:term":[{"taxonomy":"product_brand","embeddable":true,"href":"https:\/\/brandss.com.py\/index\/wp-json\/wp\/v2\/product_brand?post=87549"},{"taxonomy":"product_cat","embeddable":true,"href":"https:\/\/brandss.com.py\/index\/wp-json\/wp\/v2\/product_cat?post=87549"},{"taxonomy":"product_tag","embeddable":true,"href":"https:\/\/brandss.com.py\/index\/wp-json\/wp\/v2\/product_tag?post=87549"}],"curies":[{"name":"wp","href":"https:\/\/api.w.org\/{rel}","templated":true}]}}