{"id":87559,"date":"2025-08-04T10:55:40","date_gmt":"2025-08-04T10:55:40","guid":{"rendered":"https:\/\/brandss.com.py\/index\/?post_type=product&#038;p=87559"},"modified":"2026-04-14T13:19:55","modified_gmt":"2026-04-14T13:19:55","slug":"perfume-unisex-french-avenue-vulcan-feu-edp-100ml","status":"publish","type":"product","link":"https:\/\/brandss.com.py\/index\/producto\/perfume-unisex-french-avenue-vulcan-feu-edp-100ml\/","title":{"rendered":"PERFUME UNISEX FRENCH AVENUE VULCAN FEU EDP 100ML"},"content":{"rendered":"<p><img loading=\"lazy\" decoding=\"async\" class=\"\" src=\"https:\/\/www.french-avenue-parfum.com\/wp-content\/uploads\/2024\/11\/logo-french-avenue.webp\" alt=\"Aether | Extracto de perfume para hombre | French Avenue\" width=\"136\" height=\"51\" \/><\/p>\n<h1>VULCAN FEU<\/h1>\n<p>Enciende tus sentidos con Vulcan Feu, una fragancia audaz para hombre y mujer que captura la esencia del fuego y la belleza de las flores, esta fragancia te sumerge en una mezcla chispeante de calidez, especias y dulzura, dise\u00f1ada para quienes buscan distinci\u00f3n y elegancia.<\/p>\n<p><img loading=\"lazy\" decoding=\"async\" class=\"alignleft\" src=\"https:\/\/theperfumeexperience.in\/cdn\/shop\/files\/Untitleddesign_26_bd9fd04d-5f3a-4e67-a4d9-0eb1db0c2a4a.png?v=1753100608\" width=\"535\" height=\"535\" \/><\/p>\n<h3>Notas Olfativas<\/h3>\n<p>&nbsp;<\/p>\n<p><span>Vulcan Feu enciende tus sentidos con una audaz mezcla de frutas vibrantes, especias ex\u00f3ticas y ricas notas terrosas. <\/span><span>Se abre con una deslumbrante mezcla de mango, jengibre, lim\u00f3n y frutos rojos, dando paso a un refinado coraz\u00f3n de cumarina, jazm\u00edn y cedro. La fragancia se asienta sobre una sensual base de almizcle, \u00e1mbar, oud y aceite de cipriol, creando una fragancia potente, sofisticada e inolvidable. Vulcan Feu es m\u00e1s que una fragancia: es una declaraci\u00f3n de pasi\u00f3n, elegancia e individualidad.<\/p>\n<p><\/span><\/p>\n<ul>\n<li><span><strong>Notas de salida:<\/strong> Mango, lim\u00f3n, jengibre y ruibarbo.\n<p><\/span><\/li>\n<li><span><strong>Notas de coraz\u00f3n:<\/strong> jazm\u00edn, pimienta rosa, violeta y pralin\u00e9.\n<p><\/span><\/li>\n<li><span><strong>Notas de fondo:<\/strong> \u00e1mbar gris, madera de cedro, haba tonka y musgo.<\/span><\/li>\n<\/ul>\n","protected":false},"excerpt":{"rendered":"<p>VULCAN FEU Enciende tus sentidos con Vulcan Feu, una fragancia audaz para hombre y mujer que captura la esencia del<\/p>\n","protected":false},"featured_media":87560,"comment_status":"open","ping_status":"closed","template":"","meta":{"nf_dc_page":""},"product_brand":[112],"product_cat":[84],"product_tag":[1506],"class_list":{"0":"post-87559","1":"product","2":"type-product","3":"status-publish","4":"has-post-thumbnail","6":"product_brand-french-avenue","7":"product_cat-perfumeria","8":"product_tag-1506","10":"first","11":"instock","12":"shipping-taxable","13":"purchasable","14":"product-type-simple"},"_links":{"self":[{"href":"https:\/\/brandss.com.py\/index\/wp-json\/wp\/v2\/product\/87559","targetHints":{"allow":["GET"]}}],"collection":[{"href":"https:\/\/brandss.com.py\/index\/wp-json\/wp\/v2\/product"}],"about":[{"href":"https:\/\/brandss.com.py\/index\/wp-json\/wp\/v2\/types\/product"}],"replies":[{"embeddable":true,"href":"https:\/\/brandss.com.py\/index\/wp-json\/wp\/v2\/comments?post=87559"}],"version-history":[{"count":1,"href":"https:\/\/brandss.com.py\/index\/wp-json\/wp\/v2\/product\/87559\/revisions"}],"predecessor-version":[{"id":87568,"href":"https:\/\/brandss.com.py\/index\/wp-json\/wp\/v2\/product\/87559\/revisions\/87568"}],"wp:featuredmedia":[{"embeddable":true,"href":"https:\/\/brandss.com.py\/index\/wp-json\/wp\/v2\/media\/87560"}],"wp:attachment":[{"href":"https:\/\/brandss.com.py\/index\/wp-json\/wp\/v2\/media?parent=87559"}],"wp:term":[{"taxonomy":"product_brand","embeddable":true,"href":"https:\/\/brandss.com.py\/index\/wp-json\/wp\/v2\/product_brand?post=87559"},{"taxonomy":"product_cat","embeddable":true,"href":"https:\/\/brandss.com.py\/index\/wp-json\/wp\/v2\/product_cat?post=87559"},{"taxonomy":"product_tag","embeddable":true,"href":"https:\/\/brandss.com.py\/index\/wp-json\/wp\/v2\/product_tag?post=87559"}],"curies":[{"name":"wp","href":"https:\/\/api.w.org\/{rel}","templated":true}]}}