{"id":87576,"date":"2025-08-04T12:35:55","date_gmt":"2025-08-04T12:35:55","guid":{"rendered":"https:\/\/brandss.com.py\/index\/?post_type=product&#038;p=87576"},"modified":"2026-03-17T10:44:29","modified_gmt":"2026-03-17T10:44:29","slug":"perfume-unisex-lattafa-liam-grey-edp-100ml","status":"publish","type":"product","link":"https:\/\/brandss.com.py\/index\/producto\/perfume-unisex-lattafa-liam-grey-edp-100ml\/","title":{"rendered":"PERFUME UNISEX LATTAFA LIAM GREY EDP 100ML"},"content":{"rendered":"<p><img loading=\"lazy\" decoding=\"async\" class=\"\" src=\"https:\/\/myscentjourney.s3.us-east-2.amazonaws.com\/2022\/02\/14\/29KIascent_j_marca_1644871114_202.png\" alt=\"MSJ::LATTAFA\" width=\"78\" height=\"93\" \/><\/p>\n<h1>LIAM GREY<\/h1>\n<p>Es s\u00edmbolo de elegancia y sofisticaci\u00f3n, te invita a explorar un mundo olfativo inolvidable. Esta fragancia mezcla con maestr\u00eda las notas olfativas en una sinfon\u00eda sensorial que le cautivar\u00e1. Ideal para noches elegantes o citas rom\u00e1nticas, Liam Grey revela su verdadera personalidad en la piel de quienes se atreven a destacar. Su elegancia persistente hace de esta fragancia la elecci\u00f3n perfecta para un d\u00eda de trabajo o para ocasiones especiales.<\/p>\n<p><img loading=\"lazy\" decoding=\"async\" class=\"alignleft\" src=\"https:\/\/opulensi.com\/cdn\/shop\/files\/LiamGreylattafaperfumescentnotesprofile.jpg?v=1728252317&amp;width=1445\" width=\"554\" height=\"554\" \/><\/p>\n<h3>Notas Olfativas<\/h3>\n<p>&nbsp;<\/p>\n<p><span>Lattafa Liam Grey es un Eau de Parfum de lujo para hombre y mujer. Con su emblem\u00e1tica mezcla de notas florales y almizcladas, esta sofisticada fragancia ofrece una frescura duradera durante todo el d\u00eda. Capturando el delicado equilibrio entre lo cl\u00e1sico y lo moderno. Liam Grey desliza una caricia suave y envolvente, comenzando con la chispa especiada del cardamomo y el dulzor ex\u00f3tico del higo. El t\u00e9 negro se fusiona con el iris en una danza elegante, mientras el vetiver aporta una profundidad terrenal. <\/span><\/p>\n<p><span>Las notas de l\u00e1dano y vainilla a\u00f1aden una calidez envolvente, seductora y reconfortante. <\/span><\/p>\n<p><span>El s\u00e1ndalo acaricia con su suavidad cremosa, mientras el haba tonka y el pachul\u00ed completan la experiencia con un toque oscuro y sensual, que queda grabado en la piel como una adicci\u00f3n irresistible.<\/span><\/p>\n<p>&nbsp;<\/p>\n<p>&nbsp;<\/p>\n<p><span><strong>Notas de salida:<\/strong> Cardamomo, T\u00e9 Negro, Higo.<\/p>\n<p><\/span><\/p>\n<p><span><strong>Notas de coraz\u00f3n:<\/strong> Iris, Vetiver, L\u00e1dano.<\/p>\n<p><\/span><\/p>\n<p><span><strong>Notas de fondo:<\/strong> S\u00e1ndalo, Vainilla, Haba Tonka, Pachul\u00ed.<\/span><\/p>\n","protected":false},"excerpt":{"rendered":"<p>LIAM GREY Es s\u00edmbolo de elegancia y sofisticaci\u00f3n, te invita a explorar un mundo olfativo inolvidable. Esta fragancia mezcla con<\/p>\n","protected":false},"featured_media":87577,"comment_status":"open","ping_status":"closed","template":"","meta":{"nf_dc_page":""},"product_brand":[109],"product_cat":[84],"product_tag":[652],"class_list":{"0":"post-87576","1":"product","2":"type-product","3":"status-publish","4":"has-post-thumbnail","6":"product_brand-lattafa","7":"product_cat-perfumeria","8":"product_tag-652","10":"first","11":"instock","12":"shipping-taxable","13":"purchasable","14":"product-type-simple"},"_links":{"self":[{"href":"https:\/\/brandss.com.py\/index\/wp-json\/wp\/v2\/product\/87576","targetHints":{"allow":["GET"]}}],"collection":[{"href":"https:\/\/brandss.com.py\/index\/wp-json\/wp\/v2\/product"}],"about":[{"href":"https:\/\/brandss.com.py\/index\/wp-json\/wp\/v2\/types\/product"}],"replies":[{"embeddable":true,"href":"https:\/\/brandss.com.py\/index\/wp-json\/wp\/v2\/comments?post=87576"}],"version-history":[{"count":1,"href":"https:\/\/brandss.com.py\/index\/wp-json\/wp\/v2\/product\/87576\/revisions"}],"predecessor-version":[{"id":87583,"href":"https:\/\/brandss.com.py\/index\/wp-json\/wp\/v2\/product\/87576\/revisions\/87583"}],"wp:featuredmedia":[{"embeddable":true,"href":"https:\/\/brandss.com.py\/index\/wp-json\/wp\/v2\/media\/87577"}],"wp:attachment":[{"href":"https:\/\/brandss.com.py\/index\/wp-json\/wp\/v2\/media?parent=87576"}],"wp:term":[{"taxonomy":"product_brand","embeddable":true,"href":"https:\/\/brandss.com.py\/index\/wp-json\/wp\/v2\/product_brand?post=87576"},{"taxonomy":"product_cat","embeddable":true,"href":"https:\/\/brandss.com.py\/index\/wp-json\/wp\/v2\/product_cat?post=87576"},{"taxonomy":"product_tag","embeddable":true,"href":"https:\/\/brandss.com.py\/index\/wp-json\/wp\/v2\/product_tag?post=87576"}],"curies":[{"name":"wp","href":"https:\/\/api.w.org\/{rel}","templated":true}]}}