{"id":87584,"date":"2025-08-04T13:33:51","date_gmt":"2025-08-04T13:33:51","guid":{"rendered":"https:\/\/brandss.com.py\/index\/?post_type=product&#038;p=87584"},"modified":"2026-03-28T16:19:36","modified_gmt":"2026-03-28T16:19:36","slug":"perfume-unisex-lattafa-al-nashama-edp-100ml","status":"publish","type":"product","link":"https:\/\/brandss.com.py\/index\/producto\/perfume-unisex-lattafa-al-nashama-edp-100ml\/","title":{"rendered":"PERFUME UNISEX LATTAFA AL NASHAMA EDP 100ML"},"content":{"rendered":"<p><img loading=\"lazy\" decoding=\"async\" class=\"\" src=\"https:\/\/myscentjourney.s3.us-east-2.amazonaws.com\/2022\/02\/14\/29KIascent_j_marca_1644871114_202.png\" alt=\"MSJ::LATTAFA\" width=\"75\" height=\"89\" \/><\/p>\n<h1>AL NASHAMA<\/h1>\n<p>Descubre la elegancia y la fuerza de Al Nashama, una fragancia que encapsula la esencia de la sofisticaci\u00f3n en cada pulverizaci\u00f3n. Al Nashama es un Eau de Parfum distintivo y sofisticado, dise\u00f1ado para quienes buscan una fragancia que transmita confianza, elegancia y fuerza. Con una composici\u00f3n que combina notas orientales, amaderadas y especiadas, Al Nashama ofrece una experiencia olfativa rica y cautivadora. Ideal para ocasiones especiales y para el d\u00eda a d\u00eda, esta fragancia realza la personalidad fuerte y refinada de quien la lleva.<\/p>\n<p><img loading=\"lazy\" decoding=\"async\" class=\"alignleft\" src=\"https:\/\/goldscentsofc.com\/cdn\/shop\/files\/CopiadePubperfumeInstagram_12.png?v=1722796796&amp;width=990\" width=\"525\" height=\"525\" \/><\/p>\n<h3>Notas Olfativas<\/h3>\n<p>&nbsp;<\/p>\n<p>Al Nashama es un perfume que celebra la nobleza y la fuerza en cada nota. Su composici\u00f3n unisex es ideal para quienes buscan un aroma vers\u00e1til que combine frescura y elegancia. Comienza con la frescura chispeante del Bergamota y el encanto energizante de la Pimienta Rosa, para luego dar paso a la dulzura jugosa de la Ciruela y la calidez especiada del Pimienta Negra. La elegancia floral de Jazm\u00edn se entrelaza con la sensualidad del Cuero Saffiano, el misterio del \u00c1mbar y la profundidad del Pachul\u00ed y el Musgo, creando una experiencia olfativa inolvidable. Descubre la sofisticaci\u00f3n y la seducci\u00f3n con\u00a0AL NASHAMA, \u00a1tu firma de distinci\u00f3n!<\/p>\n<p>&nbsp;<\/p>\n<ul>\n<li><strong>Notasde salida:<\/strong> Bergamota, pimienta rosa y salvia.<\/li>\n<li><strong>Notas de coraz\u00f3n:<\/strong> Ciruela, pimienta negra y jazm\u00edn.<\/li>\n<li><strong>Notas de fondo:<\/strong> Cuero Saffiano, \u00e1mbar, pachul\u00ed y musgo.<\/li>\n<\/ul>\n","protected":false},"excerpt":{"rendered":"<p>AL NASHAMA Descubre la elegancia y la fuerza de Al Nashama, una fragancia que encapsula la esencia de la sofisticaci\u00f3n<\/p>\n","protected":false},"featured_media":87585,"comment_status":"open","ping_status":"closed","template":"","meta":{"nf_dc_page":""},"product_brand":[109],"product_cat":[84],"product_tag":[1595],"class_list":{"0":"post-87584","1":"product","2":"type-product","3":"status-publish","4":"has-post-thumbnail","6":"product_brand-lattafa","7":"product_cat-perfumeria","8":"product_tag-1595","10":"first","11":"outofstock","12":"shipping-taxable","13":"purchasable","14":"product-type-simple"},"_links":{"self":[{"href":"https:\/\/brandss.com.py\/index\/wp-json\/wp\/v2\/product\/87584","targetHints":{"allow":["GET"]}}],"collection":[{"href":"https:\/\/brandss.com.py\/index\/wp-json\/wp\/v2\/product"}],"about":[{"href":"https:\/\/brandss.com.py\/index\/wp-json\/wp\/v2\/types\/product"}],"replies":[{"embeddable":true,"href":"https:\/\/brandss.com.py\/index\/wp-json\/wp\/v2\/comments?post=87584"}],"version-history":[{"count":1,"href":"https:\/\/brandss.com.py\/index\/wp-json\/wp\/v2\/product\/87584\/revisions"}],"predecessor-version":[{"id":87589,"href":"https:\/\/brandss.com.py\/index\/wp-json\/wp\/v2\/product\/87584\/revisions\/87589"}],"wp:featuredmedia":[{"embeddable":true,"href":"https:\/\/brandss.com.py\/index\/wp-json\/wp\/v2\/media\/87585"}],"wp:attachment":[{"href":"https:\/\/brandss.com.py\/index\/wp-json\/wp\/v2\/media?parent=87584"}],"wp:term":[{"taxonomy":"product_brand","embeddable":true,"href":"https:\/\/brandss.com.py\/index\/wp-json\/wp\/v2\/product_brand?post=87584"},{"taxonomy":"product_cat","embeddable":true,"href":"https:\/\/brandss.com.py\/index\/wp-json\/wp\/v2\/product_cat?post=87584"},{"taxonomy":"product_tag","embeddable":true,"href":"https:\/\/brandss.com.py\/index\/wp-json\/wp\/v2\/product_tag?post=87584"}],"curies":[{"name":"wp","href":"https:\/\/api.w.org\/{rel}","templated":true}]}}