{"id":87596,"date":"2025-08-04T18:18:53","date_gmt":"2025-08-04T18:18:53","guid":{"rendered":"https:\/\/brandss.com.py\/index\/?post_type=product&#038;p=87596"},"modified":"2025-09-26T19:08:08","modified_gmt":"2025-09-26T19:08:08","slug":"perfume-unisex-lattafa-pride-peace-love-edp-100ml","status":"publish","type":"product","link":"https:\/\/brandss.com.py\/index\/producto\/perfume-unisex-lattafa-pride-peace-love-edp-100ml\/","title":{"rendered":"PERFUME UNISEX LATTAFA PRIDE PEACE &amp; LOVE EDP 100ML"},"content":{"rendered":"<p><img loading=\"lazy\" decoding=\"async\" class=\"\" src=\"https:\/\/myscentjourney.s3.us-east-2.amazonaws.com\/2022\/02\/14\/29KIascent_j_marca_1644871114_202.png\" alt=\"MSJ::LATTAFA\" width=\"75\" height=\"89\" \/><\/p>\n<h1>PEACE &amp; LOVE<\/h1>\n<p>Es una fragancia encantadora y armoniosa que combina notas frescas, florales y c\u00e1lidas y gourmand para crear un aroma acogedor y elegante. Ideal para quienes buscan una fragancia sofisticada y reconfortante, este Eau de Parfum es ideal para usar de d\u00eda y de noche, as\u00ed como para ocasiones especiales.<\/p>\n<p><span>En nuestras vidas, a menudo ajetreadas, esta\u00a0<\/span>fragancia mixta<span>\u00a0nos da un respiro bienvenido. En particular, demuestra que una fragancia oriental puede ser a la vez refinada y relajante, sin las notas intensas que suelen encontrarse en este tipo de aromas. Adem\u00e1s, tiene el poder de adaptarse naturalmente a cada momento del d\u00eda.<\/span><\/p>\n<p><span>Si buscas una fragancia que combine suavidad y elegancia, que simplemente te haga sentir bien, Peace &amp; Love es la opci\u00f3n perfecta. Un peque\u00f1o momento de paz en una botella para llevar. El frasco se parece a <\/span>Art of Wood<span>, pero este destaca con un toque m\u00e1s de personalidad. <\/span><span>A menudo asociamos\u00a0<\/span>la perfumer\u00eda oriental<span>\u00a0con aromas intensos y fragancias potentes debido a las notas que la caracterizan. Pero Peace &amp; Love de Lattafa va por el camino contrario. De hecho, ofrece una experiencia olfativa bastante suave.<\/span><\/p>\n<p><img loading=\"lazy\" decoding=\"async\" class=\"alignleft\" src=\"https:\/\/www.khanelkhaliliusa.com\/cdn\/shop\/files\/Screenshot2024-12-31at2.55.37PM.png?v=1735674941&amp;width=980\" width=\"548\" height=\"389\" \/><\/p>\n<h3>Notas Olfativas<\/h3>\n<p>&nbsp;<\/p>\n<p><span>La fragancia se abre con una explosi\u00f3n fresca y vibrante de bergamota, combinada con la cremosa dulzura de la almendra y la jugosa riqueza de la grosella negra. La bergamota aporta un brillo c\u00edtrico y \u00e1cido, mientras que la almendra a\u00f1ade un matiz suave y a frutos secos. La grosella negra aporta un toque afrutado y \u00e1cido, creando una entrada intrigante y deliciosa.<\/span><\/p>\n<p><span>A medida que la fragancia evoluciona, el coraz\u00f3n revela un rom\u00e1ntico bouquet floral de rosa y nardo. La rosa aporta un toque atemporal y elegante, mientras que el nardo a\u00f1ade una cremosa riqueza floral que realza el encanto general del aroma. La combinaci\u00f3n de estas notas florales crea un n\u00facleo sofisticado y femenino.<\/span><\/p>\n<p><span>En la base, el s\u00e1ndalo, el heliotropo y la vainilla aportan calidez y profundidad. El s\u00e1ndalo ofrece una textura cremosa y amaderada, mientras que el heliotropo aporta una dulzura suave y polvorienta. La esencia reconfortante y gourmand de la vainilla completa la fragancia, dejando un final suave y sensual que perdura en la piel.<\/span><\/p>\n<p><span>Peace &amp; Love es una fragancia vers\u00e1til que pasa sin esfuerzo del d\u00eda a la noche y ofrece una mezcla de frescura, flores y dulzura c\u00e1lida que deja una impresi\u00f3n duradera.<\/span><\/p>\n<ul>\n<li><strong><span>Notas de salida:<\/span><\/strong><span> bergamota, almendra, grosella negra.<\/span><\/li>\n<li><strong><span>Notas de coraz\u00f3n:<\/span><\/strong><span> rosa, nardo.<\/span><\/li>\n<li><strong><span>Notas de fondo: <\/span><\/strong><span>s\u00e1ndalo, heliotropo, vainilla.<\/span><\/li>\n<\/ul>\n","protected":false},"excerpt":{"rendered":"<p>PEACE &amp; LOVE Es una fragancia encantadora y armoniosa que combina notas frescas, florales y c\u00e1lidas y gourmand para crear<\/p>\n","protected":false},"featured_media":87597,"comment_status":"open","ping_status":"closed","template":"","meta":{"nf_dc_page":""},"product_brand":[109],"product_cat":[84],"product_tag":[672],"class_list":{"0":"post-87596","1":"product","2":"type-product","3":"status-publish","4":"has-post-thumbnail","6":"product_brand-lattafa","7":"product_cat-perfumeria","8":"product_tag-672","10":"first","11":"instock","12":"sale","13":"shipping-taxable","14":"purchasable","15":"product-type-simple"},"_links":{"self":[{"href":"https:\/\/brandss.com.py\/index\/wp-json\/wp\/v2\/product\/87596","targetHints":{"allow":["GET"]}}],"collection":[{"href":"https:\/\/brandss.com.py\/index\/wp-json\/wp\/v2\/product"}],"about":[{"href":"https:\/\/brandss.com.py\/index\/wp-json\/wp\/v2\/types\/product"}],"replies":[{"embeddable":true,"href":"https:\/\/brandss.com.py\/index\/wp-json\/wp\/v2\/comments?post=87596"}],"version-history":[{"count":1,"href":"https:\/\/brandss.com.py\/index\/wp-json\/wp\/v2\/product\/87596\/revisions"}],"predecessor-version":[{"id":87602,"href":"https:\/\/brandss.com.py\/index\/wp-json\/wp\/v2\/product\/87596\/revisions\/87602"}],"wp:featuredmedia":[{"embeddable":true,"href":"https:\/\/brandss.com.py\/index\/wp-json\/wp\/v2\/media\/87597"}],"wp:attachment":[{"href":"https:\/\/brandss.com.py\/index\/wp-json\/wp\/v2\/media?parent=87596"}],"wp:term":[{"taxonomy":"product_brand","embeddable":true,"href":"https:\/\/brandss.com.py\/index\/wp-json\/wp\/v2\/product_brand?post=87596"},{"taxonomy":"product_cat","embeddable":true,"href":"https:\/\/brandss.com.py\/index\/wp-json\/wp\/v2\/product_cat?post=87596"},{"taxonomy":"product_tag","embeddable":true,"href":"https:\/\/brandss.com.py\/index\/wp-json\/wp\/v2\/product_tag?post=87596"}],"curies":[{"name":"wp","href":"https:\/\/api.w.org\/{rel}","templated":true}]}}