{"id":87603,"date":"2025-08-04T19:13:51","date_gmt":"2025-08-04T19:13:51","guid":{"rendered":"https:\/\/brandss.com.py\/index\/?post_type=product&#038;p=87603"},"modified":"2025-11-26T14:24:13","modified_gmt":"2025-11-26T14:24:13","slug":"perfume-unisex-lattafa-niche-emarati-vintage-castle-edp-100ml","status":"publish","type":"product","link":"https:\/\/brandss.com.py\/index\/producto\/perfume-unisex-lattafa-niche-emarati-vintage-castle-edp-100ml\/","title":{"rendered":"PERFUME UNISEX LATTAFA NICHE EMARATI VINTAGE CASTLE EDP 100ML"},"content":{"rendered":"<p><img loading=\"lazy\" decoding=\"async\" class=\"\" src=\"https:\/\/myscentjourney.s3.us-east-2.amazonaws.com\/2022\/02\/14\/29KIascent_j_marca_1644871114_202.png\" alt=\"MSJ::LATTAFA\" width=\"115\" height=\"137\" \/><\/p>\n<h1>VINTAGE CASTLE<\/h1>\n<p>Descubra un mundo de opulencia con Vintage Castle Niche Emarati, una encarnaci\u00f3n del lujo y la delicadeza cultural. Sum\u00e9rgete en un viaje sensorial que captura la esencia del patrimonio emarat\u00ed. Este exquisito perfume cuenta con una mezcla \u00fanica de notas de primera calidad, cuidadosamente seleccionadas para brindar una experiencia de fragancia como ninguna otra. Con un equilibrio perfecto entre notas altas, medias y bajas, cada rociado revela capas de sofisticaci\u00f3n que perduran durante todo el d\u00eda. Eleva tu estilo con esta fragancia atemporal, donde cada matiz es una celebraci\u00f3n de la opulencia. Vintage Castle Niche Emarati: una fragancia que trasciende fronteras y deleita los sentidos.<\/p>\n<p><img loading=\"lazy\" decoding=\"async\" class=\"alignleft\" src=\"https:\/\/cdn.wallapop.com\/images\/10420\/i2\/v0\/__\/c10420p1093198008\/i5369769831.jpg?pictureSize=W640\" width=\"338\" height=\"369\" \/><\/p>\n<h3>\nNotas Olfativas<\/h3>\n<p>&nbsp;<\/p>\n<p><span>Vintage Castle es un perfume nicho de Lattafa Parfums es una fragancia unisex de la familia amaderada, este perfume es un himno a la profundidad y la originalidad, con el Pachul\u00ed como protagonista en todas las fases de la fragancia.<\/span><\/p>\n<p><span>Las notas de salida comienzan con un distintivo pachul\u00ed verde y un toque de iris, creando una salida terrosa y ligeramente polvorienta. Esta combinaci\u00f3n ofrece una bienvenida intensa e intrigante, anticipando la riqueza olfativa que le seguir\u00e1.<\/span><\/p>\n<p><span>El coraz\u00f3n del perfume revela una fusi\u00f3n envolvente de pachul\u00ed y mimosa. El pachul\u00ed evoluciona en esta fase, aportando profundidad y complejidad a la fragancia, mientras que la mimosa aporta una dulzura floral y un ligero matiz polvoriento. El resultado es un coraz\u00f3n rico y envolvente que cautiva la atenci\u00f3n y cautiva los sentidos.<\/span><\/p>\n<p><span>Las notas de fondo realzan a\u00fan m\u00e1s el car\u00e1cter intenso del pachul\u00ed. Junto con el propio pachul\u00ed, la dulzura de la hierba (una variante dulce y avainillada de la ra\u00edz de regaliz) y la civeta (un aroma anim\u00e1lico y amaderado) crean un final intrigante y sensual. Esta combinaci\u00f3n persistente y envolvente deja una estela misteriosa y seductora, dotando al perfume de una personalidad \u00fanica e inolvidable.<\/span><\/p>\n<p><span>Esta fragancia es una oda al pachul\u00ed en todos sus matices, desde las notas iniciales hasta la evoluci\u00f3n en el coraz\u00f3n y la persistencia de las notas de fondo. Es un perfume que encarna fuerza, profundidad y seducci\u00f3n, creando una experiencia olfativa \u00fanica e inolvidable.<\/span><\/p>\n<p>&nbsp;<\/p>\n<p><span><strong>Notas de salida:<\/strong> Pachul\u00ed verde, iris.<\/span><\/p>\n<p><span><strong>Notas de coraz\u00f3n:<\/strong> pachul\u00ed, mimosa<\/span><\/p>\n<p><span><strong>Notas de fondo:<\/strong> pachul\u00ed, malvavisco, algalia<\/span><\/p>\n","protected":false},"excerpt":{"rendered":"<p>VINTAGE CASTLE Descubra un mundo de opulencia con Vintage Castle Niche Emarati, una encarnaci\u00f3n del lujo y la delicadeza cultural.<\/p>\n","protected":false},"featured_media":87604,"comment_status":"open","ping_status":"closed","template":"","meta":{"nf_dc_page":""},"product_brand":[109],"product_cat":[84],"product_tag":[697],"class_list":{"0":"post-87603","1":"product","2":"type-product","3":"status-publish","4":"has-post-thumbnail","6":"product_brand-lattafa","7":"product_cat-perfumeria","8":"product_tag-697","10":"first","11":"outofstock","12":"sale","13":"shipping-taxable","14":"purchasable","15":"product-type-simple"},"_links":{"self":[{"href":"https:\/\/brandss.com.py\/index\/wp-json\/wp\/v2\/product\/87603","targetHints":{"allow":["GET"]}}],"collection":[{"href":"https:\/\/brandss.com.py\/index\/wp-json\/wp\/v2\/product"}],"about":[{"href":"https:\/\/brandss.com.py\/index\/wp-json\/wp\/v2\/types\/product"}],"replies":[{"embeddable":true,"href":"https:\/\/brandss.com.py\/index\/wp-json\/wp\/v2\/comments?post=87603"}],"version-history":[{"count":1,"href":"https:\/\/brandss.com.py\/index\/wp-json\/wp\/v2\/product\/87603\/revisions"}],"predecessor-version":[{"id":87610,"href":"https:\/\/brandss.com.py\/index\/wp-json\/wp\/v2\/product\/87603\/revisions\/87610"}],"wp:featuredmedia":[{"embeddable":true,"href":"https:\/\/brandss.com.py\/index\/wp-json\/wp\/v2\/media\/87604"}],"wp:attachment":[{"href":"https:\/\/brandss.com.py\/index\/wp-json\/wp\/v2\/media?parent=87603"}],"wp:term":[{"taxonomy":"product_brand","embeddable":true,"href":"https:\/\/brandss.com.py\/index\/wp-json\/wp\/v2\/product_brand?post=87603"},{"taxonomy":"product_cat","embeddable":true,"href":"https:\/\/brandss.com.py\/index\/wp-json\/wp\/v2\/product_cat?post=87603"},{"taxonomy":"product_tag","embeddable":true,"href":"https:\/\/brandss.com.py\/index\/wp-json\/wp\/v2\/product_tag?post=87603"}],"curies":[{"name":"wp","href":"https:\/\/api.w.org\/{rel}","templated":true}]}}