{"id":87611,"date":"2025-08-05T11:58:21","date_gmt":"2025-08-05T11:58:21","guid":{"rendered":"https:\/\/brandss.com.py\/index\/?post_type=product&#038;p=87611"},"modified":"2026-03-17T10:59:29","modified_gmt":"2026-03-17T10:59:29","slug":"perfume-femenino-lattafa-hayaati-florence-edp-100ml","status":"publish","type":"product","link":"https:\/\/brandss.com.py\/index\/producto\/perfume-femenino-lattafa-hayaati-florence-edp-100ml\/","title":{"rendered":"PERFUME FEMENINO LATTAFA HAYAATI FLORENCE EDP 100ML"},"content":{"rendered":"<p><img loading=\"lazy\" decoding=\"async\" class=\"\" src=\"https:\/\/myscentjourney.s3.us-east-2.amazonaws.com\/2022\/02\/14\/29KIascent_j_marca_1644871114_202.png\" alt=\"MSJ::LATTAFA\" width=\"83\" height=\"99\" \/><\/p>\n<h1>HAYAATI FLORENCE<\/h1>\n<p><em><strong>Tu pasaporte olfativo a la ciudad del arte\u00a0<\/strong><\/em><\/p>\n<p>Descubre Hayaati Florence, la nueva joya de Lattafa Perfumes lanzada en 2023. Esta fragancia femenina, inspirada en la belleza y el encanto de Florencia, captura la esencia de la ciudad italiana famosa por su arte y cultura. Hayaati Florence es el perfume perfecto para mujeres que buscan una fragancia \u00fanica, que las haga sentir especiales en cada aplicaci\u00f3n. D\u00e9jate seducir por Hayaati Florence, el perfume que te transporta al coraz\u00f3n de la ciudad del arte. <img loading=\"lazy\" decoding=\"async\" class=\"alignleft\" src=\"https:\/\/cdn.v2.tiendanegocio.com\/gallery\/22278\/img_22278_19190723e16.jpeg\" width=\"564\" height=\"564\" \/><\/p>\n<p>Lattafa Hayaati Florence EDP es una deliciosa mezcla de notas dulces y refrescantes, perfecta para la mujer moderna. Esta fragancia ofrece un equilibrio armonioso de notas frutales y florales, lo que la convierte en una opci\u00f3n cautivadora para cualquier ocasi\u00f3n.<\/p>\n<ul class=\"tickmark_blue\">\n<li>Fragancia Floral Frutal Gourmand para mujer<\/li>\n<li>Presenta dulces notas c\u00edtricas confitadas.<\/li>\n<li>Notas de madera floral y vainilla.<\/li>\n<li>Dura hasta 6 horas en la piel.<\/li>\n<\/ul>\n<p>Esta nueva fragancia aporta un toque refrescante a tu rutina diaria, combinando pomelo rosa energizante y c\u00edtricos con un dulce coraz\u00f3n floral. Perfecta para quienes buscan un aroma ligero pero memorable, Hayaati Florence es una encantadora adici\u00f3n a cualquier colecci\u00f3n de fragancias.<\/p>\n<p>&nbsp;<\/p>\n<h3>Notas Olfativas<\/h3>\n<p>Hayaati Florence te envuelve desde el primer instante con una explosi\u00f3n de c\u00edtricos refrescantes como la bergamota y el lim\u00f3n, que aportan una energ\u00eda revitalizante.<\/p>\n<p>En su coraz\u00f3n, se despliegan las notas florales de rosa y jazm\u00edn, que a\u00f1aden un toque femenino y delicado. A esto se suma la dulzura jugosa de la grosella negra y el durazno, que crean una experiencia olfativa envolvente.<\/p>\n<p>Finalmente, las notas de fondo de \u00e1mbar, vainilla y almizcle aportan una profundidad sensual e irresistible, dejando una estela duradera y sofisticada.<\/p>\n<p>El perfume Lattafa Hayaati Florence es una fragancia de la familia olfativa\u00a0floral frutal\u00a0para mujeres.<\/p>\n<ul>\n<li><strong>Notas de salida:<\/strong> Lichi, pomelo y grosella roja.<\/li>\n<li><strong>Nota de coraz\u00f3n:<\/strong> Rosa, melocot\u00f3n y madera de cedro.<\/li>\n<li><strong>Notas de fondo:<\/strong> Vainilla, pralin\u00e9 y \u00e1mbar.<\/li>\n<\/ul>\n","protected":false},"excerpt":{"rendered":"<p>HAYAATI FLORENCE Tu pasaporte olfativo a la ciudad del arte\u00a0 Descubre Hayaati Florence, la nueva joya de Lattafa Perfumes lanzada<\/p>\n","protected":false},"featured_media":87612,"comment_status":"open","ping_status":"closed","template":"","meta":{"nf_dc_page":""},"product_brand":[109],"product_cat":[84],"product_tag":[895],"class_list":{"0":"post-87611","1":"product","2":"type-product","3":"status-publish","4":"has-post-thumbnail","6":"product_brand-lattafa","7":"product_cat-perfumeria","8":"product_tag-895","10":"first","11":"instock","12":"sale","13":"shipping-taxable","14":"purchasable","15":"product-type-simple"},"_links":{"self":[{"href":"https:\/\/brandss.com.py\/index\/wp-json\/wp\/v2\/product\/87611","targetHints":{"allow":["GET"]}}],"collection":[{"href":"https:\/\/brandss.com.py\/index\/wp-json\/wp\/v2\/product"}],"about":[{"href":"https:\/\/brandss.com.py\/index\/wp-json\/wp\/v2\/types\/product"}],"replies":[{"embeddable":true,"href":"https:\/\/brandss.com.py\/index\/wp-json\/wp\/v2\/comments?post=87611"}],"version-history":[{"count":2,"href":"https:\/\/brandss.com.py\/index\/wp-json\/wp\/v2\/product\/87611\/revisions"}],"predecessor-version":[{"id":87620,"href":"https:\/\/brandss.com.py\/index\/wp-json\/wp\/v2\/product\/87611\/revisions\/87620"}],"wp:featuredmedia":[{"embeddable":true,"href":"https:\/\/brandss.com.py\/index\/wp-json\/wp\/v2\/media\/87612"}],"wp:attachment":[{"href":"https:\/\/brandss.com.py\/index\/wp-json\/wp\/v2\/media?parent=87611"}],"wp:term":[{"taxonomy":"product_brand","embeddable":true,"href":"https:\/\/brandss.com.py\/index\/wp-json\/wp\/v2\/product_brand?post=87611"},{"taxonomy":"product_cat","embeddable":true,"href":"https:\/\/brandss.com.py\/index\/wp-json\/wp\/v2\/product_cat?post=87611"},{"taxonomy":"product_tag","embeddable":true,"href":"https:\/\/brandss.com.py\/index\/wp-json\/wp\/v2\/product_tag?post=87611"}],"curies":[{"name":"wp","href":"https:\/\/api.w.org\/{rel}","templated":true}]}}