{"id":87642,"date":"2025-08-05T14:09:08","date_gmt":"2025-08-05T14:09:08","guid":{"rendered":"https:\/\/brandss.com.py\/index\/?post_type=product&#038;p=87642"},"modified":"2026-04-16T12:37:49","modified_gmt":"2026-04-16T12:37:49","slug":"perfume-masculino-maison-alhambra-salvo-elixir-edp-60ml","status":"publish","type":"product","link":"https:\/\/brandss.com.py\/index\/producto\/perfume-masculino-maison-alhambra-salvo-elixir-edp-60ml\/","title":{"rendered":"PERFUME MASCULINO MAISON ALHAMBRA SALVO ELIXIR EDP 60ML"},"content":{"rendered":"<p><img loading=\"lazy\" decoding=\"async\" class=\"\" src=\"https:\/\/perfumescorp.com\/cdn\/shop\/collections\/Maison_Alhambra.webp?v=1690164948&amp;width=750\" alt=\"CASA ALHAMBRA \u2013 Perfumes Corp\" width=\"81\" height=\"81\" \/><\/p>\n<h1>SALVO ELIXIR<\/h1>\n<p>Descubr\u00ed <strong>Salvo Elixir<\/strong>, una fragancia que re\u00fane sofisticaci\u00f3n y calidez en un envase elegante. Pensada para quienes valoran un aroma que deje huella, este elixir es la elecci\u00f3n perfecta para acompa\u00f1ar tus momentos m\u00e1s especiales y el d\u00eda a d\u00eda. Salvo Elixir despliega una mezcla exquisita de notas que despiertan los sentidos y evocan emociones profundas. Cada aplicaci\u00f3n es una invitaci\u00f3n a disfrutar de una experiencia olfativa envolvente y refinada.<\/p>\n<p>Este elixir no es solo un perfume, sino una expresi\u00f3n de tu estilo y personalidad. Atr\u00e9vete a destacarte con una fragancia que combina tradici\u00f3n y modernidad, dise\u00f1ada para quienes buscan elegancia aut\u00e9ntica a cada momento.<\/p>\n<p><img loading=\"lazy\" decoding=\"async\" class=\"alignleft\" src=\"https:\/\/acdn-us.mitiendanube.com\/stores\/005\/137\/375\/products\/3-81-3fde00d43297b4e43e17490596735180-1024-1024.webp\" width=\"545\" height=\"545\" \/><\/p>\n<h3>Notas Olfativas<\/h3>\n<p>&nbsp;<\/p>\n<p><span>Salvo Elixir de Maison Alhambra es un perfume masculino de la familia oriental que encarna una fuerza irresistible. <\/span><\/p>\n<p><span>Sus notas de salida desatan una intensa explosi\u00f3n de pimienta negra, tabaco robusto y la inesperada frescura de la pi\u00f1a. <\/span><\/p>\n<p><span>En el coraz\u00f3n de la fragancia, el pachul\u00ed terroso se funde con el intenso aroma del caf\u00e9 y la refinada esencia del iris, creando una sensaci\u00f3n de poder y profundidad. <\/span><\/p>\n<p><span>Al asentarse, Salvo Elixir abraza un fondo envolvente de vainilla dulce, \u00e1mbar sensual, ricas maderas, la c\u00e1lida y acogedora del benju\u00ed y el car\u00e1cter ahumado del l\u00e1dano. Explora la energ\u00eda desenfrenada de Salvo Elixir y d\u00e9jate llevar por la intensidad de esta fragancia masculina.<\/span><\/p>\n<p>&nbsp;<\/p>\n<p>&nbsp;<\/p>\n<p><span><strong>Notas de salida:<\/strong> pimienta negra, tabaco, pi\u00f1a.<\/span><\/p>\n<p><span><strong>Notas de coraz\u00f3n:<\/strong> pachul\u00ed, caf\u00e9, iris.<\/span><\/p>\n<p><span><strong>Notas de fondo:<\/strong> vainilla, \u00e1mbar, madera, benju\u00ed, l\u00e1dano.<\/span><\/p>\n","protected":false},"excerpt":{"rendered":"<p>SALVO ELIXIR Descubr\u00ed Salvo Elixir, una fragancia que re\u00fane sofisticaci\u00f3n y calidez en un envase elegante. Pensada para quienes valoran<\/p>\n","protected":false},"featured_media":87643,"comment_status":"open","ping_status":"closed","template":"","meta":{"nf_dc_page":""},"product_brand":[107],"product_cat":[84],"product_tag":[1601],"class_list":{"0":"post-87642","1":"product","2":"type-product","3":"status-publish","4":"has-post-thumbnail","6":"product_brand-maison-alhambra","7":"product_cat-perfumeria","8":"product_tag-1601","10":"first","11":"instock","12":"shipping-taxable","13":"purchasable","14":"product-type-simple"},"_links":{"self":[{"href":"https:\/\/brandss.com.py\/index\/wp-json\/wp\/v2\/product\/87642","targetHints":{"allow":["GET"]}}],"collection":[{"href":"https:\/\/brandss.com.py\/index\/wp-json\/wp\/v2\/product"}],"about":[{"href":"https:\/\/brandss.com.py\/index\/wp-json\/wp\/v2\/types\/product"}],"replies":[{"embeddable":true,"href":"https:\/\/brandss.com.py\/index\/wp-json\/wp\/v2\/comments?post=87642"}],"version-history":[{"count":1,"href":"https:\/\/brandss.com.py\/index\/wp-json\/wp\/v2\/product\/87642\/revisions"}],"predecessor-version":[{"id":87648,"href":"https:\/\/brandss.com.py\/index\/wp-json\/wp\/v2\/product\/87642\/revisions\/87648"}],"wp:featuredmedia":[{"embeddable":true,"href":"https:\/\/brandss.com.py\/index\/wp-json\/wp\/v2\/media\/87643"}],"wp:attachment":[{"href":"https:\/\/brandss.com.py\/index\/wp-json\/wp\/v2\/media?parent=87642"}],"wp:term":[{"taxonomy":"product_brand","embeddable":true,"href":"https:\/\/brandss.com.py\/index\/wp-json\/wp\/v2\/product_brand?post=87642"},{"taxonomy":"product_cat","embeddable":true,"href":"https:\/\/brandss.com.py\/index\/wp-json\/wp\/v2\/product_cat?post=87642"},{"taxonomy":"product_tag","embeddable":true,"href":"https:\/\/brandss.com.py\/index\/wp-json\/wp\/v2\/product_tag?post=87642"}],"curies":[{"name":"wp","href":"https:\/\/api.w.org\/{rel}","templated":true}]}}