{"id":87669,"date":"2025-08-05T18:47:35","date_gmt":"2025-08-05T18:47:35","guid":{"rendered":"https:\/\/brandss.com.py\/index\/?post_type=product&#038;p=87669"},"modified":"2026-03-28T16:18:35","modified_gmt":"2026-03-28T16:18:35","slug":"perfume-femenino-lattafa-habik-edp-100ml","status":"publish","type":"product","link":"https:\/\/brandss.com.py\/index\/producto\/perfume-femenino-lattafa-habik-edp-100ml\/","title":{"rendered":"PERFUME FEMENINO LATTAFA HABIK EDP 100ML"},"content":{"rendered":"<p><img loading=\"lazy\" decoding=\"async\" class=\"\" src=\"https:\/\/myscentjourney.s3.us-east-2.amazonaws.com\/2022\/02\/14\/29KIascent_j_marca_1644871114_202.png\" alt=\"MSJ::LATTAFA\" width=\"92\" height=\"110\" \/><\/p>\n<h1>HABIK<\/h1>\n<p>Es una fragancia femenina luminosa y encantadora que envuelve con su elegancia floral y su delicada sensualidad desde el primer instante. Es una oda a la elegancia moderna, un perfume que fusiona frescura, sensualidad y sofisticaci\u00f3n. Con una estructura arom\u00e1tica tan refinada como envolvente, esta creaci\u00f3n \u00e1rabe refleja el esp\u00edritu de la mujer contempor\u00e1nea: libre, radiante y absolutamente inolvidable.<img loading=\"lazy\" decoding=\"async\" class=\"alignleft\" src=\"https:\/\/www.intenseoud.com\/cdn\/shop\/files\/3_b728897c-28d1-4a60-8593-bff940565255.jpg?v=1752273142\" width=\"508\" height=\"508\" \/><\/p>\n<p>&nbsp;<\/p>\n<h3>Notas Olfativas<\/h3>\n<p>&nbsp;<\/p>\n<p><span>Habik comienza con una mezcla fresca y luminosa de bergamota y pera, ofreciendo una salida fresca y ligeramente dulce. El coraz\u00f3n florece con un delicado bouquet de lirio de los valles, fresia y jazm\u00edn, aportando una suave elegancia floral y un delicado encanto.<\/span><\/p>\n<p><span>Al asentarse en la base, la fragancia revela una c\u00e1lida y sensual mezcla de \u00e1mbar, musgo de roble y almizcle, creando una estela refinada y femenina que perdura con gran belleza. Perfecta para quienes buscan una fragancia floral elegante y cotidiana con un toque de calidez y sofisticaci\u00f3n.<\/span><\/p>\n<p><span>Ideal para mujeres que buscan una fragancia refinada, fresca y rom\u00e1ntica, perfecta para el d\u00eda a d\u00eda o para acompa\u00f1ar momentos especiales con una presencia delicadamente memorable.<\/span><\/p>\n<p><strong><span>Notas de salida:<\/span><\/strong><span>\u00a0bergamota, pera.<\/span><br \/>\n<strong><span>Notas de coraz\u00f3n:<\/span><\/strong><span>\u00a0lirio de los valles, fresia, jazm\u00edn.<\/span><br \/>\n<strong><span>Notas de fondo:<\/span><\/strong><span>\u00a0\u00e1mbar, musgo de roble, almizcle.<\/span><\/p>\n","protected":false},"excerpt":{"rendered":"<p>HABIK Es una fragancia femenina luminosa y encantadora que envuelve con su elegancia floral y su delicada sensualidad desde el<\/p>\n","protected":false},"featured_media":87670,"comment_status":"open","ping_status":"closed","template":"","meta":{"nf_dc_page":""},"product_brand":[109],"product_cat":[84],"product_tag":[641],"class_list":{"0":"post-87669","1":"product","2":"type-product","3":"status-publish","4":"has-post-thumbnail","6":"product_brand-lattafa","7":"product_cat-perfumeria","8":"product_tag-641","10":"first","11":"outofstock","12":"shipping-taxable","13":"purchasable","14":"product-type-simple"},"_links":{"self":[{"href":"https:\/\/brandss.com.py\/index\/wp-json\/wp\/v2\/product\/87669","targetHints":{"allow":["GET"]}}],"collection":[{"href":"https:\/\/brandss.com.py\/index\/wp-json\/wp\/v2\/product"}],"about":[{"href":"https:\/\/brandss.com.py\/index\/wp-json\/wp\/v2\/types\/product"}],"replies":[{"embeddable":true,"href":"https:\/\/brandss.com.py\/index\/wp-json\/wp\/v2\/comments?post=87669"}],"version-history":[{"count":1,"href":"https:\/\/brandss.com.py\/index\/wp-json\/wp\/v2\/product\/87669\/revisions"}],"predecessor-version":[{"id":87674,"href":"https:\/\/brandss.com.py\/index\/wp-json\/wp\/v2\/product\/87669\/revisions\/87674"}],"wp:featuredmedia":[{"embeddable":true,"href":"https:\/\/brandss.com.py\/index\/wp-json\/wp\/v2\/media\/87670"}],"wp:attachment":[{"href":"https:\/\/brandss.com.py\/index\/wp-json\/wp\/v2\/media?parent=87669"}],"wp:term":[{"taxonomy":"product_brand","embeddable":true,"href":"https:\/\/brandss.com.py\/index\/wp-json\/wp\/v2\/product_brand?post=87669"},{"taxonomy":"product_cat","embeddable":true,"href":"https:\/\/brandss.com.py\/index\/wp-json\/wp\/v2\/product_cat?post=87669"},{"taxonomy":"product_tag","embeddable":true,"href":"https:\/\/brandss.com.py\/index\/wp-json\/wp\/v2\/product_tag?post=87669"}],"curies":[{"name":"wp","href":"https:\/\/api.w.org\/{rel}","templated":true}]}}