{"id":87690,"date":"2025-08-06T11:48:45","date_gmt":"2025-08-06T11:48:45","guid":{"rendered":"https:\/\/brandss.com.py\/index\/?post_type=product&#038;p=87690"},"modified":"2026-03-25T16:09:50","modified_gmt":"2026-03-25T16:09:50","slug":"bruma-corporal-femenino-lattafa-yara-tous-250ml","status":"publish","type":"product","link":"https:\/\/brandss.com.py\/index\/producto\/bruma-corporal-femenino-lattafa-yara-tous-250ml\/","title":{"rendered":"BRUMA CORPORAL FEMENINO LATTAFA YARA TOUS 250ML"},"content":{"rendered":"<p><img loading=\"lazy\" decoding=\"async\" class=\"\" src=\"https:\/\/myscentjourney.s3.us-east-2.amazonaws.com\/2022\/02\/14\/29KIascent_j_marca_1644871114_202.png\" alt=\"MSJ::LATTAFA\" width=\"95\" height=\"113\" \/><\/p>\n<h1>YARA TOUS<\/h1>\n<p data-end=\"491\" data-start=\"157\"><span>Es una fragancia corporal tropical, dulce y envolvente que aporta frescura con un toque ex\u00f3tico y sofisticado. Ideal para quienes desean irradiar feminidad con un aura alegre y vibrante, esta bruma perfumada combina frutas jugosas, flores blancas y una base cremosa y reconfortante.<\/span><\/p>\n<p data-end=\"491\" data-start=\"157\">\n<h3 data-end=\"513\" data-start=\"493\"><strong data-end=\"513\" data-start=\"493\"><span>Notas Olfativas<\/span><\/strong><\/h3>\n<p>&nbsp;<\/p>\n<p data-end=\"513\" data-start=\"493\">Yara Tous se abre con la vibrante dulzura del mango, el coco y la maracuy\u00e1, ofreciendo una irresistible explosi\u00f3n tropical. El coraz\u00f3n floral aporta delicadeza con jazm\u00edn y flor de azahar, mientras que el heliotropo aporta una suavidad atalcada. La cremosa base de vainilla, almizcle y cachemira cierra la composici\u00f3n con sensualidad y confort.<\/p>\n<ul data-end=\"679\" data-start=\"515\">\n<li data-end=\"560\" data-start=\"515\">\n<p data-end=\"560\" data-start=\"517\"><strong data-end=\"536\" data-start=\"517\"><span>Notas de salida:<\/span><\/strong><span>\u00a0Mango, coco, maracuy\u00e1.<\/span><\/p>\n<\/li>\n<li data-end=\"626\" data-start=\"561\">\n<p data-end=\"626\" data-start=\"563\"><strong data-end=\"584\" data-start=\"563\"><span>Notas de coraz\u00f3n:<\/span><\/strong><span> jazm\u00edn, flor de naranja, heliotropo.<\/span><\/p>\n<\/li>\n<li data-end=\"679\" data-start=\"627\">\n<p data-end=\"679\" data-start=\"629\"><strong data-end=\"647\" data-start=\"629\"><span>Notas de fondo:<\/span><\/strong><span> vainilla, almizcle, cachemira.<\/span><\/p>\n<\/li>\n<\/ul>\n","protected":false},"excerpt":{"rendered":"<p>YARA TOUS Es una fragancia corporal tropical, dulce y envolvente que aporta frescura con un toque ex\u00f3tico y sofisticado. Ideal<\/p>\n","protected":false},"featured_media":87691,"comment_status":"open","ping_status":"closed","template":"","meta":{"nf_dc_page":""},"product_brand":[109],"product_cat":[84],"product_tag":[891],"class_list":{"0":"post-87690","1":"product","2":"type-product","3":"status-publish","4":"has-post-thumbnail","6":"product_brand-lattafa","7":"product_cat-perfumeria","8":"product_tag-891","10":"first","11":"instock","12":"shipping-taxable","13":"purchasable","14":"product-type-simple"},"_links":{"self":[{"href":"https:\/\/brandss.com.py\/index\/wp-json\/wp\/v2\/product\/87690","targetHints":{"allow":["GET"]}}],"collection":[{"href":"https:\/\/brandss.com.py\/index\/wp-json\/wp\/v2\/product"}],"about":[{"href":"https:\/\/brandss.com.py\/index\/wp-json\/wp\/v2\/types\/product"}],"replies":[{"embeddable":true,"href":"https:\/\/brandss.com.py\/index\/wp-json\/wp\/v2\/comments?post=87690"}],"version-history":[{"count":1,"href":"https:\/\/brandss.com.py\/index\/wp-json\/wp\/v2\/product\/87690\/revisions"}],"predecessor-version":[{"id":87695,"href":"https:\/\/brandss.com.py\/index\/wp-json\/wp\/v2\/product\/87690\/revisions\/87695"}],"wp:featuredmedia":[{"embeddable":true,"href":"https:\/\/brandss.com.py\/index\/wp-json\/wp\/v2\/media\/87691"}],"wp:attachment":[{"href":"https:\/\/brandss.com.py\/index\/wp-json\/wp\/v2\/media?parent=87690"}],"wp:term":[{"taxonomy":"product_brand","embeddable":true,"href":"https:\/\/brandss.com.py\/index\/wp-json\/wp\/v2\/product_brand?post=87690"},{"taxonomy":"product_cat","embeddable":true,"href":"https:\/\/brandss.com.py\/index\/wp-json\/wp\/v2\/product_cat?post=87690"},{"taxonomy":"product_tag","embeddable":true,"href":"https:\/\/brandss.com.py\/index\/wp-json\/wp\/v2\/product_tag?post=87690"}],"curies":[{"name":"wp","href":"https:\/\/api.w.org\/{rel}","templated":true}]}}