{"id":87719,"date":"2025-08-06T13:42:04","date_gmt":"2025-08-06T13:42:04","guid":{"rendered":"https:\/\/brandss.com.py\/index\/?post_type=product&#038;p=87719"},"modified":"2026-03-17T13:49:11","modified_gmt":"2026-03-17T13:49:11","slug":"bruma-corporal-femenino-lattafa-haya-250ml","status":"publish","type":"product","link":"https:\/\/brandss.com.py\/index\/producto\/bruma-corporal-femenino-lattafa-haya-250ml\/","title":{"rendered":"BRUMA CORPORAL FEMENINO LATTAFA HAYA 250ML"},"content":{"rendered":"<p><img loading=\"lazy\" decoding=\"async\" class=\"\" src=\"https:\/\/myscentjourney.s3.us-east-2.amazonaws.com\/2022\/02\/14\/29KIascent_j_marca_1644871114_202.png\" alt=\"MSJ::LATTAFA\" width=\"85\" height=\"101\" \/><\/p>\n<h1>HAYA<\/h1>\n<p><span>Es una fragancia floral gourmand y chispeante, dise\u00f1ada para mujeres que aprecian el equilibrio entre una frescura alegre y una suave sensualidad. Su composici\u00f3n vers\u00e1til la hace ideal tanto para el d\u00eda como para la noche, ofreciendo un aroma radiante que se siente femenino y elegante sin esfuerzo.<\/span><\/p>\n<p>&nbsp;<\/p>\n<h3><strong><span>Notas Olfativas<\/span><\/strong><\/h3>\n<p>&nbsp;<\/p>\n<p>Esta fragancia se abre con una mezcla burbujeante de champ\u00e1n, jugosa fresa y mandarina c\u00edtrica, realzada por la dulzura floral de la rosa. El coraz\u00f3n revela un delicado bouquet de gardenia, jazm\u00edn y orqu\u00eddea vainilla, que aporta un suave toque rom\u00e1ntico. Al asentarse, una c\u00e1lida y reconfortante base de \u00e1mbar, s\u00e1ndalo cremoso y casta\u00f1a tostada crea una estela acogedora y duradera que realza su elegancia.<\/p>\n<ul>\n<li><strong><span>Notas de salida:<\/span><\/strong><span> champ\u00e1n, fresa, mandarina, naranja sanguina, rosa.<\/span><\/li>\n<li><strong><span>Notas de coraz\u00f3n:<\/span><\/strong><span> Gardenia, jazm\u00edn, orqu\u00eddea de vainilla.<\/span><\/li>\n<li><strong><span>Notas de fondo:<\/span><\/strong><span> \u00e1mbar, s\u00e1ndalo, casta\u00f1a.<\/span><\/li>\n<\/ul>\n","protected":false},"excerpt":{"rendered":"<p>HAYA Es una fragancia floral gourmand y chispeante, dise\u00f1ada para mujeres que aprecian el equilibrio entre una frescura alegre y<\/p>\n","protected":false},"featured_media":87720,"comment_status":"open","ping_status":"closed","template":"","meta":{"nf_dc_page":""},"product_brand":[109],"product_cat":[84],"product_tag":[1524],"class_list":{"0":"post-87719","1":"product","2":"type-product","3":"status-publish","4":"has-post-thumbnail","6":"product_brand-lattafa","7":"product_cat-perfumeria","8":"product_tag-1524","10":"first","11":"instock","12":"shipping-taxable","13":"purchasable","14":"product-type-simple"},"_links":{"self":[{"href":"https:\/\/brandss.com.py\/index\/wp-json\/wp\/v2\/product\/87719","targetHints":{"allow":["GET"]}}],"collection":[{"href":"https:\/\/brandss.com.py\/index\/wp-json\/wp\/v2\/product"}],"about":[{"href":"https:\/\/brandss.com.py\/index\/wp-json\/wp\/v2\/types\/product"}],"replies":[{"embeddable":true,"href":"https:\/\/brandss.com.py\/index\/wp-json\/wp\/v2\/comments?post=87719"}],"version-history":[{"count":1,"href":"https:\/\/brandss.com.py\/index\/wp-json\/wp\/v2\/product\/87719\/revisions"}],"predecessor-version":[{"id":87726,"href":"https:\/\/brandss.com.py\/index\/wp-json\/wp\/v2\/product\/87719\/revisions\/87726"}],"wp:featuredmedia":[{"embeddable":true,"href":"https:\/\/brandss.com.py\/index\/wp-json\/wp\/v2\/media\/87720"}],"wp:attachment":[{"href":"https:\/\/brandss.com.py\/index\/wp-json\/wp\/v2\/media?parent=87719"}],"wp:term":[{"taxonomy":"product_brand","embeddable":true,"href":"https:\/\/brandss.com.py\/index\/wp-json\/wp\/v2\/product_brand?post=87719"},{"taxonomy":"product_cat","embeddable":true,"href":"https:\/\/brandss.com.py\/index\/wp-json\/wp\/v2\/product_cat?post=87719"},{"taxonomy":"product_tag","embeddable":true,"href":"https:\/\/brandss.com.py\/index\/wp-json\/wp\/v2\/product_tag?post=87719"}],"curies":[{"name":"wp","href":"https:\/\/api.w.org\/{rel}","templated":true}]}}