{"id":87735,"date":"2025-08-06T14:44:17","date_gmt":"2025-08-06T14:44:17","guid":{"rendered":"https:\/\/brandss.com.py\/index\/?post_type=product&#038;p=87735"},"modified":"2026-03-17T13:51:33","modified_gmt":"2026-03-17T13:51:33","slug":"bruma-corporal-femenino-lattafa-badee-al-oud-noble-blush-250ml","status":"publish","type":"product","link":"https:\/\/brandss.com.py\/index\/producto\/bruma-corporal-femenino-lattafa-badee-al-oud-noble-blush-250ml\/","title":{"rendered":"BRUMA CORPORAL FEMENINO LATTAFA BADE&#8217;E AL OUD NOBLE BLUSH 250ML"},"content":{"rendered":"<p><img loading=\"lazy\" decoding=\"async\" class=\"\" src=\"https:\/\/myscentjourney.s3.us-east-2.amazonaws.com\/2022\/02\/14\/29KIascent_j_marca_1644871114_202.png\" alt=\"MSJ::LATTAFA\" width=\"89\" height=\"106\" \/><\/p>\n<h1>BADE&#8217;E AL OUD NOBLE BLUSH<\/h1>\n<p data-pm-slice=\"0 0 []\"><span>es una fragancia floral gourmand dise\u00f1ada para quienes aprecian las composiciones de rosas elegantes, cremosas y modernas. Su vers\u00e1til composici\u00f3n la hace ideal tanto para el d\u00eda como para la noche, ofreciendo un aroma cautivador que perdura con gracia.<\/span><\/p>\n<h3><strong><span>Notas Olfativas<\/span><\/strong><\/h3>\n<p>Esta fragancia se abre con la cremosa dulzura de la leche de rosas, dando paso a un coraz\u00f3n intenso de almendra y merengue ligero. Las notas de fondo de s\u00e1ndalo, vainilla y almizcle aportan un final c\u00e1lido y polvoriento, ideal para diversas ocasiones.<\/p>\n<ul>\n<li><strong><span>Notas de salida:<\/span><\/strong><span> Leche de rosas.<\/span><\/li>\n<li><strong><span>Notas de coraz\u00f3n:<\/span><\/strong><span> almendra, merengue.<\/span><\/li>\n<li><strong><span>Notas de fondo:<\/span><\/strong><span>\u00a0s\u00e1ndalo, vainilla, almizcle.<\/span><\/li>\n<\/ul>\n","protected":false},"excerpt":{"rendered":"<p>BADE&#8217;E AL OUD NOBLE BLUSH es una fragancia floral gourmand dise\u00f1ada para quienes aprecian las composiciones de rosas elegantes, cremosas<\/p>\n","protected":false},"featured_media":87736,"comment_status":"open","ping_status":"closed","template":"","meta":{"nf_dc_page":""},"product_brand":[109],"product_cat":[84],"product_tag":[894],"class_list":{"0":"post-87735","1":"product","2":"type-product","3":"status-publish","4":"has-post-thumbnail","6":"product_brand-lattafa","7":"product_cat-perfumeria","8":"product_tag-894","10":"first","11":"instock","12":"shipping-taxable","13":"purchasable","14":"product-type-simple"},"_links":{"self":[{"href":"https:\/\/brandss.com.py\/index\/wp-json\/wp\/v2\/product\/87735","targetHints":{"allow":["GET"]}}],"collection":[{"href":"https:\/\/brandss.com.py\/index\/wp-json\/wp\/v2\/product"}],"about":[{"href":"https:\/\/brandss.com.py\/index\/wp-json\/wp\/v2\/types\/product"}],"replies":[{"embeddable":true,"href":"https:\/\/brandss.com.py\/index\/wp-json\/wp\/v2\/comments?post=87735"}],"version-history":[{"count":1,"href":"https:\/\/brandss.com.py\/index\/wp-json\/wp\/v2\/product\/87735\/revisions"}],"predecessor-version":[{"id":87740,"href":"https:\/\/brandss.com.py\/index\/wp-json\/wp\/v2\/product\/87735\/revisions\/87740"}],"wp:featuredmedia":[{"embeddable":true,"href":"https:\/\/brandss.com.py\/index\/wp-json\/wp\/v2\/media\/87736"}],"wp:attachment":[{"href":"https:\/\/brandss.com.py\/index\/wp-json\/wp\/v2\/media?parent=87735"}],"wp:term":[{"taxonomy":"product_brand","embeddable":true,"href":"https:\/\/brandss.com.py\/index\/wp-json\/wp\/v2\/product_brand?post=87735"},{"taxonomy":"product_cat","embeddable":true,"href":"https:\/\/brandss.com.py\/index\/wp-json\/wp\/v2\/product_cat?post=87735"},{"taxonomy":"product_tag","embeddable":true,"href":"https:\/\/brandss.com.py\/index\/wp-json\/wp\/v2\/product_tag?post=87735"}],"curies":[{"name":"wp","href":"https:\/\/api.w.org\/{rel}","templated":true}]}}