{"id":87741,"date":"2025-08-06T16:42:12","date_gmt":"2025-08-06T16:42:12","guid":{"rendered":"https:\/\/brandss.com.py\/index\/?post_type=product&#038;p=87741"},"modified":"2025-12-08T18:27:40","modified_gmt":"2025-12-08T18:27:40","slug":"perfume-unisex-lattafa-roauat-al-oud-edp-100ml","status":"publish","type":"product","link":"https:\/\/brandss.com.py\/index\/producto\/perfume-unisex-lattafa-roauat-al-oud-edp-100ml\/","title":{"rendered":"PERFUME UNISEX LATTAFA ROUAT AL OUD EDP 100ML"},"content":{"rendered":"<p><img loading=\"lazy\" decoding=\"async\" class=\"\" src=\"https:\/\/myscentjourney.s3.us-east-2.amazonaws.com\/2022\/02\/14\/29KIascent_j_marca_1644871114_202.png\" alt=\"MSJ::LATTAFA\" width=\"98\" height=\"116\" \/><\/p>\n<h1>ROAUAT AL OUD<\/h1>\n<p>Una fragancia majestuosa que destaca por su mezcla armoniosa de oud y acordes florales, ofreciendo un aroma elegante y distintivo. Perfecto para quienes desean una fragancia que deje una impresi\u00f3n duradera.<\/p>\n<p><span>Emb\u00e1rcate en un viaje arom\u00e1tico con Rouat Al Oud, la esencia del opulento lujo \u00e1rabe.<\/span><\/p>\n<ul class=\"tickmark_blue\">\n<li><span>Fragancia unisex amaderada y especiada<\/span><\/li>\n<li><span>Encantadoras notas de salida de azafr\u00e1n y frambuesa.<\/span><\/li>\n<li><span>Aroma c\u00edtrico picante con matices amaderados.<\/span><\/li>\n<\/ul>\n<p><span>Magistralmente elaborado, este perfume encarna el esp\u00edritu de la tradici\u00f3n de la perfumer\u00eda premium de Dub\u00e1i. Lattafa Rouat Al Oud es una fragancia vers\u00e1til que ofrece una armoniosa combinaci\u00f3n de notas amaderadas orientales con un sutil toque floral y frutal, perfecta para quienes buscan causar una impresi\u00f3n inolvidable.<\/span><\/p>\n<p><img decoding=\"async\" class=\"alignleft\" src=\"https:\/\/www.myperfumeshop.co.nz\/cdn\/shop\/products\/lattafa-rouat-al-oud-edp-perfume-cologne-800905.jpg?v=1706821897&amp;width=500\" \/><\/p>\n<h3>Notas Olfativas<\/h3>\n<p>&nbsp;<\/p>\n<p><span>El perfume Rouat Al Oud es una fragancia c\u00edtrica y especiada con notas especiadas y amaderadas para mujer y hombre. La nota de salida se abre con una fresca bergamota y neroli. El tamarindo aporta un delicado toque agridulce. Una nota de coraz\u00f3n especiada le sigue con aromas de cardamomo fresco y notas especiadas. Un fondo de madera de cedro, oud, vetiver, almizcle y pachul\u00ed completa la fragancia con una c\u00e1lida y rica intensidad. Un perfume magn\u00edfico donde los frescos aromas c\u00edtricos verdes se combinan armoniosamente con notas amaderadas y especiadas.<\/span><\/p>\n<p><strong><span>Notas de salida:\u00a0<\/span><\/strong>\u00a0<span class=\"clickable_note notefont1\"><span>bergamota,\u00a0<\/span>\u00a0<\/span><span class=\"clickable_note notefont2\"><span>tamarindo\u00a0<\/span>\u00a0y\u00a0<\/span><span class=\"clickable_note notefont2\"><span>\u00a0neroli.<br \/>\n<\/span><\/span><br \/>\n<strong><span>Notas de coraz\u00f3n:\u00a0 <\/span><\/strong><span class=\"clickable_note notefont2\"><span>cardamomo y especias.<br \/>\n<\/span><\/span><br \/>\n<strong><span>Notas de fondo:\u00a0<\/span><\/strong>\u00a0<span class=\"clickable_note notefont2\"><span>madera de cedro,\u00a0<\/span>\u00a0<\/span><span class=\"clickable_note notefont2\"><span>pachul\u00ed,\u00a0<\/span>\u00a0<\/span><span class=\"clickable_note notefont5\"><span>vetiver\u00a0<\/span>\u00a0y\u00a0<\/span><span class=\"clickable_note notefont5\"><span>\u00a0almizcle.<\/span><\/span><\/p>\n","protected":false},"excerpt":{"rendered":"<p>ROAUAT AL OUD Una fragancia majestuosa que destaca por su mezcla armoniosa de oud y acordes florales, ofreciendo un aroma<\/p>\n","protected":false},"featured_media":87742,"comment_status":"open","ping_status":"closed","template":"","meta":{"nf_dc_page":""},"product_brand":[109],"product_cat":[84],"product_tag":[682],"class_list":{"0":"post-87741","1":"product","2":"type-product","3":"status-publish","4":"has-post-thumbnail","6":"product_brand-lattafa","7":"product_cat-perfumeria","8":"product_tag-682","10":"first","11":"instock","12":"shipping-taxable","13":"purchasable","14":"product-type-simple"},"_links":{"self":[{"href":"https:\/\/brandss.com.py\/index\/wp-json\/wp\/v2\/product\/87741","targetHints":{"allow":["GET"]}}],"collection":[{"href":"https:\/\/brandss.com.py\/index\/wp-json\/wp\/v2\/product"}],"about":[{"href":"https:\/\/brandss.com.py\/index\/wp-json\/wp\/v2\/types\/product"}],"replies":[{"embeddable":true,"href":"https:\/\/brandss.com.py\/index\/wp-json\/wp\/v2\/comments?post=87741"}],"version-history":[{"count":3,"href":"https:\/\/brandss.com.py\/index\/wp-json\/wp\/v2\/product\/87741\/revisions"}],"predecessor-version":[{"id":89891,"href":"https:\/\/brandss.com.py\/index\/wp-json\/wp\/v2\/product\/87741\/revisions\/89891"}],"wp:featuredmedia":[{"embeddable":true,"href":"https:\/\/brandss.com.py\/index\/wp-json\/wp\/v2\/media\/87742"}],"wp:attachment":[{"href":"https:\/\/brandss.com.py\/index\/wp-json\/wp\/v2\/media?parent=87741"}],"wp:term":[{"taxonomy":"product_brand","embeddable":true,"href":"https:\/\/brandss.com.py\/index\/wp-json\/wp\/v2\/product_brand?post=87741"},{"taxonomy":"product_cat","embeddable":true,"href":"https:\/\/brandss.com.py\/index\/wp-json\/wp\/v2\/product_cat?post=87741"},{"taxonomy":"product_tag","embeddable":true,"href":"https:\/\/brandss.com.py\/index\/wp-json\/wp\/v2\/product_tag?post=87741"}],"curies":[{"name":"wp","href":"https:\/\/api.w.org\/{rel}","templated":true}]}}