{"id":87748,"date":"2025-08-06T18:09:26","date_gmt":"2025-08-06T18:09:26","guid":{"rendered":"https:\/\/brandss.com.py\/index\/?post_type=product&#038;p=87748"},"modified":"2026-03-17T16:24:26","modified_gmt":"2026-03-17T16:24:26","slug":"perfume-unisex-lattafa-ramz-silver-edp-100ml","status":"publish","type":"product","link":"https:\/\/brandss.com.py\/index\/producto\/perfume-unisex-lattafa-ramz-silver-edp-100ml\/","title":{"rendered":"PERFUME UNISEX LATTAFA RAMZ SILVER EDP 100ML"},"content":{"rendered":"<p><img loading=\"lazy\" decoding=\"async\" class=\"\" src=\"https:\/\/myscentjourney.s3.us-east-2.amazonaws.com\/2022\/02\/14\/29KIascent_j_marca_1644871114_202.png\" alt=\"MSJ::LATTAFA\" width=\"67\" height=\"80\" \/><\/p>\n<h1>RAMZ SILVER<\/h1>\n<p>Es una fragancia fresca y c\u00e1lida. Ideal para el uso diario y ocasiones especiales, este perfume destaca por su car\u00e1cter vers\u00e1til y envolvente, siendo perfecto para quienes buscan un aroma equilibrado y refinado.<\/p>\n<p><span>Descubra la esencia de la elegancia con Ramz Silver, una sinfon\u00eda de \u00e1mbar y vainilla.<\/span><\/p>\n<ul class=\"tickmark_blue\">\n<li><span>Fragancia de vainilla \u00e1mbar<\/span><\/li>\n<li><span>Para mujeres y hombres<\/span><\/li>\n<li><span>Lanzado en 2021<\/span><\/li>\n<\/ul>\n<p><span>Lattafa Ramz Silver es un testimonio del arte de la perfumer\u00eda de lujo, creando una estela \u00edntima que cautiva los sentidos. Perfecta para quienes buscan la sofisticaci\u00f3n, esta fragancia es un complemento atemporal para cualquier armario olfativo.<\/span><\/p>\n<p><img loading=\"lazy\" decoding=\"async\" class=\"alignleft\" src=\"https:\/\/opulensi.com\/cdn\/shop\/files\/RamzSilverBottleperfumenotes.jpg?v=1726591548&amp;width=1946\" width=\"538\" height=\"538\" \/><\/p>\n<h3>Notas Olfativas<\/h3>\n<p>&nbsp;<\/p>\n<p>Ramz Silver de Lattafa es una fragancia de la familia olfativa \u00c1mbar Vainilla para Hombres y Mujeres. Ramz Silver es una fragancia unisex que cautiva desde el primer instante con su combinaci\u00f3n \u00fanica de notas frescas y c\u00e1lidas. La frescura inicial de la pera, lavanda y menta se entrelaza con la chispeante bergamota y el especiado cardamomo, creando una apertura vibrante y moderna. La salvia agrega una profundidad herb\u00e1cea, mientras que la vainilla aporta una dulzura suave y envolvente. Las notas base de \u00e1mbar, almizcle y pachul\u00ed se unen para formar una fusi\u00f3n sensual y duradera que deja una estela inolvidable. Ramz Silver es la elecci\u00f3n perfecta para aquellos que buscan una fragancia unisex que encarne la elegancia y el misterio!!!<\/p>\n<p><strong>Notas de salida:<\/strong> pera, lavanda, menta y bergamota.<\/p>\n<p><strong>Notas de coraz\u00f3n:<\/strong> cardamomo y salvia.<\/p>\n<p><strong>Notas de fondo:<\/strong> vainilla, \u00e1mbar, almizcle y pachul\u00ed.<\/p>\n","protected":false},"excerpt":{"rendered":"<p>RAMZ SILVER Es una fragancia fresca y c\u00e1lida. Ideal para el uso diario y ocasiones especiales, este perfume destaca por<\/p>\n","protected":false},"featured_media":87749,"comment_status":"open","ping_status":"closed","template":"","meta":{"nf_dc_page":""},"product_brand":[109],"product_cat":[84],"product_tag":[886],"class_list":{"0":"post-87748","1":"product","2":"type-product","3":"status-publish","4":"has-post-thumbnail","6":"product_brand-lattafa","7":"product_cat-perfumeria","8":"product_tag-886","10":"first","11":"instock","12":"sale","13":"shipping-taxable","14":"purchasable","15":"product-type-simple"},"_links":{"self":[{"href":"https:\/\/brandss.com.py\/index\/wp-json\/wp\/v2\/product\/87748","targetHints":{"allow":["GET"]}}],"collection":[{"href":"https:\/\/brandss.com.py\/index\/wp-json\/wp\/v2\/product"}],"about":[{"href":"https:\/\/brandss.com.py\/index\/wp-json\/wp\/v2\/types\/product"}],"replies":[{"embeddable":true,"href":"https:\/\/brandss.com.py\/index\/wp-json\/wp\/v2\/comments?post=87748"}],"version-history":[{"count":1,"href":"https:\/\/brandss.com.py\/index\/wp-json\/wp\/v2\/product\/87748\/revisions"}],"predecessor-version":[{"id":87755,"href":"https:\/\/brandss.com.py\/index\/wp-json\/wp\/v2\/product\/87748\/revisions\/87755"}],"wp:featuredmedia":[{"embeddable":true,"href":"https:\/\/brandss.com.py\/index\/wp-json\/wp\/v2\/media\/87749"}],"wp:attachment":[{"href":"https:\/\/brandss.com.py\/index\/wp-json\/wp\/v2\/media?parent=87748"}],"wp:term":[{"taxonomy":"product_brand","embeddable":true,"href":"https:\/\/brandss.com.py\/index\/wp-json\/wp\/v2\/product_brand?post=87748"},{"taxonomy":"product_cat","embeddable":true,"href":"https:\/\/brandss.com.py\/index\/wp-json\/wp\/v2\/product_cat?post=87748"},{"taxonomy":"product_tag","embeddable":true,"href":"https:\/\/brandss.com.py\/index\/wp-json\/wp\/v2\/product_tag?post=87748"}],"curies":[{"name":"wp","href":"https:\/\/api.w.org\/{rel}","templated":true}]}}