{"id":87756,"date":"2025-08-06T18:42:17","date_gmt":"2025-08-06T18:42:17","guid":{"rendered":"https:\/\/brandss.com.py\/index\/?post_type=product&#038;p=87756"},"modified":"2026-03-17T12:26:47","modified_gmt":"2026-03-17T12:26:47","slug":"perfume-unisex-maison-alhambra-victorioso-fearless-edp-100ml","status":"publish","type":"product","link":"https:\/\/brandss.com.py\/index\/producto\/perfume-unisex-maison-alhambra-victorioso-fearless-edp-100ml\/","title":{"rendered":"PERFUME UNISEX MAISON ALHAMBRA VICTORIOSO FEARLESS EDP 100ML"},"content":{"rendered":"<p><img loading=\"lazy\" decoding=\"async\" class=\"\" src=\"https:\/\/encrypted-tbn0.gstatic.com\/images?q=tbn:ANd9GcSDfozWudTdcO3Wr04KD44C49zaFW9pFvveSA&amp;s\" alt=\"Maison Alhambra Website: Luxurious Perfumes for Every Occasion\" width=\"105\" height=\"81\" \/><\/p>\n<h1>VICTORIOSO FEARLESS<\/h1>\n<p>Anuncia tu llegada sin esfuerzo con esta sensacional fragancia. Es una fragancia floral y amaderada, impregnada de ex\u00f3ticos aromas gourmand, que hace que quien la use destaque, con su aroma a\u00fan presente despu\u00e9s de mucho tiempo de haber salido de escena. Una fragancia muy sensual y arom\u00e1tica que encantar\u00e1 a quienes tienen gusto por los buenos perfumes.<\/p>\n<p>&nbsp;<\/p>\n<h3>Not<img loading=\"lazy\" decoding=\"async\" class=\"alignleft\" src=\"https:\/\/www.intenseoud.com\/cdn\/shop\/files\/4_9e7585fc-66ae-417f-8363-d3f4c7428799.jpg?v=1741299352\" width=\"494\" height=\"494\" \/>as Olfativas<\/h3>\n<p>&nbsp;<\/p>\n<p><span>Esta fragancia se abre con una mezcla fresca y especiada de manzana, clavo y cardamomo, creando una entrada c\u00e1lida y acogedora con un toque dulce. El coraz\u00f3n combina canela, el toque floral del geranio y el fresco aroma de la lavanda, aportando profundidad y complejidad.<\/span><\/p>\n<p><span>En la base, la suave riqueza de la vainilla y el \u00e1mbar se combina a la perfecci\u00f3n con la calidez esencial de la madera de cedro, dejando un final suave y elegante. Ideal para quienes disfrutan de una fragancia acogedora y especiada con una mezcla de notas frutales, florales y c\u00e1lidas notas amaderadas.<\/span><\/p>\n<p><strong><span>Notas de salida:<\/span><\/strong><span>\u00a0manzana, clavo, cardamomo.<\/span><\/p>\n<p><strong><span>Notas de coraz\u00f3n:<\/span><\/strong><span>\u00a0canela, geranio, lavanda.<\/span><\/p>\n<p><strong><span>Notas de fondo:<\/span><\/strong><span>\u00a0vainilla, \u00e1mbar, cedro.<\/span><\/p>\n","protected":false},"excerpt":{"rendered":"<p>VICTORIOSO FEARLESS Anuncia tu llegada sin esfuerzo con esta sensacional fragancia. Es una fragancia floral y amaderada, impregnada de ex\u00f3ticos<\/p>\n","protected":false},"featured_media":87757,"comment_status":"open","ping_status":"closed","template":"","meta":{"nf_dc_page":""},"product_brand":[107],"product_cat":[84],"product_tag":[145],"class_list":{"0":"post-87756","1":"product","2":"type-product","3":"status-publish","4":"has-post-thumbnail","6":"product_brand-maison-alhambra","7":"product_cat-perfumeria","8":"product_tag-145","10":"first","11":"instock","12":"shipping-taxable","13":"purchasable","14":"product-type-simple"},"_links":{"self":[{"href":"https:\/\/brandss.com.py\/index\/wp-json\/wp\/v2\/product\/87756","targetHints":{"allow":["GET"]}}],"collection":[{"href":"https:\/\/brandss.com.py\/index\/wp-json\/wp\/v2\/product"}],"about":[{"href":"https:\/\/brandss.com.py\/index\/wp-json\/wp\/v2\/types\/product"}],"replies":[{"embeddable":true,"href":"https:\/\/brandss.com.py\/index\/wp-json\/wp\/v2\/comments?post=87756"}],"version-history":[{"count":1,"href":"https:\/\/brandss.com.py\/index\/wp-json\/wp\/v2\/product\/87756\/revisions"}],"predecessor-version":[{"id":87761,"href":"https:\/\/brandss.com.py\/index\/wp-json\/wp\/v2\/product\/87756\/revisions\/87761"}],"wp:featuredmedia":[{"embeddable":true,"href":"https:\/\/brandss.com.py\/index\/wp-json\/wp\/v2\/media\/87757"}],"wp:attachment":[{"href":"https:\/\/brandss.com.py\/index\/wp-json\/wp\/v2\/media?parent=87756"}],"wp:term":[{"taxonomy":"product_brand","embeddable":true,"href":"https:\/\/brandss.com.py\/index\/wp-json\/wp\/v2\/product_brand?post=87756"},{"taxonomy":"product_cat","embeddable":true,"href":"https:\/\/brandss.com.py\/index\/wp-json\/wp\/v2\/product_cat?post=87756"},{"taxonomy":"product_tag","embeddable":true,"href":"https:\/\/brandss.com.py\/index\/wp-json\/wp\/v2\/product_tag?post=87756"}],"curies":[{"name":"wp","href":"https:\/\/api.w.org\/{rel}","templated":true}]}}