{"id":87762,"date":"2025-08-06T19:16:41","date_gmt":"2025-08-06T19:16:41","guid":{"rendered":"https:\/\/brandss.com.py\/index\/?post_type=product&#038;p=87762"},"modified":"2025-12-08T18:50:44","modified_gmt":"2025-12-08T18:50:44","slug":"perfume-masculino-maison-alhambra-exquisite-club-edp-100ml","status":"publish","type":"product","link":"https:\/\/brandss.com.py\/index\/producto\/perfume-masculino-maison-alhambra-exquisite-club-edp-100ml\/","title":{"rendered":"PERFUME MASCULINO MAISON ALHAMBRA EXQUISITE CLUB EDP 100ML"},"content":{"rendered":"<p><img loading=\"lazy\" decoding=\"async\" class=\"\" src=\"https:\/\/encrypted-tbn0.gstatic.com\/images?q=tbn:ANd9GcSDfozWudTdcO3Wr04KD44C49zaFW9pFvveSA&amp;s\" alt=\"Maison Alhambra Website: Luxurious Perfumes for Every Occasion\" width=\"99\" height=\"76\" \/><\/p>\n<h1>EXQUISITE CLUB<\/h1>\n<p class=\"\" data-start=\"0\" data-end=\"464\"><span>Es una fragancia audaz y moderna, dise\u00f1ada para el hombre que irradia estilo natural, encanto y una serena confianza. Este Eau De Parfum es una armoniosa mezcla de c\u00edtricos frescos, especias c\u00e1lidas, florales arom\u00e1ticos y maderas terrosas: una refinada firma olfativa para el caballero contempor\u00e1neo. Con un equilibrio entre una vitalidad energ\u00e9tica y una profunda sensualidad, est\u00e1 dise\u00f1ado para impresionar en cualquier ocasi\u00f3n.<\/span><\/p>\n<p data-start=\"0\" data-end=\"464\">Exquisite Pour Homme Club es una fragancia sofisticada y vers\u00e1til dise\u00f1ada para el hombre que destaca por su discreta confianza. Ideal tanto para uso diario como para veladas especiales, deja una huella memorable de refinamiento y carisma. Hazte notar con Exquisite Pour Homme Club, una fragancia que dice mucho sin necesidad de palabras.<\/p>\n<p data-start=\"0\" data-end=\"464\"><img loading=\"lazy\" decoding=\"async\" class=\"alignleft\" src=\"https:\/\/www.atlanticoshop.com.py\/image\/catalog\/armaf\/exquisite-club-maison-desc-esp.jpg\" width=\"450\" height=\"450\" \/><\/p>\n<h3 data-start=\"0\" data-end=\"464\">Notas Olfativas<\/h3>\n<p data-start=\"0\" data-end=\"464\">\n<p class=\"\" data-start=\"599\" data-end=\"890\">La fragancia se abre con un toque brillante y vigorizante de bergamota, elegantemente combinado con la calidez especiada del cardamomo y la suave dulzura de la pera. Esta combinaci\u00f3n inesperada y a la vez adictiva marca el tono con un toque refrescante y arom\u00e1tico que capta la atenci\u00f3n de inmediato.<\/p>\n<p class=\"\" data-start=\"892\" data-end=\"1176\">A medida que se desarrolla el coraz\u00f3n, la salvia esclarea aporta una sofisticaci\u00f3n herbal, mientras que el narciso a\u00f1ade una complejidad floral masculina y ligeramente silvestre. Estas notas medias crean un puente arom\u00e1tico entre la frescura y la calidez, realzando la profundidad y singularidad de la fragancia.<\/p>\n<p class=\"\" data-start=\"1178\" data-end=\"1460\">En el fondo, la elegancia cremosa y polvorienta del lirio se fusiona con la suave vainilla y el terroso vetiver, ofreciendo un final rico y persistente. Esta impresi\u00f3n final es sensual y arraigada, con una sutil dulzura que aporta profundidad y equilibrio sin abrumar los sentidos.<\/p>\n<p class=\"\" data-start=\"1462\" data-end=\"1878\">\n<ul>\n<li data-start=\"468\" data-end=\"509\"><strong data-start=\"468\" data-end=\"482\"><span>Notas de salida:<\/span><\/strong><span>\u00a0bergamota, cardamomo, pera<\/span><\/li>\n<li data-start=\"512\" data-end=\"553\"><strong data-start=\"512\" data-end=\"529\"><span>Notas medias:<\/span><\/strong><span>\u00a0salvia esclarea, narciso<\/span><\/li>\n<li data-start=\"556\" data-end=\"597\"><strong data-start=\"556\" data-end=\"571\"><span>Notas de fondo:<\/span><\/strong><span>\u00a0lirio, vainilla, vetiver<\/span><\/li>\n<\/ul>\n<p class=\"\" data-start=\"1462\" data-end=\"1878\">\n","protected":false},"excerpt":{"rendered":"<p>EXQUISITE CLUB Es una fragancia audaz y moderna, dise\u00f1ada para el hombre que irradia estilo natural, encanto y una serena<\/p>\n","protected":false},"featured_media":87763,"comment_status":"open","ping_status":"closed","template":"","meta":{"nf_dc_page":""},"product_brand":[107],"product_cat":[84],"product_tag":[707],"class_list":{"0":"post-87762","1":"product","2":"type-product","3":"status-publish","4":"has-post-thumbnail","6":"product_brand-maison-alhambra","7":"product_cat-perfumeria","8":"product_tag-707","10":"first","11":"instock","12":"shipping-taxable","13":"purchasable","14":"product-type-simple"},"_links":{"self":[{"href":"https:\/\/brandss.com.py\/index\/wp-json\/wp\/v2\/product\/87762","targetHints":{"allow":["GET"]}}],"collection":[{"href":"https:\/\/brandss.com.py\/index\/wp-json\/wp\/v2\/product"}],"about":[{"href":"https:\/\/brandss.com.py\/index\/wp-json\/wp\/v2\/types\/product"}],"replies":[{"embeddable":true,"href":"https:\/\/brandss.com.py\/index\/wp-json\/wp\/v2\/comments?post=87762"}],"version-history":[{"count":1,"href":"https:\/\/brandss.com.py\/index\/wp-json\/wp\/v2\/product\/87762\/revisions"}],"predecessor-version":[{"id":87768,"href":"https:\/\/brandss.com.py\/index\/wp-json\/wp\/v2\/product\/87762\/revisions\/87768"}],"wp:featuredmedia":[{"embeddable":true,"href":"https:\/\/brandss.com.py\/index\/wp-json\/wp\/v2\/media\/87763"}],"wp:attachment":[{"href":"https:\/\/brandss.com.py\/index\/wp-json\/wp\/v2\/media?parent=87762"}],"wp:term":[{"taxonomy":"product_brand","embeddable":true,"href":"https:\/\/brandss.com.py\/index\/wp-json\/wp\/v2\/product_brand?post=87762"},{"taxonomy":"product_cat","embeddable":true,"href":"https:\/\/brandss.com.py\/index\/wp-json\/wp\/v2\/product_cat?post=87762"},{"taxonomy":"product_tag","embeddable":true,"href":"https:\/\/brandss.com.py\/index\/wp-json\/wp\/v2\/product_tag?post=87762"}],"curies":[{"name":"wp","href":"https:\/\/api.w.org\/{rel}","templated":true}]}}