{"id":87769,"date":"2025-08-07T12:19:41","date_gmt":"2025-08-07T12:19:41","guid":{"rendered":"https:\/\/brandss.com.py\/index\/?post_type=product&#038;p=87769"},"modified":"2025-12-08T18:52:37","modified_gmt":"2025-12-08T18:52:37","slug":"perfume-femenino-maison-alhambra-opera-rouge-edp-100ml","status":"publish","type":"product","link":"https:\/\/brandss.com.py\/index\/producto\/perfume-femenino-maison-alhambra-opera-rouge-edp-100ml\/","title":{"rendered":"PERFUME FEMENINO MAISON ALHAMBRA OPERA ROUGE EDP 100ML"},"content":{"rendered":"<p><img loading=\"lazy\" decoding=\"async\" class=\"\" src=\"https:\/\/acdn-us.mitiendanube.com\/stores\/004\/407\/494\/products\/logo-maison-alhambra-3b1e691fd5777d7f6117418030884423-1024-1024.webp\" alt=\"MAISON ALHAMBRA - Man Black edition - Perfumia\" width=\"68\" height=\"74\" \/><\/p>\n<h1>OPERA ROUGE<\/h1>\n<p><em><strong>El aroma de la feminidad encantadora.<\/strong><\/em><\/p>\n<p><span class=\"relative -mx-px my-[-0.2rem] rounded px-px py-[0.2rem] transition-colors duration-100 ease-in-out\"><span>Es un perfume femenino deslumbrante y sensual que ofrece el equilibrio perfecto entre dulzor afrutado y calidez especiada. Opera Rouge no se lleva\u2026 se interpreta, con deseo y sin remordimientos!!!<\/span><\/span><\/p>\n<p><img loading=\"lazy\" decoding=\"async\" class=\"alignleft\" src=\"https:\/\/yaraparfum.hu\/cdn\/shop\/files\/maison-alhambra-opera-rouge-edp-100-ml-185836.png?v=1744724357&amp;width=1445\" width=\"452\" height=\"452\" \/><\/p>\n<h3>Notas Olfativas<\/h3>\n<p>&nbsp;<\/p>\n<p><span>Opera Rouge de Maison Alhambra es una fragancia de la Familia Olfativa: Floral Frutal Gourmand para mujeres. <\/span><\/p>\n<p><span>Esta fragancia se abre con la dulce y \u00e1cida combinaci\u00f3n de cereza y mandarina, ofreciendo un comienzo afrutado y vibrante. El coraz\u00f3n revela una mezcla de delicado jazm\u00edn, la brillante frescura de la flor de azahar y la sutil calidez del t\u00e9, aportando un elegante coraz\u00f3n.<\/span><\/p>\n<p><span>En el fondo, la rica cremosidad de la vainilla y el caf\u00e9 se combina con la intensidad del pachul\u00ed, dejando un final placentero. Perfecto para quienes disfrutan de una fragancia alegre y sofisticada con matices frutales, florales, c\u00e1lidos y gourmand.<\/span><\/p>\n<p><strong><span>Notas de salida:\u00a0<\/span><\/strong><span> cereza, mandarina verde.<\/span><br data-start=\"828\" data-end=\"831\" \/><strong><span>Notas de coraz\u00f3n:\u00a0<\/span><\/strong><span> jazm\u00edn, flor de naranja, t\u00e9 negro.<\/span><br data-start=\"869\" data-end=\"872\" \/><strong><span>Notas de fondo:\u00a0<\/span><\/strong><span> vainilla, caf\u00e9, pachul\u00ed.<\/span><\/p>\n","protected":false},"excerpt":{"rendered":"<p>OPERA ROUGE El aroma de la feminidad encantadora. Es un perfume femenino deslumbrante y sensual que ofrece el equilibrio perfecto<\/p>\n","protected":false},"featured_media":87770,"comment_status":"open","ping_status":"closed","template":"","meta":{"nf_dc_page":""},"product_brand":[107],"product_cat":[84],"product_tag":[717],"class_list":{"0":"post-87769","1":"product","2":"type-product","3":"status-publish","4":"has-post-thumbnail","6":"product_brand-maison-alhambra","7":"product_cat-perfumeria","8":"product_tag-717","10":"first","11":"instock","12":"shipping-taxable","13":"purchasable","14":"product-type-simple"},"_links":{"self":[{"href":"https:\/\/brandss.com.py\/index\/wp-json\/wp\/v2\/product\/87769","targetHints":{"allow":["GET"]}}],"collection":[{"href":"https:\/\/brandss.com.py\/index\/wp-json\/wp\/v2\/product"}],"about":[{"href":"https:\/\/brandss.com.py\/index\/wp-json\/wp\/v2\/types\/product"}],"replies":[{"embeddable":true,"href":"https:\/\/brandss.com.py\/index\/wp-json\/wp\/v2\/comments?post=87769"}],"version-history":[{"count":1,"href":"https:\/\/brandss.com.py\/index\/wp-json\/wp\/v2\/product\/87769\/revisions"}],"predecessor-version":[{"id":87774,"href":"https:\/\/brandss.com.py\/index\/wp-json\/wp\/v2\/product\/87769\/revisions\/87774"}],"wp:featuredmedia":[{"embeddable":true,"href":"https:\/\/brandss.com.py\/index\/wp-json\/wp\/v2\/media\/87770"}],"wp:attachment":[{"href":"https:\/\/brandss.com.py\/index\/wp-json\/wp\/v2\/media?parent=87769"}],"wp:term":[{"taxonomy":"product_brand","embeddable":true,"href":"https:\/\/brandss.com.py\/index\/wp-json\/wp\/v2\/product_brand?post=87769"},{"taxonomy":"product_cat","embeddable":true,"href":"https:\/\/brandss.com.py\/index\/wp-json\/wp\/v2\/product_cat?post=87769"},{"taxonomy":"product_tag","embeddable":true,"href":"https:\/\/brandss.com.py\/index\/wp-json\/wp\/v2\/product_tag?post=87769"}],"curies":[{"name":"wp","href":"https:\/\/api.w.org\/{rel}","templated":true}]}}