{"id":87775,"date":"2025-08-07T13:22:54","date_gmt":"2025-08-07T13:22:54","guid":{"rendered":"https:\/\/brandss.com.py\/index\/?post_type=product&#038;p=87775"},"modified":"2025-12-09T10:50:05","modified_gmt":"2025-12-09T10:50:05","slug":"perfume-femenino-ard-al-zaafaran-bint-hooran-rose-passion-edp-100ml","status":"publish","type":"product","link":"https:\/\/brandss.com.py\/index\/producto\/perfume-femenino-ard-al-zaafaran-bint-hooran-rose-passion-edp-100ml\/","title":{"rendered":"PERFUME FEMENINO ARD AL ZAAFARAN BINT HOORAN ROSE PASSION EDP 100ML"},"content":{"rendered":"<p><img loading=\"lazy\" decoding=\"async\" class=\"\" src=\"https:\/\/fimgs.net\/mdimg\/dizajneri\/m.2917.jpg\" alt=\"Oudi Ard Al Zaafaran fragancia - una fragancia para Hombres y Mujeres 2016\" width=\"141\" height=\"141\" \/><\/p>\n<h1>BINT HOORAN ROSE PASSION<\/h1>\n<p><span>Una fragancia que te invita a una extraordinaria aventura sensorial. Desde el primer momento, percibir\u00e1s la m\u00e1gica esencia de Oriente Medio, despleg\u00e1ndose en notas dulces y afrutadas, creando una experiencia olfativa \u00fanica y cautivadora.<\/span><\/p>\n<p><span>Con cada calada, el aroma se revela como una oda a la irresistibilidad, combinando la frescura floral de la rosa con matices golosos que despiertan los sentidos. Es una celebraci\u00f3n de elegancia y pasi\u00f3n, perfecta para quienes desean dejar una huella imborrable.<\/span><\/p>\n<p><span>D\u00e9jate seducir por\u00a0\u00a0<\/span>Rose Passion<span>, un perfume que no es solo una fragancia, sino un viaje a trav\u00e9s de los aromas y las tradiciones de una tierra rica en cultura. Conquista tu espacio y realza tu belleza con esta esencia que llega al coraz\u00f3n. <\/span><\/p>\n<p><span>\u00a1Pru\u00e9bala y deja que tu personalidad brille!<\/span><\/p>\n<p><img loading=\"lazy\" decoding=\"async\" class=\"alignleft\" src=\"https:\/\/i.ebayimg.com\/images\/g\/Gc0AAOSw02Rn~XgQ\/s-l1200.jpg\" width=\"610\" height=\"767\" \/><\/p>\n<h3>Notas Olfativas<\/h3>\n<p>&nbsp;<\/p>\n<p><span>Descubre el encanto del perfume femenino Bint Hooran Rose Passion, una fragancia deliciosa y envolvente que combina dulzura y frescura en una mezcla inolvidable. <\/span><\/p>\n<p><span>Las brillantes notas de salida de grosella negra y mandarina verde abren la fragancia con un toque de vitalidad y frescura c\u00edtrica. En el coraz\u00f3n, una explosi\u00f3n de dulzura se revela con el aroma \u00fanico de caramelo de fresa, equilibrado por la delicadeza de la gardenia, creando una atm\u00f3sfera alegre y femenina. <\/span><\/p>\n<p><span>La base de la fragancia se calienta con notas de sirope de vainilla, \u00e1mbar, s\u00e1ndalo y almizcle, creando una estela seductora y envolvente que perdura. Bint Hooran Rose Passion es la esencia perfecta para quienes aman un perfume dulce y sofisticado, ideal para acompa\u00f1ar cada momento especial. Perfecto para la mujer moderna que busca dejar huella.<\/span><\/p>\n<p>&nbsp;<\/p>\n<p><span><strong>Notas de salida:<\/strong> Grosella negra, mandarina verde.<\/span><\/p>\n<p><span><strong>Notas de coraz\u00f3n:<\/strong> Caramelo efervescente de fresa, gardenia.<\/span><\/p>\n<p><span><strong>Notas de fondo:<\/strong> jarabe de vainilla, \u00e1mbar, s\u00e1ndalo, almizcle.<\/span><\/p>\n","protected":false},"excerpt":{"rendered":"<p>BINT HOORAN ROSE PASSION Una fragancia que te invita a una extraordinaria aventura sensorial. Desde el primer momento, percibir\u00e1s la<\/p>\n","protected":false},"featured_media":87776,"comment_status":"open","ping_status":"closed","template":"","meta":{"nf_dc_page":""},"product_brand":[110],"product_cat":[84],"product_tag":[1635],"class_list":{"0":"post-87775","1":"product","2":"type-product","3":"status-publish","4":"has-post-thumbnail","6":"product_brand-ard-al-zaafaran","7":"product_cat-perfumeria","8":"product_tag-1635","10":"first","11":"instock","12":"sale","13":"shipping-taxable","14":"purchasable","15":"product-type-simple"},"_links":{"self":[{"href":"https:\/\/brandss.com.py\/index\/wp-json\/wp\/v2\/product\/87775","targetHints":{"allow":["GET"]}}],"collection":[{"href":"https:\/\/brandss.com.py\/index\/wp-json\/wp\/v2\/product"}],"about":[{"href":"https:\/\/brandss.com.py\/index\/wp-json\/wp\/v2\/types\/product"}],"replies":[{"embeddable":true,"href":"https:\/\/brandss.com.py\/index\/wp-json\/wp\/v2\/comments?post=87775"}],"version-history":[{"count":2,"href":"https:\/\/brandss.com.py\/index\/wp-json\/wp\/v2\/product\/87775\/revisions"}],"predecessor-version":[{"id":87782,"href":"https:\/\/brandss.com.py\/index\/wp-json\/wp\/v2\/product\/87775\/revisions\/87782"}],"wp:featuredmedia":[{"embeddable":true,"href":"https:\/\/brandss.com.py\/index\/wp-json\/wp\/v2\/media\/87776"}],"wp:attachment":[{"href":"https:\/\/brandss.com.py\/index\/wp-json\/wp\/v2\/media?parent=87775"}],"wp:term":[{"taxonomy":"product_brand","embeddable":true,"href":"https:\/\/brandss.com.py\/index\/wp-json\/wp\/v2\/product_brand?post=87775"},{"taxonomy":"product_cat","embeddable":true,"href":"https:\/\/brandss.com.py\/index\/wp-json\/wp\/v2\/product_cat?post=87775"},{"taxonomy":"product_tag","embeddable":true,"href":"https:\/\/brandss.com.py\/index\/wp-json\/wp\/v2\/product_tag?post=87775"}],"curies":[{"name":"wp","href":"https:\/\/api.w.org\/{rel}","templated":true}]}}