{"id":87791,"date":"2025-08-07T17:12:43","date_gmt":"2025-08-07T17:12:43","guid":{"rendered":"https:\/\/brandss.com.py\/index\/?post_type=product&#038;p=87791"},"modified":"2026-03-17T16:30:42","modified_gmt":"2026-03-17T16:30:42","slug":"perfume-unisex-al-haramain-amber-oud-aqua-dubai-extrait-parfum-edp-100ml","status":"publish","type":"product","link":"https:\/\/brandss.com.py\/index\/producto\/perfume-unisex-al-haramain-amber-oud-aqua-dubai-extrait-parfum-edp-100ml\/","title":{"rendered":"PERFUME UNISEX AL HARAMAIN AMBER OUD AQUA DUBAI EXTRAIT PARFUM EDP 100ML"},"content":{"rendered":"<p><img loading=\"lazy\" decoding=\"async\" class=\"\" src=\"https:\/\/perfumesyperfumes.com\/cdn\/shop\/collections\/LOGO_AL_HARAMAIN.png?v=1717038567\" alt=\"Al Haramain | Perfumes y Perfumes\" width=\"113\" height=\"113\" \/><\/p>\n<h1>AMBER OUD AQUA DUBAI EXTRAIT PARFUM<\/h1>\n<p>Es una fragancia arom\u00e1tica y frutal para hombre y mujer. Posee una combinaci\u00f3n perfecta de frescura y riqueza. Te transporta inmediatamente a las soleadas ma\u00f1anas del Mar Ar\u00e1bigo, donde la fresca brisa marina se funde con la vibrante vida urbana. Este aroma es perfecto para quienes buscan un aroma refrescante y c\u00e1lido a la vez. Funciona bien en todas las estaciones y transmite confianza y un encanto sofisticado d\u00eda y noche.<\/p>\n<p><img loading=\"lazy\" decoding=\"async\" class=\"alignleft\" src=\"https:\/\/emiratesoud.co.uk\/cdn\/shop\/files\/Amber-Oud-Aqua-Dubai-Extrait-De-Parfum-100ml-Al-Haramain-173955864.jpg?v=1752623181&amp;width=713\" width=\"505\" height=\"505\" \/><\/p>\n<h3>Notas Olfativas<\/h3>\n<p>&nbsp;<\/p>\n<p dir=\"ltr\">La fragancia comienza con una intensa explosi\u00f3n de bergamota, notas verdes y mandarina. Esta mezcla te da energ\u00eda y te hace sentir bien, ideal para usar a diario o en climas c\u00e1lidos. Su inicio es limpio y c\u00edtrico, que despierta los sentidos al instante.<\/p>\n<p dir=\"ltr\">En el centro se encuentra una encantadora mezcla de jugoso mel\u00f3n, pi\u00f1a y grosella negra, realzada a\u00fan m\u00e1s por la calidez del \u00e1mbar. Estos componentes combinan un sabor dulce y afrutado con un toque de lujo, d\u00e1ndole al aroma una sensaci\u00f3n veraniega, pero a la vez rica y con mucha clase.<\/p>\n<p dir=\"ltr\">La base es profunda y relajante, mientras que el almizcle, el g\u00e1lbano y la vainilla se unen al final para crear una fragancia cremosa y dulce. El petitgrain aporta una nota ligeramente amarga y amaderada que matiza el aroma. Este fondo se mantiene con una elegancia serena, dejando una impresi\u00f3n duradera.<\/p>\n<ul>\n<li dir=\"ltr\"><strong>Notas de salida:\u00a0<\/strong>Bergamota, notas verdes, mandarina.<\/li>\n<li dir=\"ltr\"><strong>Notas de coraz\u00f3n:<\/strong>\u00a0\u00e1mbar, mel\u00f3n, grosella negra, pi\u00f1a.<\/li>\n<li dir=\"ltr\"><strong>Notas de fondo:\u00a0<\/strong>almizcle, petitgrain, g\u00e1lbano, vainilla.<\/li>\n<\/ul>\n","protected":false},"excerpt":{"rendered":"<p>AMBER OUD AQUA DUBAI EXTRAIT PARFUM Es una fragancia arom\u00e1tica y frutal para hombre y mujer. Posee una combinaci\u00f3n perfecta<\/p>\n","protected":false},"featured_media":87792,"comment_status":"open","ping_status":"closed","template":"","meta":{"nf_dc_page":""},"product_brand":[114],"product_cat":[84],"product_tag":[1636],"class_list":{"0":"post-87791","1":"product","2":"type-product","3":"status-publish","4":"has-post-thumbnail","6":"product_brand-al-haramain","7":"product_cat-perfumeria","8":"product_tag-1636","10":"first","11":"instock","12":"shipping-taxable","13":"purchasable","14":"product-type-simple"},"_links":{"self":[{"href":"https:\/\/brandss.com.py\/index\/wp-json\/wp\/v2\/product\/87791","targetHints":{"allow":["GET"]}}],"collection":[{"href":"https:\/\/brandss.com.py\/index\/wp-json\/wp\/v2\/product"}],"about":[{"href":"https:\/\/brandss.com.py\/index\/wp-json\/wp\/v2\/types\/product"}],"replies":[{"embeddable":true,"href":"https:\/\/brandss.com.py\/index\/wp-json\/wp\/v2\/comments?post=87791"}],"version-history":[{"count":2,"href":"https:\/\/brandss.com.py\/index\/wp-json\/wp\/v2\/product\/87791\/revisions"}],"predecessor-version":[{"id":99627,"href":"https:\/\/brandss.com.py\/index\/wp-json\/wp\/v2\/product\/87791\/revisions\/99627"}],"wp:featuredmedia":[{"embeddable":true,"href":"https:\/\/brandss.com.py\/index\/wp-json\/wp\/v2\/media\/87792"}],"wp:attachment":[{"href":"https:\/\/brandss.com.py\/index\/wp-json\/wp\/v2\/media?parent=87791"}],"wp:term":[{"taxonomy":"product_brand","embeddable":true,"href":"https:\/\/brandss.com.py\/index\/wp-json\/wp\/v2\/product_brand?post=87791"},{"taxonomy":"product_cat","embeddable":true,"href":"https:\/\/brandss.com.py\/index\/wp-json\/wp\/v2\/product_cat?post=87791"},{"taxonomy":"product_tag","embeddable":true,"href":"https:\/\/brandss.com.py\/index\/wp-json\/wp\/v2\/product_tag?post=87791"}],"curies":[{"name":"wp","href":"https:\/\/api.w.org\/{rel}","templated":true}]}}