{"id":87800,"date":"2025-08-08T11:14:47","date_gmt":"2025-08-08T11:14:47","guid":{"rendered":"https:\/\/brandss.com.py\/index\/?post_type=product&#038;p=87800"},"modified":"2026-03-17T16:31:32","modified_gmt":"2026-03-17T16:31:32","slug":"perfume-unisex-al-haramain-amber-oud-dubai-night-extrait-parfum-edp-100ml","status":"publish","type":"product","link":"https:\/\/brandss.com.py\/index\/producto\/perfume-unisex-al-haramain-amber-oud-dubai-night-extrait-parfum-edp-100ml\/","title":{"rendered":"PERFUME UNISEX AL HARAMAIN AMBER OUD DUBAI NIGHT EXTRAIT PARFUM EDP 100ML"},"content":{"rendered":"<p><img loading=\"lazy\" decoding=\"async\" class=\"\" src=\"https:\/\/perfumesyperfumes.com\/cdn\/shop\/collections\/LOGO_AL_HARAMAIN.png?v=1717038567\" alt=\"Al Haramain | Perfumes y Perfumes\" width=\"141\" height=\"141\" \/><\/p>\n<h1>AMBER OUD DUBAI NIGHT EXTRAIT PARFUM<\/h1>\n<p dir=\"ltr\">Te arrastra a la magia de la noche en una de las ciudades m\u00e1s vibrantes del mundo. Su elegante composici\u00f3n, llena de notas amaderadas, florales y especiadas, est\u00e1 hecha para las aventuras nocturnas en las que se desvanecen los l\u00edmites entre el sue\u00f1o y la realidad. Es una exquisita fusi\u00f3n de lujo y tradici\u00f3n, dise\u00f1ado para quienes buscan una fragancia intensa y sofisticada. Esta creaci\u00f3n \u00fanica combina las notas c\u00e1lidas del \u00e1mbar con la profundidad del oud, resultando en un aroma seductor y duradero. Amber Oud no solo destaca por su opulencia, sino tambi\u00e9n por su capacidad para envolver los sentidos y dejar una estela inolvidable. Ideal para cualquier ocasi\u00f3n especial, este perfume es un reflejo de clase y distinci\u00f3n, perfecto para quienes aprecian la perfumer\u00eda m\u00e1s fina y aut\u00e9ntica.<\/p>\n<ul>\n<li value=\"1\">Fragancia ambarina con un toque amaderado y especiado.<\/li>\n<li value=\"2\">Ideal para ocasiones especiales y celebraciones.<\/li>\n<li value=\"3\">Unisex.<\/li>\n<\/ul>\n<p dir=\"ltr\"><img decoding=\"async\" class=\"alignleft\" src=\"https:\/\/http2.mlstatic.com\/D_NQ_NP_892962-MLA79784596479_102024-O.webp\" \/><\/p>\n<h3 dir=\"ltr\"><strong>Notas Olfativas<\/strong><\/h3>\n<p>Al ponerse el sol en el horizonte, Dub\u00e1i se transforma en un para\u00edso de encanto y seducci\u00f3n, y Haramain Amber Oud Dubai Night se convierte en el aroma de las aventuras nocturnas de la ciudad. Imag\u00ednate sumergi\u00e9ndote en la vibrante energ\u00eda de la noche, donde cada nota arom\u00e1tica es un cap\u00edtulo de una historia cautivadora. Al principio, la bergamota, el azafr\u00e1n y el elem\u00ed evocan la anticipaci\u00f3n; sus fragancias c\u00edtricas y especiadas anticipan las aventuras que se avecinan. Al caer la noche, emergen la madera de agar, la rosa b\u00falgara y el lirio de los valles, evocando el romance y el misterio de la noche dubait\u00ed.<\/p>\n<p>Finalmente, las notas de fondo de almizcle blanco, haba tonka, \u00e1mbar y musgo de roble perduran como susurros en la brisa del desierto, dejando una huella imborrable en los sentidos. Con Haramain Amber Oud Dubai Night como acompa\u00f1ante, cada momento se convierte en un viaje inolvidable por las encantadoras calles de Dub\u00e1i bajo el cielo estrellado.<\/p>\n<p>&nbsp;<\/p>\n<div><strong>Notas de salida:<\/strong>\u00a0Bergamota, azafr\u00e1n, elem\u00ed.<\/div>\n<div><strong>Notas de coraz\u00f3n:<\/strong>\u00a0Madera de agar (oud), rosa b\u00falgara, lirio de los valles.<\/div>\n<div><strong>Notas de fondo: <\/strong>Almizcle blanco, haba tonka, \u00e1mbar, musgo de roble<strong>.<\/strong><\/div>\n","protected":false},"excerpt":{"rendered":"<p>AMBER OUD DUBAI NIGHT EXTRAIT PARFUM Te arrastra a la magia de la noche en una de las ciudades m\u00e1s<\/p>\n","protected":false},"featured_media":87801,"comment_status":"open","ping_status":"closed","template":"","meta":{"nf_dc_page":""},"product_brand":[114],"product_cat":[84],"product_tag":[1637],"class_list":{"0":"post-87800","1":"product","2":"type-product","3":"status-publish","4":"has-post-thumbnail","6":"product_brand-al-haramain","7":"product_cat-perfumeria","8":"product_tag-1637","10":"first","11":"instock","12":"shipping-taxable","13":"purchasable","14":"product-type-simple"},"_links":{"self":[{"href":"https:\/\/brandss.com.py\/index\/wp-json\/wp\/v2\/product\/87800","targetHints":{"allow":["GET"]}}],"collection":[{"href":"https:\/\/brandss.com.py\/index\/wp-json\/wp\/v2\/product"}],"about":[{"href":"https:\/\/brandss.com.py\/index\/wp-json\/wp\/v2\/types\/product"}],"replies":[{"embeddable":true,"href":"https:\/\/brandss.com.py\/index\/wp-json\/wp\/v2\/comments?post=87800"}],"version-history":[{"count":3,"href":"https:\/\/brandss.com.py\/index\/wp-json\/wp\/v2\/product\/87800\/revisions"}],"predecessor-version":[{"id":99620,"href":"https:\/\/brandss.com.py\/index\/wp-json\/wp\/v2\/product\/87800\/revisions\/99620"}],"wp:featuredmedia":[{"embeddable":true,"href":"https:\/\/brandss.com.py\/index\/wp-json\/wp\/v2\/media\/87801"}],"wp:attachment":[{"href":"https:\/\/brandss.com.py\/index\/wp-json\/wp\/v2\/media?parent=87800"}],"wp:term":[{"taxonomy":"product_brand","embeddable":true,"href":"https:\/\/brandss.com.py\/index\/wp-json\/wp\/v2\/product_brand?post=87800"},{"taxonomy":"product_cat","embeddable":true,"href":"https:\/\/brandss.com.py\/index\/wp-json\/wp\/v2\/product_cat?post=87800"},{"taxonomy":"product_tag","embeddable":true,"href":"https:\/\/brandss.com.py\/index\/wp-json\/wp\/v2\/product_tag?post=87800"}],"curies":[{"name":"wp","href":"https:\/\/api.w.org\/{rel}","templated":true}]}}