{"id":87815,"date":"2025-08-08T12:56:43","date_gmt":"2025-08-08T12:56:43","guid":{"rendered":"https:\/\/brandss.com.py\/index\/?post_type=product&#038;p=87815"},"modified":"2025-12-08T18:48:56","modified_gmt":"2025-12-08T18:48:56","slug":"perfume-unisex-lattafa-confidential-platinum-edp-100ml","status":"publish","type":"product","link":"https:\/\/brandss.com.py\/index\/producto\/perfume-unisex-lattafa-confidential-platinum-edp-100ml\/","title":{"rendered":"PERFUME UNISEX LATTAFA CONFIDENTIAL PLATINUM EDP 100ML"},"content":{"rendered":"<p><img loading=\"lazy\" decoding=\"async\" class=\"\" src=\"https:\/\/myscentjourney.s3.us-east-2.amazonaws.com\/2022\/02\/14\/29KIascent_j_marca_1644871114_202.png\" alt=\"MSJ::LATTAFA\" width=\"78\" height=\"93\" \/><\/p>\n<h1>CONFIDENTIAL PLATINUM<\/h1>\n<p>Es una interpretaci\u00f3n sofisticada, envolvente y de estilo refinado. Es una fragancia premium dise\u00f1ada tanto para hombres como para mujeres. Ofrece un aroma refrescante y duradero.<\/p>\n<p><img loading=\"lazy\" decoding=\"async\" class=\"alignleft\" src=\"https:\/\/cosfrag.com\/wp-content\/uploads\/2024\/02\/FullSizeRender_7ae4389e-5e59-40e1-8dde-b116beceb46c-1-scaled.webp\" width=\"430\" height=\"439\" \/><\/p>\n<h3>Notas Olfativas<\/h3>\n<p>&nbsp;<\/p>\n<p><span>Confidential Platinum es una fragancia et\u00e9rea y amaderada que se abre con una fragancia energizante con notas de oud y almizcle. <\/span><\/p>\n<p><span>Esta fragancia es la mejor opci\u00f3n entre sus otros clones y est\u00e1 dise\u00f1ada para hombres y mujeres. Con una mezcla exquisita de notas florales, amaderadas y orientales, esta fragancia seduce los sentidos con su suavidad y su car\u00e1cter distintivo. <\/span><\/p>\n<p><span>La esencia distintiva de Lattafa se manifiesta en una composici\u00f3n olfativa que evoca la elegancia atemporal y la sofisticaci\u00f3n, dejando una estela inolvidable y envolvente que refleja el encanto y la autenticidad de la marca. <\/span><\/p>\n<p><span>Se lanz\u00f3 en 2020.<\/span><\/p>\n<p>&nbsp;<\/p>\n<p><strong>Notas de salida:<\/strong>\u00a0\u00a0bergamota, mandarina, manzana, grosella negra y nectarina.<br \/>\n<strong>Notas de coraz\u00f3n:<\/strong>\u00a0magnolia, gardenia, lirio de los valles, fresia y jazm\u00edn.<br \/>\n<strong>Notas de fondo:<\/strong>\u00a0\u00e1mbar, pachul\u00ed, vainilla, almizcle y s\u00e1ndalo.<\/p>\n","protected":false},"excerpt":{"rendered":"<p>CONFIDENTIAL PLATINUM Es una interpretaci\u00f3n sofisticada, envolvente y de estilo refinado. Es una fragancia premium dise\u00f1ada tanto para hombres como<\/p>\n","protected":false},"featured_media":87816,"comment_status":"open","ping_status":"closed","template":"","meta":{"nf_dc_page":""},"product_brand":[109],"product_cat":[84],"product_tag":[1634],"class_list":{"0":"post-87815","1":"product","2":"type-product","3":"status-publish","4":"has-post-thumbnail","6":"product_brand-lattafa","7":"product_cat-perfumeria","8":"product_tag-1634","10":"first","11":"outofstock","12":"sale","13":"shipping-taxable","14":"purchasable","15":"product-type-simple"},"_links":{"self":[{"href":"https:\/\/brandss.com.py\/index\/wp-json\/wp\/v2\/product\/87815","targetHints":{"allow":["GET"]}}],"collection":[{"href":"https:\/\/brandss.com.py\/index\/wp-json\/wp\/v2\/product"}],"about":[{"href":"https:\/\/brandss.com.py\/index\/wp-json\/wp\/v2\/types\/product"}],"replies":[{"embeddable":true,"href":"https:\/\/brandss.com.py\/index\/wp-json\/wp\/v2\/comments?post=87815"}],"version-history":[{"count":1,"href":"https:\/\/brandss.com.py\/index\/wp-json\/wp\/v2\/product\/87815\/revisions"}],"predecessor-version":[{"id":87820,"href":"https:\/\/brandss.com.py\/index\/wp-json\/wp\/v2\/product\/87815\/revisions\/87820"}],"wp:featuredmedia":[{"embeddable":true,"href":"https:\/\/brandss.com.py\/index\/wp-json\/wp\/v2\/media\/87816"}],"wp:attachment":[{"href":"https:\/\/brandss.com.py\/index\/wp-json\/wp\/v2\/media?parent=87815"}],"wp:term":[{"taxonomy":"product_brand","embeddable":true,"href":"https:\/\/brandss.com.py\/index\/wp-json\/wp\/v2\/product_brand?post=87815"},{"taxonomy":"product_cat","embeddable":true,"href":"https:\/\/brandss.com.py\/index\/wp-json\/wp\/v2\/product_cat?post=87815"},{"taxonomy":"product_tag","embeddable":true,"href":"https:\/\/brandss.com.py\/index\/wp-json\/wp\/v2\/product_tag?post=87815"}],"curies":[{"name":"wp","href":"https:\/\/api.w.org\/{rel}","templated":true}]}}