{"id":87821,"date":"2025-08-08T13:29:54","date_gmt":"2025-08-08T13:29:54","guid":{"rendered":"https:\/\/brandss.com.py\/index\/?post_type=product&#038;p=87821"},"modified":"2025-12-09T11:00:00","modified_gmt":"2025-12-09T11:00:00","slug":"perfume-masculino-maison-alhambra-b-a-d-homme-edp-100ml","status":"publish","type":"product","link":"https:\/\/brandss.com.py\/index\/producto\/perfume-masculino-maison-alhambra-b-a-d-homme-edp-100ml\/","title":{"rendered":"PERFUME MASCULINO MAISON ALHAMBRA B.A.D HOMME EDP 100ML"},"content":{"rendered":"<p><img loading=\"lazy\" decoding=\"async\" class=\"\" src=\"https:\/\/perfumescorp.com\/cdn\/shop\/collections\/Maison_Alhambra.webp?v=1690164948\" alt=\"CASA ALHAMBRA \u2013 Perfumes Corp\" width=\"99\" height=\"99\" \/><\/p>\n<h1>B.A.D HOMME<\/h1>\n<p>Es un perfume carism\u00e1tico y sofisticado que ofrece una armon\u00eda perfecta de notas especiadas, dulces y amaderadas. Esta fragancia refleja la confianza y la sensualidad del hombre moderno. Es una sinfon\u00eda de contrastes armoniosos, con la frescura inicial mezcl\u00e1ndose con la profundidad amaderada y la dulzura envolvente.<\/p>\n<p><img decoding=\"async\" class=\"alignleft\" src=\"https:\/\/http2.mlstatic.com\/D_NQ_NP_923873-MLA80461764685_112024-O.webp\" \/><\/p>\n<h3>Notas Olfativas<\/h3>\n<p>&nbsp;<\/p>\n<p><span>BAD Homme es una fragancia masculina de la familia oriental especiada. Este encantador perfume se abre con una vibrante explosi\u00f3n de frescura y vitalidad gracias a sus notas de salida de pimienta blanca, lim\u00f3n y pimienta rosa. La combinaci\u00f3n de estos ingredientes crea un impacto inicial c\u00edtrico y ligeramente picante que cautiva con su vibrante energ\u00eda.<\/span><\/p>\n<p><span>En el coraz\u00f3n del perfume, emergen las profundas y reconfortantes notas de madera de cedro y salvia. Este acorde arom\u00e1tico le confiere al perfume un car\u00e1cter envolvente y terroso, creando una transici\u00f3n armoniosa entre las notas de salida y las de fondo.<\/span><\/p>\n<p><span>Finalmente, las notas de fondo de cacao y haba tonka emergen con calma y sensualidad, envolviendo la fragancia en un velo de dulzura y calidez. El perfume se desarrolla en un bouquet envolvente y persistente que deja una estela audaz e inolvidable.<\/span><\/p>\n<p><span>En resumen, este perfume es una sinfon\u00eda de contrastes armoniosos, donde la frescura inicial se funde con la profundidad amaderada y la dulzura envolvente, creando una experiencia olfativa \u00fanica y memorable.<\/span><\/p>\n<p>&nbsp;<\/p>\n<p><span><strong>Notas de salida:<\/strong> pimienta blanca, lim\u00f3n, pimienta rosa.<\/span><\/p>\n<p><span><strong>Notas de coraz\u00f3n:<\/strong> Madera de cedro, salvia.<\/span><\/p>\n<p><span><strong>Notas de fondo:<\/strong> cacao, haba tonka.<\/span><\/p>\n","protected":false},"excerpt":{"rendered":"<p>B.A.D HOMME Es un perfume carism\u00e1tico y sofisticado que ofrece una armon\u00eda perfecta de notas especiadas, dulces y amaderadas. Esta<\/p>\n","protected":false},"featured_media":87822,"comment_status":"open","ping_status":"closed","template":"","meta":{"nf_dc_page":""},"product_brand":[107],"product_cat":[84],"product_tag":[703],"class_list":{"0":"post-87821","1":"product","2":"type-product","3":"status-publish","4":"has-post-thumbnail","6":"product_brand-maison-alhambra","7":"product_cat-perfumeria","8":"product_tag-703","10":"first","11":"outofstock","12":"sale","13":"shipping-taxable","14":"purchasable","15":"product-type-simple"},"_links":{"self":[{"href":"https:\/\/brandss.com.py\/index\/wp-json\/wp\/v2\/product\/87821","targetHints":{"allow":["GET"]}}],"collection":[{"href":"https:\/\/brandss.com.py\/index\/wp-json\/wp\/v2\/product"}],"about":[{"href":"https:\/\/brandss.com.py\/index\/wp-json\/wp\/v2\/types\/product"}],"replies":[{"embeddable":true,"href":"https:\/\/brandss.com.py\/index\/wp-json\/wp\/v2\/comments?post=87821"}],"version-history":[{"count":1,"href":"https:\/\/brandss.com.py\/index\/wp-json\/wp\/v2\/product\/87821\/revisions"}],"predecessor-version":[{"id":87827,"href":"https:\/\/brandss.com.py\/index\/wp-json\/wp\/v2\/product\/87821\/revisions\/87827"}],"wp:featuredmedia":[{"embeddable":true,"href":"https:\/\/brandss.com.py\/index\/wp-json\/wp\/v2\/media\/87822"}],"wp:attachment":[{"href":"https:\/\/brandss.com.py\/index\/wp-json\/wp\/v2\/media?parent=87821"}],"wp:term":[{"taxonomy":"product_brand","embeddable":true,"href":"https:\/\/brandss.com.py\/index\/wp-json\/wp\/v2\/product_brand?post=87821"},{"taxonomy":"product_cat","embeddable":true,"href":"https:\/\/brandss.com.py\/index\/wp-json\/wp\/v2\/product_cat?post=87821"},{"taxonomy":"product_tag","embeddable":true,"href":"https:\/\/brandss.com.py\/index\/wp-json\/wp\/v2\/product_tag?post=87821"}],"curies":[{"name":"wp","href":"https:\/\/api.w.org\/{rel}","templated":true}]}}