{"id":87862,"date":"2025-08-08T18:50:56","date_gmt":"2025-08-08T18:50:56","guid":{"rendered":"https:\/\/brandss.com.py\/index\/?post_type=product&#038;p=87862"},"modified":"2026-03-17T17:07:48","modified_gmt":"2026-03-17T17:07:48","slug":"perfume-unisex-maison-alhambra-karat-edp-100ml","status":"publish","type":"product","link":"https:\/\/brandss.com.py\/index\/producto\/perfume-unisex-maison-alhambra-karat-edp-100ml\/","title":{"rendered":"PERFUME UNISEX MAISON ALHAMBRA KARAT EDP 100ML"},"content":{"rendered":"<p><img loading=\"lazy\" decoding=\"async\" class=\"\" src=\"https:\/\/perfumescorp.com\/cdn\/shop\/collections\/Maison_Alhambra.webp?v=1690164948\" alt=\"CASA ALHAMBRA \u2013 Perfumes Corp\" width=\"87\" height=\"87\" \/><\/p>\n<h1>KARAT<\/h1>\n<p><em><strong>Un viaje olfativo encantadoramente sublime.<\/strong><\/em><\/p>\n<p><span>Presentamos\u00a0<\/span>Karat, u<span>na fragancia m\u00e1gica y sensual que despierta los sentidos. <\/span>Es una fragancia floral creada para hombres y mujeres que desean a\u00f1adir un toque de lujo a su d\u00eda a d\u00eda. Karat es una fragancia floral y sofisticada, que captura una combinaci\u00f3n refinada de notas frutales, florales y amaderadas, ofreciendo una experiencia sensorial envolvente y \u00fanica.<\/p>\n<p><img loading=\"lazy\" decoding=\"async\" class=\"alignleft\" src=\"https:\/\/cdnx.jumpseller.com\/perfumes1\/image\/65636642\/1_20_2849_29.webp?1753379926\" width=\"408\" height=\"408\" \/><\/p>\n<h3>Notas Olfativas<\/h3>\n<p>Karat es una fragancia gourmet oriental unisex que se lanz\u00f3 en el a\u00f1o 2022. Est\u00e1 compuesto por una mezcla de notas orientales y occidentales, creando un aroma \u00fanico y cautivador.<\/p>\n<p data-sourcepos=\"7:1-8:59\">Con una apertura afrutada y herbal, un coraz\u00f3n floral suave y una base cremosa y seductora, este perfume es ideal para dejar una impresi\u00f3n personal.<\/p>\n<p data-sourcepos=\"7:1-8:59\">El perfume Karat tiene una fragancia deliciosa y duradera que combina Oud \u00e1rabe con notas de vainilla y almizcle, dando como resultado una fragancia embriagadora. Irresistible, es la elecci\u00f3n perfecta para quienes buscan un perfume distinto y duradero.<\/p>\n<p data-sourcepos=\"7:1-8:59\">\n<p data-sourcepos=\"7:1-8:59\"><strong>Notas de salida:<\/strong> Durazno, maracuy\u00e1, frambuesa, pera, grosella negra, notas herbales y terrosas.<br \/>\n<strong>Notas de coraz\u00f3n:<\/strong> Lirio de los valles.<br \/>\n<strong>Notas de fondo:<\/strong> Vainilla, almizcle, heliotropo, s\u00e1ndalo y pachul\u00ed.<\/p>\n","protected":false},"excerpt":{"rendered":"<p>KARAT Un viaje olfativo encantadoramente sublime. Presentamos\u00a0Karat, una fragancia m\u00e1gica y sensual que despierta los sentidos. Es una fragancia floral<\/p>\n","protected":false},"featured_media":87863,"comment_status":"open","ping_status":"closed","template":"","meta":{"nf_dc_page":""},"product_brand":[107],"product_cat":[84],"product_tag":[713],"class_list":{"0":"post-87862","1":"product","2":"type-product","3":"status-publish","4":"has-post-thumbnail","6":"product_brand-maison-alhambra","7":"product_cat-perfumeria","8":"product_tag-713","10":"first","11":"instock","12":"shipping-taxable","13":"purchasable","14":"product-type-simple"},"_links":{"self":[{"href":"https:\/\/brandss.com.py\/index\/wp-json\/wp\/v2\/product\/87862","targetHints":{"allow":["GET"]}}],"collection":[{"href":"https:\/\/brandss.com.py\/index\/wp-json\/wp\/v2\/product"}],"about":[{"href":"https:\/\/brandss.com.py\/index\/wp-json\/wp\/v2\/types\/product"}],"replies":[{"embeddable":true,"href":"https:\/\/brandss.com.py\/index\/wp-json\/wp\/v2\/comments?post=87862"}],"version-history":[{"count":1,"href":"https:\/\/brandss.com.py\/index\/wp-json\/wp\/v2\/product\/87862\/revisions"}],"predecessor-version":[{"id":87868,"href":"https:\/\/brandss.com.py\/index\/wp-json\/wp\/v2\/product\/87862\/revisions\/87868"}],"wp:featuredmedia":[{"embeddable":true,"href":"https:\/\/brandss.com.py\/index\/wp-json\/wp\/v2\/media\/87863"}],"wp:attachment":[{"href":"https:\/\/brandss.com.py\/index\/wp-json\/wp\/v2\/media?parent=87862"}],"wp:term":[{"taxonomy":"product_brand","embeddable":true,"href":"https:\/\/brandss.com.py\/index\/wp-json\/wp\/v2\/product_brand?post=87862"},{"taxonomy":"product_cat","embeddable":true,"href":"https:\/\/brandss.com.py\/index\/wp-json\/wp\/v2\/product_cat?post=87862"},{"taxonomy":"product_tag","embeddable":true,"href":"https:\/\/brandss.com.py\/index\/wp-json\/wp\/v2\/product_tag?post=87862"}],"curies":[{"name":"wp","href":"https:\/\/api.w.org\/{rel}","templated":true}]}}