{"id":87869,"date":"2025-08-08T19:14:42","date_gmt":"2025-08-08T19:14:42","guid":{"rendered":"https:\/\/brandss.com.py\/index\/?post_type=product&#038;p=87869"},"modified":"2026-03-17T17:18:39","modified_gmt":"2026-03-17T17:18:39","slug":"perfume-unisex-maison-alhambra-philos-opus-noir-edp-100ml","status":"publish","type":"product","link":"https:\/\/brandss.com.py\/index\/producto\/perfume-unisex-maison-alhambra-philos-opus-noir-edp-100ml\/","title":{"rendered":"PERFUME UNISEX MAISON ALHAMBRA PHILOS OPUS NOIR EDP 100ML"},"content":{"rendered":"<p><img loading=\"lazy\" decoding=\"async\" class=\"\" src=\"https:\/\/perfumescorp.com\/cdn\/shop\/collections\/Maison_Alhambra.webp?v=1690164948\" alt=\"CASA ALHAMBRA \u2013 Perfumes Corp\" width=\"100\" height=\"100\" \/><\/p>\n<h1>PHILOS OPUS NOIR<\/h1>\n<p>Es una aut\u00e9ntica expresi\u00f3n de sofisticaci\u00f3n dise\u00f1ado para quienes buscan una presencia impactante y cautivadora. Esta fragancia celebra la elegancia, combinando notas frescas, florales y amaderadas en una armon\u00eda que ofrece una experiencia olfativa refinada y duradera. En un frasco que derrocha lujo y sencillez, es s\u00edmbolo de buen gusto y estilo. Descubre la esencia de la sofisticaci\u00f3n con Philos Opus Noir, un eau de parfum unisex que combina notas amaderadas y arom\u00e1ticas en una composici\u00f3n cautivadora. Lanzado en 2022, este perfume de 100 ml es ideal para quienes buscan una fragancia impactante y vers\u00e1til.<\/p>\n<p><img loading=\"lazy\" decoding=\"async\" class=\"alignleft\" src=\"https:\/\/goldscentsofc.com\/cdn\/shop\/files\/Capturadeecra2024-09-25110407.png?v=1727265666&amp;width=1445\" width=\"531\" height=\"341\" \/><\/p>\n<h3>Notas Olfativas<\/h3>\n<p>&nbsp;<\/p>\n<p>Philos Opus Noir es una fragancia que se despliega como una narrativa misteriosa de notas que evocan profundidad y sofisticaci\u00f3n. Explora la esencia intrigante de Philos Opus Noir, un perfume unisex que cautiva los sentidos con su composici\u00f3n envolvente. Las notas de salida de frutas jugosas y rosa turca evocan una atm\u00f3sfera vibrante y chispeante. En el coraz\u00f3n del perfume, el floral ylang-ylang se mezcla armoniosamente con la especiada nuez moscada, el sensual cuero y el \u00e1mbar envolvente, creando una experiencia olfativa \u00fanica.<\/p>\n<p>&nbsp;<\/p>\n<ul>\n<li><strong>Notas de salida:<\/strong> Rosa turca.<\/li>\n<li><strong>Notas de coraz\u00f3n:<\/strong> \u00c1mbar y nuez moscada.<\/li>\n<li><strong>Notas de fondo:<\/strong> Cedro de Virginia, almizcle y pachul\u00ed.<\/li>\n<\/ul>\n","protected":false},"excerpt":{"rendered":"<p>PHILOS OPUS NOIR Es una aut\u00e9ntica expresi\u00f3n de sofisticaci\u00f3n dise\u00f1ado para quienes buscan una presencia impactante y cautivadora. Esta fragancia<\/p>\n","protected":false},"featured_media":87870,"comment_status":"open","ping_status":"closed","template":"","meta":{"nf_dc_page":""},"product_brand":[107],"product_cat":[84],"product_tag":[140],"class_list":{"0":"post-87869","1":"product","2":"type-product","3":"status-publish","4":"has-post-thumbnail","6":"product_brand-maison-alhambra","7":"product_cat-perfumeria","8":"product_tag-140","10":"first","11":"instock","12":"shipping-taxable","13":"purchasable","14":"product-type-simple"},"_links":{"self":[{"href":"https:\/\/brandss.com.py\/index\/wp-json\/wp\/v2\/product\/87869","targetHints":{"allow":["GET"]}}],"collection":[{"href":"https:\/\/brandss.com.py\/index\/wp-json\/wp\/v2\/product"}],"about":[{"href":"https:\/\/brandss.com.py\/index\/wp-json\/wp\/v2\/types\/product"}],"replies":[{"embeddable":true,"href":"https:\/\/brandss.com.py\/index\/wp-json\/wp\/v2\/comments?post=87869"}],"version-history":[{"count":1,"href":"https:\/\/brandss.com.py\/index\/wp-json\/wp\/v2\/product\/87869\/revisions"}],"predecessor-version":[{"id":87876,"href":"https:\/\/brandss.com.py\/index\/wp-json\/wp\/v2\/product\/87869\/revisions\/87876"}],"wp:featuredmedia":[{"embeddable":true,"href":"https:\/\/brandss.com.py\/index\/wp-json\/wp\/v2\/media\/87870"}],"wp:attachment":[{"href":"https:\/\/brandss.com.py\/index\/wp-json\/wp\/v2\/media?parent=87869"}],"wp:term":[{"taxonomy":"product_brand","embeddable":true,"href":"https:\/\/brandss.com.py\/index\/wp-json\/wp\/v2\/product_brand?post=87869"},{"taxonomy":"product_cat","embeddable":true,"href":"https:\/\/brandss.com.py\/index\/wp-json\/wp\/v2\/product_cat?post=87869"},{"taxonomy":"product_tag","embeddable":true,"href":"https:\/\/brandss.com.py\/index\/wp-json\/wp\/v2\/product_tag?post=87869"}],"curies":[{"name":"wp","href":"https:\/\/api.w.org\/{rel}","templated":true}]}}