{"id":87877,"date":"2025-08-09T10:40:34","date_gmt":"2025-08-09T10:40:34","guid":{"rendered":"https:\/\/brandss.com.py\/index\/?post_type=product&#038;p=87877"},"modified":"2026-03-17T12:24:35","modified_gmt":"2026-03-17T12:24:35","slug":"perfume-unisex-vurv-oud-tabriz-edp-100ml","status":"publish","type":"product","link":"https:\/\/brandss.com.py\/index\/producto\/perfume-unisex-vurv-oud-tabriz-edp-100ml\/","title":{"rendered":"PERFUME UNISEX VURV OUD TABRIZ EDP 100ML"},"content":{"rendered":"<p><img loading=\"lazy\" decoding=\"async\" class=\"\" src=\"https:\/\/www.intenseoud.com\/cdn\/shop\/files\/Forever_Young_-_Vurv.jpg?v=1739047971\" alt=\"Salvage Eau De Parfum Spray 100ML (3.4 OZ) by Vurv | A Zesty, Spicy Blend  with Fresh Bergamot and a Warm, Woody Finish. | Intense Oud\" width=\"132\" height=\"132\" \/><\/p>\n<p><strong>Vurv Oud Tabriz Eau De Parfum<\/strong><\/p>\n<p><span>Es una fragancia lujosa y cautivadora que abraza la opulencia del oud con una intrincada mezcla de notas ricas y ex\u00f3ticas. La fragancia se abre con un intenso aroma ahumado a oud, complementado con notas c\u00e1lidas y especiadas que crean una inmediata sensaci\u00f3n de profundidad. A medida que se despliega, revela una armon\u00eda de acordes florales y resinosos que realzan el car\u00e1cter lujoso del oud. La base es una rica base amaderada con toques de \u00e1mbar y almizcle, que deja una estela persistente y sensual. Perfecta para quienes aprecian las fragancias audaces y sofisticadas que irradian elegancia y un encanto atemporal.<\/span><\/p>\n<p><img loading=\"lazy\" decoding=\"async\" class=\"wp-image-87878 alignleft\" src=\"https:\/\/brandss.com.py\/index\/wp-content\/uploads\/2025\/08\/Imagen-de-WhatsApp-2025-08-08-a-las-13.24.43_dee11bcd-400x283.jpg\" alt=\"\" width=\"302\" height=\"214\" srcset=\"https:\/\/brandss.com.py\/index\/wp-content\/uploads\/2025\/08\/Imagen-de-WhatsApp-2025-08-08-a-las-13.24.43_dee11bcd-400x283.jpg 400w, https:\/\/brandss.com.py\/index\/wp-content\/uploads\/2025\/08\/Imagen-de-WhatsApp-2025-08-08-a-las-13.24.43_dee11bcd-768x543.jpg 768w, https:\/\/brandss.com.py\/index\/wp-content\/uploads\/2025\/08\/Imagen-de-WhatsApp-2025-08-08-a-las-13.24.43_dee11bcd-430x304.jpg 430w, https:\/\/brandss.com.py\/index\/wp-content\/uploads\/2025\/08\/Imagen-de-WhatsApp-2025-08-08-a-las-13.24.43_dee11bcd-700x495.jpg 700w, https:\/\/brandss.com.py\/index\/wp-content\/uploads\/2025\/08\/Imagen-de-WhatsApp-2025-08-08-a-las-13.24.43_dee11bcd-150x106.jpg 150w, https:\/\/brandss.com.py\/index\/wp-content\/uploads\/2025\/08\/Imagen-de-WhatsApp-2025-08-08-a-las-13.24.43_dee11bcd.jpg 841w\" sizes=\"auto, (max-width: 302px) 100vw, 302px\" \/><\/p>\n<p><strong><span>Notas de salida:<\/span><\/strong><span>\u00a0Oud, especias.<\/span><br \/>\n<strong><span>Notas de coraz\u00f3n:<\/span><\/strong><span>\u00a0acordes florales, notas resinosas.<\/span><br \/>\n<strong><span>Notas de fondo:<\/span><\/strong><span>\u00a0\u00e1mbar, almizcle, notas de madera.<\/span><\/p>\n","protected":false},"excerpt":{"rendered":"<p>Vurv Oud Tabriz Eau De Parfum Es una fragancia lujosa y cautivadora que abraza la opulencia del oud con una<\/p>\n","protected":false},"featured_media":87879,"comment_status":"open","ping_status":"closed","template":"","meta":{"nf_dc_page":""},"product_brand":[785],"product_cat":[84],"product_tag":[797],"class_list":{"0":"post-87877","1":"product","2":"type-product","3":"status-publish","4":"has-post-thumbnail","6":"product_brand-vurv","7":"product_cat-perfumeria","8":"product_tag-797","10":"first","11":"instock","12":"shipping-taxable","13":"purchasable","14":"product-type-simple"},"_links":{"self":[{"href":"https:\/\/brandss.com.py\/index\/wp-json\/wp\/v2\/product\/87877","targetHints":{"allow":["GET"]}}],"collection":[{"href":"https:\/\/brandss.com.py\/index\/wp-json\/wp\/v2\/product"}],"about":[{"href":"https:\/\/brandss.com.py\/index\/wp-json\/wp\/v2\/types\/product"}],"replies":[{"embeddable":true,"href":"https:\/\/brandss.com.py\/index\/wp-json\/wp\/v2\/comments?post=87877"}],"version-history":[{"count":1,"href":"https:\/\/brandss.com.py\/index\/wp-json\/wp\/v2\/product\/87877\/revisions"}],"predecessor-version":[{"id":87882,"href":"https:\/\/brandss.com.py\/index\/wp-json\/wp\/v2\/product\/87877\/revisions\/87882"}],"wp:featuredmedia":[{"embeddable":true,"href":"https:\/\/brandss.com.py\/index\/wp-json\/wp\/v2\/media\/87879"}],"wp:attachment":[{"href":"https:\/\/brandss.com.py\/index\/wp-json\/wp\/v2\/media?parent=87877"}],"wp:term":[{"taxonomy":"product_brand","embeddable":true,"href":"https:\/\/brandss.com.py\/index\/wp-json\/wp\/v2\/product_brand?post=87877"},{"taxonomy":"product_cat","embeddable":true,"href":"https:\/\/brandss.com.py\/index\/wp-json\/wp\/v2\/product_cat?post=87877"},{"taxonomy":"product_tag","embeddable":true,"href":"https:\/\/brandss.com.py\/index\/wp-json\/wp\/v2\/product_tag?post=87877"}],"curies":[{"name":"wp","href":"https:\/\/api.w.org\/{rel}","templated":true}]}}