{"id":87883,"date":"2025-08-11T11:40:48","date_gmt":"2025-08-11T11:40:48","guid":{"rendered":"https:\/\/brandss.com.py\/index\/?post_type=product&#038;p=87883"},"modified":"2025-08-13T12:31:14","modified_gmt":"2025-08-13T12:31:14","slug":"perfume-femenino-vurv-rose-vip-edp-100ml","status":"publish","type":"product","link":"https:\/\/brandss.com.py\/index\/producto\/perfume-femenino-vurv-rose-vip-edp-100ml\/","title":{"rendered":"PERFUME FEMENINO VURV ROSE VIP EDP 100ML"},"content":{"rendered":"<p><img loading=\"lazy\" decoding=\"async\" class=\"\" src=\"https:\/\/www.intenseoud.com\/cdn\/shop\/files\/Forever_Young_-_Vurv.jpg?v=1739047971\" alt=\"Salvage Eau De Parfum Spray 100ML (3.4 OZ) by Vurv | A Zesty, Spicy Blend with Fresh Bergamot and a Warm, Woody Finish. | Intense Oud\" width=\"111\" height=\"111\" \/><\/p>\n<p><b>Notas del Perfume:<\/b>\u00a0La fragancia se abre con vibrantes notas de champ\u00e1n, combinadas con delicadas esencias de flor de durazno y coraz\u00f3n de rosa, creando una experiencia sensorial sofisticada y alegre.<\/p>\n<p><b>Concentraci\u00f3n del Perfume:<\/b>\u00a0Este Eau de Parfum (EDP) presenta una alta concentraci\u00f3n de aceites esenciales, lo que garantiza una fragancia duradera y persuasiva que se adapta a cualquier ocasi\u00f3n.<\/p>\n<p><b>Tipo de Fragancia:<\/b> Rose Vip es un perfume floral afrutado, ideal para la mujer moderna y cosmopolita que busca destacar su feminidad y elegancia.<\/p>\n<p><b>Durabilidad y Proyecci\u00f3n:<\/b>\u00a0La longevidad de esta fragancia es impresionante, permaneciendo en la piel durante horas y con una proyecci\u00f3n que asegura que ser\u00e1s notada sin ser abrumadora.<\/p>\n<p><img loading=\"lazy\" decoding=\"async\" class=\"wp-image-87947 alignleft\" src=\"https:\/\/brandss.com.py\/index\/wp-content\/uploads\/2025\/08\/ROSE-VIP-4-Photoroom-1-300x300.jpg\" alt=\"\" width=\"251\" height=\"251\" srcset=\"https:\/\/brandss.com.py\/index\/wp-content\/uploads\/2025\/08\/ROSE-VIP-4-Photoroom-1-300x300.jpg 300w, https:\/\/brandss.com.py\/index\/wp-content\/uploads\/2025\/08\/ROSE-VIP-4-Photoroom-1-150x150.jpg 150w, https:\/\/brandss.com.py\/index\/wp-content\/uploads\/2025\/08\/ROSE-VIP-4-Photoroom-1-430x430.jpg 430w, https:\/\/brandss.com.py\/index\/wp-content\/uploads\/2025\/08\/ROSE-VIP-4-Photoroom-1.jpg 600w\" sizes=\"auto, (max-width: 251px) 100vw, 251px\" \/><\/p>\n<p><b>pH de la Piel:<\/b>\u00a0Este perfume est\u00e1 formulado para adaptarse a varios tipos de piel, realzando la qu\u00edmica natural de tu cuerpo y ofreciendo una experiencia \u00fanica.<\/p>\n<p><b>Clima y Estaci\u00f3n:<\/b>\u00a0Su composici\u00f3n fresca y vibrante lo convierte en una fragancia perfecta para la primavera y el verano, aunque su elegancia le permite ser usado durante todo el a\u00f1o.<\/p>\n<p><b>Marca y Reputaci\u00f3n:<\/b> Vurv marca \u00e1rabe de la familia Lattafa, conocido por su sofisticaci\u00f3n, calidad y durabilidad.<\/p>\n","protected":false},"excerpt":{"rendered":"<p>Notas del Perfume:\u00a0La fragancia se abre con vibrantes notas de champ\u00e1n, combinadas con delicadas esencias de flor de durazno y<\/p>\n","protected":false},"featured_media":87935,"comment_status":"open","ping_status":"closed","template":"","meta":{"nf_dc_page":""},"product_brand":[],"product_cat":[84],"product_tag":[],"class_list":{"0":"post-87883","1":"product","2":"type-product","3":"status-publish","4":"has-post-thumbnail","6":"product_cat-perfumeria","8":"first","9":"outofstock","10":"shipping-taxable","11":"purchasable","12":"product-type-simple"},"_links":{"self":[{"href":"https:\/\/brandss.com.py\/index\/wp-json\/wp\/v2\/product\/87883","targetHints":{"allow":["GET"]}}],"collection":[{"href":"https:\/\/brandss.com.py\/index\/wp-json\/wp\/v2\/product"}],"about":[{"href":"https:\/\/brandss.com.py\/index\/wp-json\/wp\/v2\/types\/product"}],"replies":[{"embeddable":true,"href":"https:\/\/brandss.com.py\/index\/wp-json\/wp\/v2\/comments?post=87883"}],"version-history":[{"count":1,"href":"https:\/\/brandss.com.py\/index\/wp-json\/wp\/v2\/product\/87883\/revisions"}],"predecessor-version":[{"id":87948,"href":"https:\/\/brandss.com.py\/index\/wp-json\/wp\/v2\/product\/87883\/revisions\/87948"}],"wp:featuredmedia":[{"embeddable":true,"href":"https:\/\/brandss.com.py\/index\/wp-json\/wp\/v2\/media\/87935"}],"wp:attachment":[{"href":"https:\/\/brandss.com.py\/index\/wp-json\/wp\/v2\/media?parent=87883"}],"wp:term":[{"taxonomy":"product_brand","embeddable":true,"href":"https:\/\/brandss.com.py\/index\/wp-json\/wp\/v2\/product_brand?post=87883"},{"taxonomy":"product_cat","embeddable":true,"href":"https:\/\/brandss.com.py\/index\/wp-json\/wp\/v2\/product_cat?post=87883"},{"taxonomy":"product_tag","embeddable":true,"href":"https:\/\/brandss.com.py\/index\/wp-json\/wp\/v2\/product_tag?post=87883"}],"curies":[{"name":"wp","href":"https:\/\/api.w.org\/{rel}","templated":true}]}}