{"id":87890,"date":"2025-08-09T13:36:00","date_gmt":"2025-08-09T13:36:00","guid":{"rendered":"https:\/\/brandss.com.py\/index\/?post_type=product&#038;p=87890"},"modified":"2026-03-30T18:33:32","modified_gmt":"2026-03-30T18:33:32","slug":"perfume-femenino-camara-posh-in-paradise-edp-100ml","status":"publish","type":"product","link":"https:\/\/brandss.com.py\/index\/producto\/perfume-femenino-camara-posh-in-paradise-edp-100ml\/","title":{"rendered":"PERFUME FEMENINO CAMARA POSH IN PARADISE EDP 100ML"},"content":{"rendered":"<p><img loading=\"lazy\" decoding=\"async\" class=\"\" src=\"https:\/\/aunmasguapa.com\/cdn\/shop\/collections\/Captura_de_pantalla_2025-01-12_a_las_20.12.24.png?v=1736709579&amp;width=1500\" alt=\"A\u00fan M\u00e1s Guapa!\" width=\"115\" height=\"106\" \/><\/p>\n<h1>POSH IN PARADISE<\/h1>\n<p>Una fragancia encantadora inspirada en la naturaleza y su belleza. Las c\u00e1lidas notas florales de Posh in Paradise se entrelazan con las notas amaderadas m\u00e1s arom\u00e1ticas para crear una fragancia elegante llena de belleza y gracia. Un aroma nacido de la esencia de la belleza, abre la puerta al para\u00edso de la naturaleza en la tierra.<\/p>\n<p><img loading=\"lazy\" decoding=\"async\" class=\"size-medium wp-image-87892 alignleft\" src=\"https:\/\/brandss.com.py\/index\/wp-content\/uploads\/2025\/08\/A-291-300x300.png\" alt=\"\" width=\"300\" height=\"300\" srcset=\"https:\/\/brandss.com.py\/index\/wp-content\/uploads\/2025\/08\/A-291-300x300.png 300w, https:\/\/brandss.com.py\/index\/wp-content\/uploads\/2025\/08\/A-291-150x150.png 150w, https:\/\/brandss.com.py\/index\/wp-content\/uploads\/2025\/08\/A-291-430x430.png 430w, https:\/\/brandss.com.py\/index\/wp-content\/uploads\/2025\/08\/A-291.png 600w\" sizes=\"auto, (max-width: 300px) 100vw, 300px\" \/><\/p>\n<h3>Notas Olfativas<\/h3>\n<p>&nbsp;<\/p>\n<p>Posh in Paradise combina notas frescas, florales y amaderadas en una fragancia elegante y natural. Destaca las hojas de palma, el jazm\u00edn y el s\u00e1ndalo, creando un aura de gracia y sofisticaci\u00f3n. Evoca la serena belleza de la naturaleza en un aroma envolvente.<\/p>\n<p><strong>Notas de salida:<\/strong> pimienta rosa y bergamota.<\/p>\n<p><strong>Notas de coraz\u00f3n:<\/strong> jazm\u00edn, lirio de los valles y vainilla.<\/p>\n<p><strong>Notas de fondo:<\/strong> almizcle puro y oud.<\/p>\n","protected":false},"excerpt":{"rendered":"<p>POSH IN PARADISE Una fragancia encantadora inspirada en la naturaleza y su belleza. Las c\u00e1lidas notas florales de Posh in<\/p>\n","protected":false},"featured_media":87893,"comment_status":"open","ping_status":"closed","template":"","meta":{"nf_dc_page":""},"product_brand":[],"product_cat":[84],"product_tag":[],"class_list":{"0":"post-87890","1":"product","2":"type-product","3":"status-publish","4":"has-post-thumbnail","6":"product_cat-perfumeria","8":"first","9":"outofstock","10":"shipping-taxable","11":"purchasable","12":"product-type-simple"},"_links":{"self":[{"href":"https:\/\/brandss.com.py\/index\/wp-json\/wp\/v2\/product\/87890","targetHints":{"allow":["GET"]}}],"collection":[{"href":"https:\/\/brandss.com.py\/index\/wp-json\/wp\/v2\/product"}],"about":[{"href":"https:\/\/brandss.com.py\/index\/wp-json\/wp\/v2\/types\/product"}],"replies":[{"embeddable":true,"href":"https:\/\/brandss.com.py\/index\/wp-json\/wp\/v2\/comments?post=87890"}],"version-history":[{"count":1,"href":"https:\/\/brandss.com.py\/index\/wp-json\/wp\/v2\/product\/87890\/revisions"}],"predecessor-version":[{"id":87897,"href":"https:\/\/brandss.com.py\/index\/wp-json\/wp\/v2\/product\/87890\/revisions\/87897"}],"wp:featuredmedia":[{"embeddable":true,"href":"https:\/\/brandss.com.py\/index\/wp-json\/wp\/v2\/media\/87893"}],"wp:attachment":[{"href":"https:\/\/brandss.com.py\/index\/wp-json\/wp\/v2\/media?parent=87890"}],"wp:term":[{"taxonomy":"product_brand","embeddable":true,"href":"https:\/\/brandss.com.py\/index\/wp-json\/wp\/v2\/product_brand?post=87890"},{"taxonomy":"product_cat","embeddable":true,"href":"https:\/\/brandss.com.py\/index\/wp-json\/wp\/v2\/product_cat?post=87890"},{"taxonomy":"product_tag","embeddable":true,"href":"https:\/\/brandss.com.py\/index\/wp-json\/wp\/v2\/product_tag?post=87890"}],"curies":[{"name":"wp","href":"https:\/\/api.w.org\/{rel}","templated":true}]}}