{"id":87898,"date":"2025-08-09T14:19:17","date_gmt":"2025-08-09T14:19:17","guid":{"rendered":"https:\/\/brandss.com.py\/index\/?post_type=product&#038;p=87898"},"modified":"2025-11-28T11:15:30","modified_gmt":"2025-11-28T11:15:30","slug":"perfume-unisex-french-avenue-divin-aoud-edp-100ml","status":"publish","type":"product","link":"https:\/\/brandss.com.py\/index\/producto\/perfume-unisex-french-avenue-divin-aoud-edp-100ml\/","title":{"rendered":"PERFUME UNISEX FRENCH AVENUE DIVIN AOUD EDP 100ML"},"content":{"rendered":"<p><img loading=\"lazy\" decoding=\"async\" class=\"\" src=\"https:\/\/www.french-avenue-parfum.com\/wp-content\/uploads\/2024\/11\/logo-french-avenue.webp\" alt=\"Aether | Extracto de perfume para hombre | French Avenue\" width=\"142\" height=\"53\" \/><\/p>\n<h1>DIVIN AOUD<\/h1>\n<p>Es una fragancia que combina la riqueza floral con una compleja mezcla de elementos c\u00e1lidos, especiados y amaderados. Est\u00e1 dise\u00f1ada para evocar una sensaci\u00f3n de sofisticaci\u00f3n y lujo, ideal para quienes aprecian los perfumes complejos y cautivadores con una distintiva influencia oriental.<\/p>\n<p><img loading=\"lazy\" decoding=\"async\" class=\"alignleft\" src=\"https:\/\/aenperfume.uk\/wp-content\/uploads\/2025\/06\/Divin-Aoud-Perfume-100ml-French-Avenue-by-Fragrance-World-3-700x700.jpg\" width=\"430\" height=\"430\" \/><\/p>\n<h3>Notas Olfativas<\/h3>\n<p>&nbsp;<\/p>\n<p><span>Divin Aoud de French Avenue es una fragancia unisex de la familia oriental amaderada.<\/span><\/p>\n<p><span>Descubra el encanto atemporal de Divin Aoud, un perfume unisex que combina frescura c\u00edtrica, sensualidad floral y profundidad amaderada en una composici\u00f3n sofisticada y envolvente.<\/span><\/p>\n<p><span>La fragancia se abre con una vibrante explosi\u00f3n de bergamota, lima y lim\u00f3n, ofreciendo una explosi\u00f3n de frescura vibrante y chispeante. En el coraz\u00f3n, un refinado bouquet de rosa, higo, ylang-ylang y jazm\u00edn aporta suavidad y una elegancia seductora, creando un armonioso contraste con la intensa y envolvente base.<\/span><\/p>\n<p><span>Las notas de fondo revelan el car\u00e1cter intenso del perfume: la majestuosidad del oud se entrelaza con el \u00e1mbar gris, mientras que el azafr\u00e1n, la canela y la algalia aportan un toque especiado y anim\u00e1lico, realzando la sensualidad de la composici\u00f3n. La calidez del s\u00e1ndalo, la sofisticaci\u00f3n del rizoma de lirio, la intensidad del abedul, el musgo y el musgo de roble, junto con el pachul\u00ed, crean un final intenso y persistente que deja una huella imborrable en la piel.<\/span><\/p>\n<p><span>Divin Aoud es la elecci\u00f3n ideal para quienes buscan una fragancia rica en matices, perfecta para cada ocasi\u00f3n y capaz de expresar encanto y misterio con una estela elegante y envolvente.<\/span><\/p>\n<p>&nbsp;<\/p>\n<p><span><strong>Notas de salida:<\/strong> bergamota, lima, lim\u00f3n.<\/span><\/p>\n<p><span><strong>Notas de coraz\u00f3n:<\/strong> rosa, higo, ylang ylang, jazm\u00edn.<\/span><\/p>\n<p><span><strong>Notas de fondo:<\/strong> oud, \u00e1mbar gris, azafr\u00e1n, canela, algalia, s\u00e1ndalo, ra\u00edz de lirio, abedul, almizcle, musgo de roble y pachul\u00ed.<\/span><\/p>\n","protected":false},"excerpt":{"rendered":"<p>DIVIN AOUD Es una fragancia que combina la riqueza floral con una compleja mezcla de elementos c\u00e1lidos, especiados y amaderados.<\/p>\n","protected":false},"featured_media":87899,"comment_status":"open","ping_status":"closed","template":"","meta":{"nf_dc_page":""},"product_brand":[112],"product_cat":[84],"product_tag":[1534],"class_list":{"0":"post-87898","1":"product","2":"type-product","3":"status-publish","4":"has-post-thumbnail","6":"product_brand-french-avenue","7":"product_cat-perfumeria","8":"product_tag-1534","10":"first","11":"instock","12":"shipping-taxable","13":"purchasable","14":"product-type-simple"},"_links":{"self":[{"href":"https:\/\/brandss.com.py\/index\/wp-json\/wp\/v2\/product\/87898","targetHints":{"allow":["GET"]}}],"collection":[{"href":"https:\/\/brandss.com.py\/index\/wp-json\/wp\/v2\/product"}],"about":[{"href":"https:\/\/brandss.com.py\/index\/wp-json\/wp\/v2\/types\/product"}],"replies":[{"embeddable":true,"href":"https:\/\/brandss.com.py\/index\/wp-json\/wp\/v2\/comments?post=87898"}],"version-history":[{"count":2,"href":"https:\/\/brandss.com.py\/index\/wp-json\/wp\/v2\/product\/87898\/revisions"}],"predecessor-version":[{"id":87906,"href":"https:\/\/brandss.com.py\/index\/wp-json\/wp\/v2\/product\/87898\/revisions\/87906"}],"wp:featuredmedia":[{"embeddable":true,"href":"https:\/\/brandss.com.py\/index\/wp-json\/wp\/v2\/media\/87899"}],"wp:attachment":[{"href":"https:\/\/brandss.com.py\/index\/wp-json\/wp\/v2\/media?parent=87898"}],"wp:term":[{"taxonomy":"product_brand","embeddable":true,"href":"https:\/\/brandss.com.py\/index\/wp-json\/wp\/v2\/product_brand?post=87898"},{"taxonomy":"product_cat","embeddable":true,"href":"https:\/\/brandss.com.py\/index\/wp-json\/wp\/v2\/product_cat?post=87898"},{"taxonomy":"product_tag","embeddable":true,"href":"https:\/\/brandss.com.py\/index\/wp-json\/wp\/v2\/product_tag?post=87898"}],"curies":[{"name":"wp","href":"https:\/\/api.w.org\/{rel}","templated":true}]}}