{"id":87907,"date":"2025-08-09T14:48:55","date_gmt":"2025-08-09T14:48:55","guid":{"rendered":"https:\/\/brandss.com.py\/index\/?post_type=product&#038;p=87907"},"modified":"2025-11-28T11:16:08","modified_gmt":"2025-11-28T11:16:08","slug":"perfume-masculino-french-avenue-divin-asylum-edp-100ml","status":"publish","type":"product","link":"https:\/\/brandss.com.py\/index\/producto\/perfume-masculino-french-avenue-divin-asylum-edp-100ml\/","title":{"rendered":"PERFUME MASCULINO FRENCH AVENUE DIVIN ASYLUM EDP 100ML"},"content":{"rendered":"<p><img loading=\"lazy\" decoding=\"async\" class=\"\" src=\"https:\/\/www.french-avenue-parfum.com\/wp-content\/uploads\/2024\/11\/logo-french-avenue.webp\" alt=\"Aether | Extracto de perfume para hombre | French Avenue\" width=\"142\" height=\"53\" \/><\/p>\n<h1>DIVIN ASYLUM<\/h1>\n<p>Una fragancia encantadora que encarna vitalidad, una sensaci\u00f3n de novedad y emoci\u00f3n, brindando un viaje arom\u00e1tico adecuado para quienes aprecian la excelencia. D\u00e9jate seducir por el cautivador encanto del perfume Divin Asylum y experimenta su energ\u00eda, frescura y elegancia. Deja que esta fragancia te acompa\u00f1e a conquistar nuevas alturas y dejar una huella imborrable.<\/p>\n<p>La fragancia se presenta en un exquisito frasco de vidrio, que evoca un preciado recuerdo. Su caracter\u00edstica distintiva es el tap\u00f3n ornamentado, que evoca un encanto masculino.<\/p>\n<p><img loading=\"lazy\" decoding=\"async\" class=\"alignleft\" src=\"https:\/\/m.media-amazon.com\/images\/I\/81EFZHM7CuL._SL1500_.jpg\" width=\"523\" height=\"523\" \/><\/p>\n<h3>Notas Olfativas<\/h3>\n<p><span>Enriquecido con una variedad de aromas, Divin Asylum combina fragancias vigorizantes y seductoras que expresan originalidad, entusiasmo por la vida y un toque de distinci\u00f3n. Las notas iniciales combinan con maestr\u00eda las sutiles esencias de c\u00edtricos, hierbas arom\u00e1ticas y lima c\u00edtrica, creando una entrada cautivadora y estimulante.<\/span><\/p>\n<p><span>A medida que la fragancia se despliega, revela elementos misteriosos, como matices amaderados, un toque especiado y una esencia afrutada, que aportan un toque de encanto y carisma. Estas capas arom\u00e1ticas armonizan con un componente resinoso, aportando profundidad y complejidad a la fragancia.<\/span><\/p>\n<p><span>La fragancia evoluciona suavemente desde su explosi\u00f3n c\u00edtrica inicial hasta un perfil amaderado m\u00e1s intenso y sensual, creando un aroma refinado y atractivo. Divin Asylum est\u00e1 destinado a ser un cl\u00e1sico atemporal, que derrocha sofisticaci\u00f3n y elegancia con cada rociado.<\/span><\/p>\n<p>&nbsp;<\/p>\n<ul>\n<li><strong><span>Notas de salida:<\/span><\/strong><span>\u00a0pomelo, bergamota, tomillo, lim\u00f3n, g\u00e1lbano, lima, ajenjo.<\/span><\/li>\n<li><strong><span>Notas de coraz\u00f3n:<\/span><\/strong><span>\u00a0bergamota, rosa, vetiver, pimienta rosa, cipr\u00e9s, enebro, grosella negra, jazm\u00edn, cedro, manzana<\/span><\/li>\n<li><strong><span>Notas de fondo:<\/span><\/strong><span>\u00a0vainilla, incienso, cuero, benju\u00ed, \u00e1mbar.<\/span><\/li>\n<\/ul>\n","protected":false},"excerpt":{"rendered":"<p>DIVIN ASYLUM Una fragancia encantadora que encarna vitalidad, una sensaci\u00f3n de novedad y emoci\u00f3n, brindando un viaje arom\u00e1tico adecuado para<\/p>\n","protected":false},"featured_media":87908,"comment_status":"open","ping_status":"closed","template":"","meta":{"nf_dc_page":""},"product_brand":[112],"product_cat":[84],"product_tag":[1535],"class_list":{"0":"post-87907","1":"product","2":"type-product","3":"status-publish","4":"has-post-thumbnail","6":"product_brand-french-avenue","7":"product_cat-perfumeria","8":"product_tag-1535","10":"first","11":"instock","12":"shipping-taxable","13":"purchasable","14":"product-type-simple"},"_links":{"self":[{"href":"https:\/\/brandss.com.py\/index\/wp-json\/wp\/v2\/product\/87907","targetHints":{"allow":["GET"]}}],"collection":[{"href":"https:\/\/brandss.com.py\/index\/wp-json\/wp\/v2\/product"}],"about":[{"href":"https:\/\/brandss.com.py\/index\/wp-json\/wp\/v2\/types\/product"}],"replies":[{"embeddable":true,"href":"https:\/\/brandss.com.py\/index\/wp-json\/wp\/v2\/comments?post=87907"}],"version-history":[{"count":1,"href":"https:\/\/brandss.com.py\/index\/wp-json\/wp\/v2\/product\/87907\/revisions"}],"predecessor-version":[{"id":87913,"href":"https:\/\/brandss.com.py\/index\/wp-json\/wp\/v2\/product\/87907\/revisions\/87913"}],"wp:featuredmedia":[{"embeddable":true,"href":"https:\/\/brandss.com.py\/index\/wp-json\/wp\/v2\/media\/87908"}],"wp:attachment":[{"href":"https:\/\/brandss.com.py\/index\/wp-json\/wp\/v2\/media?parent=87907"}],"wp:term":[{"taxonomy":"product_brand","embeddable":true,"href":"https:\/\/brandss.com.py\/index\/wp-json\/wp\/v2\/product_brand?post=87907"},{"taxonomy":"product_cat","embeddable":true,"href":"https:\/\/brandss.com.py\/index\/wp-json\/wp\/v2\/product_cat?post=87907"},{"taxonomy":"product_tag","embeddable":true,"href":"https:\/\/brandss.com.py\/index\/wp-json\/wp\/v2\/product_tag?post=87907"}],"curies":[{"name":"wp","href":"https:\/\/api.w.org\/{rel}","templated":true}]}}