{"id":87954,"date":"2025-08-11T13:11:35","date_gmt":"2025-08-11T13:11:35","guid":{"rendered":"https:\/\/brandss.com.py\/index\/?post_type=product&#038;p=87954"},"modified":"2026-03-17T17:31:07","modified_gmt":"2026-03-17T17:31:07","slug":"perfume-femenino-maison-alhambra-leonie-edp-100ml","status":"publish","type":"product","link":"https:\/\/brandss.com.py\/index\/producto\/perfume-femenino-maison-alhambra-leonie-edp-100ml\/","title":{"rendered":"PERFUME FEMENINO MAISON ALHAMBRA LEONIE EDP 100ML"},"content":{"rendered":"<p><img loading=\"lazy\" decoding=\"async\" class=\"\" src=\"https:\/\/perfumescorp.com\/cdn\/shop\/collections\/Maison_Alhambra.webp?v=1690164948\" alt=\"CASA ALHAMBRA \u2013 Perfumes Corp\" width=\"84\" height=\"84\" \/><\/p>\n<h1>LEONIE<\/h1>\n<p>Encarna una elegancia y un encanto exquisitos. Su fusi\u00f3n de frescura c\u00edtrica, delicados florales y sugerentes notas de fondo crea un armonioso viaje olfativo que cautiva los sentidos. <span>Experimente el esp\u00edritu salvaje y apasionado de Leonie.<\/span><\/p>\n<p><span>Este exquisito perfume refleja la lujosa esencia ideal para la mujer contempor\u00e1nea, Leonie ofrece un aroma floral duradero que cautiva all\u00e1 donde vayas.<\/span><\/p>\n<p><img loading=\"lazy\" decoding=\"async\" class=\"alignleft\" src=\"https:\/\/opulensi.com\/cdn\/shop\/files\/Leonie100mlEDPbyMaisonAlhambraperfumenotesandscentprofilediagram.jpg?v=1727036390&amp;width=1946\" width=\"469\" height=\"469\" \/><\/p>\n<h3>Notas Olfativas<\/h3>\n<p>&nbsp;<\/p>\n<p>Representan el arte de la perfumer\u00eda de lujo, con creaciones que combinan tradici\u00f3n, calidad y distinci\u00f3n. Esta prestigiosa marca es conocida por ofrecer fragancias \u00fanicas que capturan la esencia de la sofisticaci\u00f3n y el buen gusto<\/p>\n<p>&nbsp;<\/p>\n<ul>\n<li><strong>Notas de salida:<\/strong> Lavanda, mandarina y bergamota.<\/li>\n<\/ul>\n<p><strong>Notas de coraz\u00f3n:<\/strong> Flor de naranja tunecina, jazm\u00edn sambac y orqu\u00eddea.<\/p>\n<p>&nbsp;<\/p>\n<ul>\n<li><strong>Notas de fondo:<\/strong> Vainilla de Madagascar, haba tonka, \u00e1mbar gris y vetiver.<\/li>\n<\/ul>\n","protected":false},"excerpt":{"rendered":"<p>LEONIE Encarna una elegancia y un encanto exquisitos. Su fusi\u00f3n de frescura c\u00edtrica, delicados florales y sugerentes notas de fondo<\/p>\n","protected":false},"featured_media":87955,"comment_status":"open","ping_status":"closed","template":"","meta":{"nf_dc_page":""},"product_brand":[107],"product_cat":[84],"product_tag":[1533],"class_list":{"0":"post-87954","1":"product","2":"type-product","3":"status-publish","4":"has-post-thumbnail","6":"product_brand-maison-alhambra","7":"product_cat-perfumeria","8":"product_tag-1533","10":"first","11":"instock","12":"shipping-taxable","13":"purchasable","14":"product-type-simple"},"_links":{"self":[{"href":"https:\/\/brandss.com.py\/index\/wp-json\/wp\/v2\/product\/87954","targetHints":{"allow":["GET"]}}],"collection":[{"href":"https:\/\/brandss.com.py\/index\/wp-json\/wp\/v2\/product"}],"about":[{"href":"https:\/\/brandss.com.py\/index\/wp-json\/wp\/v2\/types\/product"}],"replies":[{"embeddable":true,"href":"https:\/\/brandss.com.py\/index\/wp-json\/wp\/v2\/comments?post=87954"}],"version-history":[{"count":1,"href":"https:\/\/brandss.com.py\/index\/wp-json\/wp\/v2\/product\/87954\/revisions"}],"predecessor-version":[{"id":87960,"href":"https:\/\/brandss.com.py\/index\/wp-json\/wp\/v2\/product\/87954\/revisions\/87960"}],"wp:featuredmedia":[{"embeddable":true,"href":"https:\/\/brandss.com.py\/index\/wp-json\/wp\/v2\/media\/87955"}],"wp:attachment":[{"href":"https:\/\/brandss.com.py\/index\/wp-json\/wp\/v2\/media?parent=87954"}],"wp:term":[{"taxonomy":"product_brand","embeddable":true,"href":"https:\/\/brandss.com.py\/index\/wp-json\/wp\/v2\/product_brand?post=87954"},{"taxonomy":"product_cat","embeddable":true,"href":"https:\/\/brandss.com.py\/index\/wp-json\/wp\/v2\/product_cat?post=87954"},{"taxonomy":"product_tag","embeddable":true,"href":"https:\/\/brandss.com.py\/index\/wp-json\/wp\/v2\/product_tag?post=87954"}],"curies":[{"name":"wp","href":"https:\/\/api.w.org\/{rel}","templated":true}]}}