{"id":87962,"date":"2025-08-11T13:46:11","date_gmt":"2025-08-11T13:46:11","guid":{"rendered":"https:\/\/brandss.com.py\/index\/?post_type=product&#038;p=87962"},"modified":"2026-04-16T11:15:05","modified_gmt":"2026-04-16T11:15:05","slug":"perfume-femenino-maison-alhambra-narissa-for-her-edp-100ml","status":"publish","type":"product","link":"https:\/\/brandss.com.py\/index\/producto\/perfume-femenino-maison-alhambra-narissa-for-her-edp-100ml\/","title":{"rendered":"PERFUME FEMENINO MAISON ALHAMBRA NARISSA FOR HER EDP 100ML"},"content":{"rendered":"<p><img loading=\"lazy\" decoding=\"async\" class=\"\" src=\"https:\/\/perfumescorp.com\/cdn\/shop\/collections\/Maison_Alhambra.webp?v=1690164948\" alt=\"CASA ALHAMBRA \u2013 Perfumes Corp\" width=\"113\" height=\"113\" \/><\/p>\n<h1>NARISSA FOR HER<\/h1>\n<p>Es una fragancia sofisticada y lujosa para mujer. El perfume incluye una combinaci\u00f3n de notas refrescantes. Descubra el encanto encantador de\u00a0\u00a0Narissa, una cautivadora\u00a0fragancia femenina. Narissa con los mejores ingredientes, garantizando una fragancia de alta calidad que perdura en el tiempo. El elegante dise\u00f1o del frasco y la larga duraci\u00f3n de la fragancia la convierten en un imprescindible en cualquier colecci\u00f3n de perfumes.<\/p>\n<p><img loading=\"lazy\" decoding=\"async\" class=\"alignleft\" src=\"https:\/\/winkel.com.py\/wp-content\/uploads\/2025\/02\/ca07d01c-e8f0-4dec-824f-94ef72ae784b.jpg\" width=\"567\" height=\"553\" \/><\/p>\n<h3>Notas Olfativas<\/h3>\n<p>&nbsp;<\/p>\n<p><span>Narissa\u00a0<\/span>se abre\u00a0con una vibrante mezcla de\u00a0flor de naranja africana, osmanto y bergamota, creando una deslumbrante nota de salida refrescante y vigorizante. A medida que se despliega, revela un\u00a0\u00a0coraz\u00f3n\u00a0de lujoso\u00a0almizcle\u00a0y c\u00e1lido\u00a0\u00e1mbar, que aporta profundidad y riqueza a la fragancia. Finalmente, las\u00a0\u00a0notas de fondo de\u00a0vetiver, vainilla y pachul\u00ed proporcionan un final duradero y sofisticado que perdura maravillosamente en la piel.<\/p>\n<p>Perteneciente a la\u00a0\u00a0familia de fragancias Floral Amaderada Almizclada<span>, Narissa est\u00e1 dise\u00f1ada para la mujer moderna que encarna la gracia y la confianza. Su intrincada mezcla de notas florales y amaderadas la convierte en la opci\u00f3n ideal para cualquier ocasi\u00f3n, ya sea un d\u00eda en la oficina o una salida nocturna.<\/span><\/p>\n<p>Narissa For Her es una fragancia de la familia olfativa Almizcle Floral Amaderado para Mujeres.\u00a0Narissa For Her\u00a0se lanz\u00f3 en 2022.<\/p>\n<p><strong>Notas de salida:<\/strong> flor de naranja africana, osmanto, bergamota.<\/p>\n<p><strong>Notas de coraz\u00f3n:<\/strong> almizcle, \u00e1mbar.<\/p>\n<p><strong>Notas de fondo:<\/strong> vetiver, vainilla, pachul\u00ed.<\/p>\n","protected":false},"excerpt":{"rendered":"<p>NARISSA FOR HER Es una fragancia sofisticada y lujosa para mujer. El perfume incluye una combinaci\u00f3n de notas refrescantes. Descubra<\/p>\n","protected":false},"featured_media":87964,"comment_status":"open","ping_status":"closed","template":"","meta":{"nf_dc_page":""},"product_brand":[107],"product_cat":[84],"product_tag":[716],"class_list":{"0":"post-87962","1":"product","2":"type-product","3":"status-publish","4":"has-post-thumbnail","6":"product_brand-maison-alhambra","7":"product_cat-perfumeria","8":"product_tag-716","10":"first","11":"instock","12":"sale","13":"shipping-taxable","14":"purchasable","15":"product-type-simple"},"_links":{"self":[{"href":"https:\/\/brandss.com.py\/index\/wp-json\/wp\/v2\/product\/87962","targetHints":{"allow":["GET"]}}],"collection":[{"href":"https:\/\/brandss.com.py\/index\/wp-json\/wp\/v2\/product"}],"about":[{"href":"https:\/\/brandss.com.py\/index\/wp-json\/wp\/v2\/types\/product"}],"replies":[{"embeddable":true,"href":"https:\/\/brandss.com.py\/index\/wp-json\/wp\/v2\/comments?post=87962"}],"version-history":[{"count":1,"href":"https:\/\/brandss.com.py\/index\/wp-json\/wp\/v2\/product\/87962\/revisions"}],"predecessor-version":[{"id":87973,"href":"https:\/\/brandss.com.py\/index\/wp-json\/wp\/v2\/product\/87962\/revisions\/87973"}],"wp:featuredmedia":[{"embeddable":true,"href":"https:\/\/brandss.com.py\/index\/wp-json\/wp\/v2\/media\/87964"}],"wp:attachment":[{"href":"https:\/\/brandss.com.py\/index\/wp-json\/wp\/v2\/media?parent=87962"}],"wp:term":[{"taxonomy":"product_brand","embeddable":true,"href":"https:\/\/brandss.com.py\/index\/wp-json\/wp\/v2\/product_brand?post=87962"},{"taxonomy":"product_cat","embeddable":true,"href":"https:\/\/brandss.com.py\/index\/wp-json\/wp\/v2\/product_cat?post=87962"},{"taxonomy":"product_tag","embeddable":true,"href":"https:\/\/brandss.com.py\/index\/wp-json\/wp\/v2\/product_tag?post=87962"}],"curies":[{"name":"wp","href":"https:\/\/api.w.org\/{rel}","templated":true}]}}